{"id":1121,"date":"2020-04-16T23:15:51","date_gmt":"2020-04-16T23:15:51","guid":{"rendered":"https:\/\/instaon.io\/blog\/?page_id=1121"},"modified":"2020-04-16T23:25:31","modified_gmt":"2020-04-16T23:25:31","slug":"painel-de-controle-da-instaon","status":"publish","type":"page","link":"https:\/\/shown.io\/blog\/?page_id=1121&lang=pt","title":{"rendered":"Painel de Controle da Instaon"},"content":{"rendered":"\t\t<div data-elementor-type=\"wp-page\" data-elementor-id=\"1121\" class=\"elementor elementor-1121\">\n\t\t\t\t\t\t<div class=\"elementor-inner\">\n\t\t\t\t<div class=\"elementor-section-wrap\">\n\t\t\t\t\t\t\t\t\t<section class=\"elementor-section elementor-top-section elementor-element elementor-element-9f446e5 elementor-section-boxed elementor-section-height-default elementor-section-height-default\" data-id=\"9f446e5\" data-element_type=\"section\">\n\t\t\t\t\t\t<div class=\"elementor-container elementor-column-gap-default\">\n\t\t\t\t\t\t\t<div class=\"elementor-row\">\n\t\t\t\t\t<div class=\"elementor-column elementor-col-100 elementor-top-column elementor-element elementor-element-88986e1\" data-id=\"88986e1\" data-element_type=\"column\">\n\t\t\t<div class=\"elementor-column-wrap elementor-element-populated\">\n\t\t\t\t\t\t\t<div class=\"elementor-widget-wrap\">\n\t\t\t\t\t\t<div class=\"elementor-element elementor-element-d69cf98 elementor-widget elementor-widget-text-editor\" data-id=\"d69cf98\" data-element_type=\"widget\" data-widget_type=\"text-editor.default\">\n\t\t\t\t<div class=\"elementor-widget-container\">\n\t\t\t\t\t\t\t\t<div class=\"elementor-text-editor elementor-clearfix\">\n\t\t\t\t<p>Seu painel de controle da Instaon tamb\u00e9m ser\u00e1 a sua nova p\u00e1gina inicial. Ele mostra as informa\u00e7\u00f5es mais importantes sobre suas campanhas publicit\u00e1rias, seu saldo e artigos relevantes para aumentar seu conhecimento de marketing.<\/p><ul><li><a href=\"https:\/\/instaon.io\/blog\/en\/overall-metrics\/\">M\u00e9tricas gerais<\/a><\/li><li>Saldo na Instaon\u00a0<\/li><li>Centro de Aprendizagem\u00a0<\/li><\/ul><p>No painel, voc\u00ea tamb\u00e9m pode navegar facilmente para as outras p\u00e1ginas principais da Instaon. Ah e &#8230; criar novas campanha est\u00e1 a apenas um clique de dist\u00e2ncia! \ud83d\ude09<\/p>\t\t\t\t\t<\/div>\n\t\t\t\t\t\t<\/div>\n\t\t\t\t<\/div>\n\t\t\t\t\t\t<\/div>\n\t\t\t\t\t<\/div>\n\t\t<\/div>\n\t\t\t\t\t\t\t\t<\/div>\n\t\t\t\t\t<\/div>\n\t\t<\/section>\n\t\t\t\t\t\t\t\t\t<\/div>\n\t\t\t<\/div>\n\t\t\t\t\t<\/div>\n\t\t","protected":false},"excerpt":{"rendered":"<p>Seu painel de controle da Instaon tamb\u00e9m ser\u00e1 a sua nova p\u00e1gina inicial. Ele mostra as informa\u00e7\u00f5es mais importantes sobre suas campanhas publicit\u00e1rias, seu saldo e artigos relevantes para aumentar seu conhecimento de marketing. M\u00e9tricas gerais Saldo na Instaon Centro de Aprendizagem No painel, voc\u00ea tamb\u00e9m pode navegar facilmente para as outras p\u00e1ginas principais da [&hellip;]<\/p>\n","protected":false},"author":9,"featured_media":721,"parent":0,"menu_order":0,"comment_status":"closed","ping_status":"closed","template":"","meta":{"_bbp_topic_count":0,"_bbp_reply_count":0,"_bbp_total_topic_count":0,"_bbp_total_reply_count":0,"_bbp_voice_count":0,"_bbp_anonymous_reply_count":0,"_bbp_topic_count_hidden":0,"_bbp_reply_count_hidden":0,"_bbp_forum_subforum_count":0,"inline_featured_image":false,"footnotes":""},"class_list":["post-1121","page","type-page","status-publish","has-post-thumbnail","hentry"],"yoast_head":"<!-- This site is optimized with the Yoast SEO plugin v20.10 - https:\/\/yoast.com\/wordpress\/plugins\/seo\/ -->\n<title>Painel de Controle da Instaon - Shown Blog<\/title>\n<meta name=\"robots\" content=\"index, follow, max-snippet:-1, max-image-preview:large, max-video-preview:-1\" \/>\n<link rel=\"canonical\" href=\"https:\/\/shown.io\/blog\/?page_id=1121&lang=pt\" \/>\n<meta property=\"og:locale\" content=\"en_US\" \/>\n<meta property=\"og:type\" content=\"article\" \/>\n<meta property=\"og:title\" content=\"Painel de Controle da Instaon - Shown Blog\" \/>\n<meta property=\"og:description\" content=\"Seu painel de controle da Instaon tamb\u00e9m ser\u00e1 a sua nova p\u00e1gina inicial. Ele mostra as informa\u00e7\u00f5es mais importantes sobre suas campanhas publicit\u00e1rias, seu saldo e artigos relevantes para aumentar seu conhecimento de marketing. M\u00e9tricas gerais Saldo na Instaon Centro de Aprendizagem No painel, voc\u00ea tamb\u00e9m pode navegar facilmente para as outras p\u00e1ginas principais da [&hellip;]\" \/>\n<meta property=\"og:url\" content=\"https:\/\/shown.io\/blog\/?page_id=1121&amp;lang=pt\" \/>\n<meta property=\"og:site_name\" content=\"Shown Blog\" \/>\n<meta property=\"article:modified_time\" content=\"2020-04-16T23:25:31+00:00\" \/>\n<meta property=\"og:image\" content=\"https:\/\/shown.io\/blog\/wp-content\/uploads\/2020\/04\/Academy_banner_allarticles.png\" \/>\n\t<meta property=\"og:image:width\" content=\"2398\" \/>\n\t<meta property=\"og:image:height\" content=\"636\" \/>\n\t<meta property=\"og:image:type\" content=\"image\/png\" \/>\n<meta name=\"twitter:card\" content=\"summary_large_image\" \/>\n<script type=\"application\/ld+json\" class=\"yoast-schema-graph\">{\"@context\":\"https:\/\/schema.org\",\"@graph\":[{\"@type\":\"WebPage\",\"@id\":\"https:\/\/shown.io\/blog\/?page_id=1121&lang=pt\",\"url\":\"https:\/\/shown.io\/blog\/?page_id=1121&lang=pt\",\"name\":\"Painel de Controle da Instaon - Shown Blog\",\"isPartOf\":{\"@id\":\"https:\/\/shown.io\/blog\/#website\"},\"datePublished\":\"2020-04-16T23:15:51+00:00\",\"dateModified\":\"2020-04-16T23:25:31+00:00\",\"breadcrumb\":{\"@id\":\"https:\/\/shown.io\/blog\/?page_id=1121&lang=pt#breadcrumb\"},\"inLanguage\":\"en-US\",\"potentialAction\":[{\"@type\":\"ReadAction\",\"target\":[\"https:\/\/shown.io\/blog\/?page_id=1121&lang=pt\"]}]},{\"@type\":\"BreadcrumbList\",\"@id\":\"https:\/\/shown.io\/blog\/?page_id=1121&lang=pt#breadcrumb\",\"itemListElement\":[{\"@type\":\"ListItem\",\"position\":1,\"name\":\"Home\",\"item\":\"https:\/\/shown.io\/blog\/\"},{\"@type\":\"ListItem\",\"position\":2,\"name\":\"Painel de Controle da Instaon\"}]},{\"@type\":\"WebSite\",\"@id\":\"https:\/\/shown.io\/blog\/#website\",\"url\":\"https:\/\/shown.io\/blog\/\",\"name\":\"Shown Blog\",\"description\":\"A blog about marketing optimization for smart companies\",\"publisher\":{\"@id\":\"https:\/\/shown.io\/blog\/#organization\"},\"potentialAction\":[{\"@type\":\"SearchAction\",\"target\":{\"@type\":\"EntryPoint\",\"urlTemplate\":\"https:\/\/shown.io\/blog\/?s={search_term_string}\"},\"query-input\":\"required name=search_term_string\"}],\"inLanguage\":\"en-US\"},{\"@type\":\"Organization\",\"@id\":\"https:\/\/shown.io\/blog\/#organization\",\"name\":\"Instaon\",\"url\":\"https:\/\/shown.io\/blog\/\",\"logo\":{\"@type\":\"ImageObject\",\"inLanguage\":\"en-US\",\"@id\":\"https:\/\/shown.io\/blog\/#\/schema\/logo\/image\/\",\"url\":\"https:\/\/shown.io\/blog\/wp-content\/uploads\/2020\/06\/Logo_Main_White.png\",\"contentUrl\":\"https:\/\/shown.io\/blog\/wp-content\/uploads\/2020\/06\/Logo_Main_White.png\",\"width\":1024,\"height\":1024,\"caption\":\"Instaon\"},\"image\":{\"@id\":\"https:\/\/shown.io\/blog\/#\/schema\/logo\/image\/\"}}]}<\/script>\n<!-- \/ Yoast SEO plugin. -->","yoast_head_json":{"title":"Painel de Controle da Instaon - Shown Blog","robots":{"index":"index","follow":"follow","max-snippet":"max-snippet:-1","max-image-preview":"max-image-preview:large","max-video-preview":"max-video-preview:-1"},"canonical":"https:\/\/shown.io\/blog\/?page_id=1121&lang=pt","og_locale":"en_US","og_type":"article","og_title":"Painel de Controle da Instaon - Shown Blog","og_description":"Seu painel de controle da Instaon tamb\u00e9m ser\u00e1 a sua nova p\u00e1gina inicial. Ele mostra as informa\u00e7\u00f5es mais importantes sobre suas campanhas publicit\u00e1rias, seu saldo e artigos relevantes para aumentar seu conhecimento de marketing. M\u00e9tricas gerais Saldo na Instaon Centro de Aprendizagem No painel, voc\u00ea tamb\u00e9m pode navegar facilmente para as outras p\u00e1ginas principais da [&hellip;]","og_url":"https:\/\/shown.io\/blog\/?page_id=1121&lang=pt","og_site_name":"Shown Blog","article_modified_time":"2020-04-16T23:25:31+00:00","og_image":[{"width":2398,"height":636,"url":"https:\/\/shown.io\/blog\/wp-content\/uploads\/2020\/04\/Academy_banner_allarticles.png","type":"image\/png"}],"twitter_card":"summary_large_image","schema":{"@context":"https:\/\/schema.org","@graph":[{"@type":"WebPage","@id":"https:\/\/shown.io\/blog\/?page_id=1121&lang=pt","url":"https:\/\/shown.io\/blog\/?page_id=1121&lang=pt","name":"Painel de Controle da Instaon - Shown Blog","isPartOf":{"@id":"https:\/\/shown.io\/blog\/#website"},"datePublished":"2020-04-16T23:15:51+00:00","dateModified":"2020-04-16T23:25:31+00:00","breadcrumb":{"@id":"https:\/\/shown.io\/blog\/?page_id=1121&lang=pt#breadcrumb"},"inLanguage":"en-US","potentialAction":[{"@type":"ReadAction","target":["https:\/\/shown.io\/blog\/?page_id=1121&lang=pt"]}]},{"@type":"BreadcrumbList","@id":"https:\/\/shown.io\/blog\/?page_id=1121&lang=pt#breadcrumb","itemListElement":[{"@type":"ListItem","position":1,"name":"Home","item":"https:\/\/shown.io\/blog\/"},{"@type":"ListItem","position":2,"name":"Painel de Controle da Instaon"}]},{"@type":"WebSite","@id":"https:\/\/shown.io\/blog\/#website","url":"https:\/\/shown.io\/blog\/","name":"Shown Blog","description":"A blog about marketing optimization for smart companies","publisher":{"@id":"https:\/\/shown.io\/blog\/#organization"},"potentialAction":[{"@type":"SearchAction","target":{"@type":"EntryPoint","urlTemplate":"https:\/\/shown.io\/blog\/?s={search_term_string}"},"query-input":"required name=search_term_string"}],"inLanguage":"en-US"},{"@type":"Organization","@id":"https:\/\/shown.io\/blog\/#organization","name":"Instaon","url":"https:\/\/shown.io\/blog\/","logo":{"@type":"ImageObject","inLanguage":"en-US","@id":"https:\/\/shown.io\/blog\/#\/schema\/logo\/image\/","url":"https:\/\/shown.io\/blog\/wp-content\/uploads\/2020\/06\/Logo_Main_White.png","contentUrl":"https:\/\/shown.io\/blog\/wp-content\/uploads\/2020\/06\/Logo_Main_White.png","width":1024,"height":1024,"caption":"Instaon"},"image":{"@id":"https:\/\/shown.io\/blog\/#\/schema\/logo\/image\/"}}]}},"_links":{"self":[{"href":"https:\/\/shown.io\/blog\/index.php?rest_route=\/wp\/v2\/pages\/1121","targetHints":{"allow":["GET"]}}],"collection":[{"href":"https:\/\/shown.io\/blog\/index.php?rest_route=\/wp\/v2\/pages"}],"about":[{"href":"https:\/\/shown.io\/blog\/index.php?rest_route=\/wp\/v2\/types\/page"}],"author":[{"embeddable":true,"href":"https:\/\/shown.io\/blog\/index.php?rest_route=\/wp\/v2\/users\/9"}],"replies":[{"embeddable":true,"href":"https:\/\/shown.io\/blog\/index.php?rest_route=%2Fwp%2Fv2%2Fcomments&post=1121"}],"version-history":[{"count":3,"href":"https:\/\/shown.io\/blog\/index.php?rest_route=\/wp\/v2\/pages\/1121\/revisions"}],"predecessor-version":[{"id":1125,"href":"https:\/\/shown.io\/blog\/index.php?rest_route=\/wp\/v2\/pages\/1121\/revisions\/1125"}],"wp:featuredmedia":[{"embeddable":true,"href":"https:\/\/shown.io\/blog\/index.php?rest_route=\/wp\/v2\/media\/721"}],"wp:attachment":[{"href":"https:\/\/shown.io\/blog\/index.php?rest_route=%2Fwp%2Fv2%2Fmedia&parent=1121"}],"curies":[{"name":"wp","href":"https:\/\/api.w.org\/{rel}","templated":true}]}}