{"id":1244,"date":"2020-04-18T13:11:00","date_gmt":"2020-04-18T13:11:00","guid":{"rendered":"https:\/\/instaon.io\/blog\/?page_id=1244"},"modified":"2020-04-18T14:21:27","modified_gmt":"2020-04-18T14:21:27","slug":"arama-reklamlari-metin-reklamlar","status":"publish","type":"page","link":"https:\/\/shown.io\/blog\/?page_id=1244&lang=tr","title":{"rendered":"Arama Reklamlar\u0131 Metin Reklamlar"},"content":{"rendered":"\t\t<div data-elementor-type=\"wp-page\" data-elementor-id=\"1244\" class=\"elementor elementor-1244\">\n\t\t\t\t\t\t<div class=\"elementor-inner\">\n\t\t\t\t<div class=\"elementor-section-wrap\">\n\t\t\t\t\t\t\t\t\t<section class=\"elementor-section elementor-top-section elementor-element elementor-element-0a806e8 elementor-section-boxed elementor-section-height-default elementor-section-height-default\" data-id=\"0a806e8\" data-element_type=\"section\">\n\t\t\t\t\t\t<div class=\"elementor-container elementor-column-gap-default\">\n\t\t\t\t\t\t\t<div class=\"elementor-row\">\n\t\t\t\t\t<div class=\"elementor-column elementor-col-100 elementor-top-column elementor-element elementor-element-c285c9d\" data-id=\"c285c9d\" data-element_type=\"column\">\n\t\t\t<div class=\"elementor-column-wrap elementor-element-populated\">\n\t\t\t\t\t\t\t<div class=\"elementor-widget-wrap\">\n\t\t\t\t\t\t<div class=\"elementor-element elementor-element-2a2773c elementor-widget elementor-widget-text-editor\" data-id=\"2a2773c\" data-element_type=\"widget\" data-widget_type=\"text-editor.default\">\n\t\t\t\t<div class=\"elementor-widget-container\">\n\t\t\t\t\t\t\t\t<div class=\"elementor-text-editor elementor-clearfix\">\n\t\t\t\t<p>Google veya Microsoft Reklamlar\u0131 kampanyalar\u0131n\u0131 olu\u015ftururken bir temel reklam \u015fablonu olu\u015fturmal\u0131s\u0131n\u0131z. Bu \u015fablon optimizasyon s\u00fcrecinde sizin reklam sonu\u00e7lar\u0131n\u0131z\u0131 iyile\u015ftirmek i\u00e7in kullan\u0131lacakt\u0131r.<\/p><p><span style=\"font-size: 1.125rem;\">Reklam \u015fablonu ba\u015fl\u0131k, a\u00e7\u0131klama, website URL&#8217;si ve telefon numaras\u0131ndan (opsiyonel) olu\u015fmaktad\u0131r. Daha ileri seviye ayarlar mevcuttur ancak bunlar daha sonra konu\u015fulacakt\u0131r.<\/span><\/p><p>Reklam \u015fablonunuz reklam\u0131n\u0131z arama motorlar\u0131nda her tetiklendi\u011finde insanlara g\u00f6sterilecektir. Bunun ne kadar \u00f6nemli oldu\u011funu anlatmaya gerek yok&#8230;<\/p><p>Reklam \u015fablonunuzu olu\u015ftururken bu listeyi g\u00f6z \u00f6n\u00fcnde bulundurun:<\/p><ol><li><span style=\"font-size: 1.125rem;\">Sundu\u011funuz avantajlara odaklanarak mesaj olu\u015fturmak<\/span><\/li><li><span style=\"font-size: 1.125rem;\">Ba\u015fl\u0131klar\u0131n\u0131za odaklan\u0131n. Ba\u015fl\u0131klar\u0131n\u0131z\u0131n kalitesi reklamlar\u0131n\u0131z\u0131n ne kadar iyi performans sergileyece\u011fini belirleyecektir.<\/span><\/li><li><span style=\"font-size: 1.125rem;\">Unutmay\u0131n ki 1. ba\u015fl\u0131k 2. ve 3. ba\u015fl\u0131klardan daha \u00f6nemlidir.<\/span><\/li><li><span style=\"font-size: 1.125rem;\">Olabildi\u011fince uzun ba\u015fl\u0131klar ve a\u00e7\u0131klama metinleri olu\u015fturmay\u0131 hedefleyin.<\/span><\/li><li><span style=\"font-size: 1.125rem;\">En \u00f6nemli anahtar kelimelerinizi ba\u015fl\u0131klar\u0131n\u0131za dahil edin.<\/span><\/li><\/ol>\t\t\t\t\t<\/div>\n\t\t\t\t\t\t<\/div>\n\t\t\t\t<\/div>\n\t\t\t\t\t\t<\/div>\n\t\t\t\t\t<\/div>\n\t\t<\/div>\n\t\t\t\t\t\t\t\t<\/div>\n\t\t\t\t\t<\/div>\n\t\t<\/section>\n\t\t\t\t<section class=\"elementor-section elementor-top-section elementor-element elementor-element-da40c51 elementor-section-boxed elementor-section-height-default elementor-section-height-default\" data-id=\"da40c51\" data-element_type=\"section\">\n\t\t\t\t\t\t<div class=\"elementor-container elementor-column-gap-default\">\n\t\t\t\t\t\t\t<div class=\"elementor-row\">\n\t\t\t\t\t<div class=\"elementor-column elementor-col-100 elementor-top-column elementor-element elementor-element-100ffa9\" data-id=\"100ffa9\" data-element_type=\"column\">\n\t\t\t<div class=\"elementor-column-wrap elementor-element-populated\">\n\t\t\t\t\t\t\t<div class=\"elementor-widget-wrap\">\n\t\t\t\t\t\t<div class=\"elementor-element elementor-element-2d9efbc elementor-widget elementor-widget-heading\" data-id=\"2d9efbc\" data-element_type=\"widget\" data-widget_type=\"heading.default\">\n\t\t\t\t<div class=\"elementor-widget-container\">\n\t\t\t<h5 class=\"elementor-heading-title elementor-size-default\">Reklam ba\u015fl\u0131klar\u0131 &amp; a\u00e7\u0131klama metni<\/h5>\t\t<\/div>\n\t\t\t\t<\/div>\n\t\t\t\t\t\t<\/div>\n\t\t\t\t\t<\/div>\n\t\t<\/div>\n\t\t\t\t\t\t\t\t<\/div>\n\t\t\t\t\t<\/div>\n\t\t<\/section>\n\t\t\t\t<section class=\"elementor-section elementor-top-section elementor-element elementor-element-f38f04b elementor-section-boxed elementor-section-height-default elementor-section-height-default\" data-id=\"f38f04b\" data-element_type=\"section\">\n\t\t\t\t\t\t<div class=\"elementor-container elementor-column-gap-default\">\n\t\t\t\t\t\t\t<div class=\"elementor-row\">\n\t\t\t\t\t<div class=\"elementor-column elementor-col-100 elementor-top-column elementor-element elementor-element-7a5972b\" data-id=\"7a5972b\" data-element_type=\"column\">\n\t\t\t<div class=\"elementor-column-wrap elementor-element-populated\">\n\t\t\t\t\t\t\t<div class=\"elementor-widget-wrap\">\n\t\t\t\t\t\t<div class=\"elementor-element elementor-element-0cca810 elementor-widget elementor-widget-image\" data-id=\"0cca810\" data-element_type=\"widget\" data-widget_type=\"image.default\">\n\t\t\t\t<div class=\"elementor-widget-container\">\n\t\t\t\t\t\t\t\t<div class=\"elementor-image\">\n\t\t\t\t\t\t\t\t\t\t\t\t<img loading=\"lazy\" decoding=\"async\" width=\"808\" height=\"337\" src=\"https:\/\/shown.io\/blog\/wp-content\/uploads\/2020\/04\/ad-details-1.png\" class=\"attachment-large size-large wp-image-837\" alt=\"\" srcset=\"https:\/\/shown.io\/blog\/wp-content\/uploads\/2020\/04\/ad-details-1.png 808w, https:\/\/shown.io\/blog\/wp-content\/uploads\/2020\/04\/ad-details-1-300x125.png 300w, https:\/\/shown.io\/blog\/wp-content\/uploads\/2020\/04\/ad-details-1-768x320.png 768w\" sizes=\"auto, (max-width: 808px) 100vw, 808px\" \/>\t\t\t\t\t\t\t\t\t\t\t\t\t\t<\/div>\n\t\t\t\t\t\t<\/div>\n\t\t\t\t<\/div>\n\t\t\t\t\t\t<\/div>\n\t\t\t\t\t<\/div>\n\t\t<\/div>\n\t\t\t\t\t\t\t\t<\/div>\n\t\t\t\t\t<\/div>\n\t\t<\/section>\n\t\t\t\t<section class=\"elementor-section elementor-top-section elementor-element elementor-element-0b1abef elementor-section-boxed elementor-section-height-default elementor-section-height-default\" data-id=\"0b1abef\" data-element_type=\"section\">\n\t\t\t\t\t\t<div class=\"elementor-container elementor-column-gap-default\">\n\t\t\t\t\t\t\t<div class=\"elementor-row\">\n\t\t\t\t\t<div class=\"elementor-column elementor-col-100 elementor-top-column elementor-element elementor-element-e7fc59b\" data-id=\"e7fc59b\" data-element_type=\"column\">\n\t\t\t<div class=\"elementor-column-wrap elementor-element-populated\">\n\t\t\t\t\t\t\t<div class=\"elementor-widget-wrap\">\n\t\t\t\t\t\t<div class=\"elementor-element elementor-element-1b65dde elementor-widget elementor-widget-text-editor\" data-id=\"1b65dde\" data-element_type=\"widget\" data-widget_type=\"text-editor.default\">\n\t\t\t\t<div class=\"elementor-widget-container\">\n\t\t\t\t\t\t\t\t<div class=\"elementor-text-editor elementor-clearfix\">\n\t\t\t\t<p><strong>Yapman\u0131z gerekenler:<\/strong><\/p><ul><li>\u00dc\u00e7\u00fcnc\u00fc ba\u015fl\u0131k tercihe ba\u011fl\u0131 olsa da bir tane olu\u015fturulmas\u0131n\u0131 kesinlikle \u00f6neririz.<\/li><li>En \u00f6nemli mesaj\u0131n\u0131z\u0131 ba\u015fl\u0131\u011fa dahil edin: ne sunuyorsunuz ve kullan\u0131c\u0131lar bundan nas\u0131l faydalanabilir.<\/li><li>Uzun ba\u015fl\u0131klar ve a\u00e7\u0131klama metinleri olu\u015fturmay\u0131 hedefleyin. Bu sayede reklamalar\u0131n\u0131z\u0131n t\u0131klanabilir alan\u0131 daha fazla olacakt\u0131r.<\/li><\/ul><p><strong>Yapmaman\u0131z gerekenler:<\/strong><\/p><ul><li><span style=\"font-size: 1.125rem;\">Telefon numaran\u0131z\u0131 yazmay\u0131n.<\/span><\/li><li><span style=\"font-size: 1.125rem;\">1 taneden fazla \u00f6zel karakter (%@#) kullanmay\u0131n.<\/span><\/li><li><span style=\"font-size: 1.125rem;\">Avoid using exclamation marks (!) \u00dcnlem i\u015fareti (!) kullanmaktan ka\u00e7\u0131n\u0131n.<\/span><\/li><li><span style=\"font-size: 1.125rem;\">Ayn\u0131 ba\u015fl\u0131\u011f\u0131 tekrar yazmay\u0131n.<\/span><\/li><\/ul>\t\t\t\t\t<\/div>\n\t\t\t\t\t\t<\/div>\n\t\t\t\t<\/div>\n\t\t\t\t\t\t<\/div>\n\t\t\t\t\t<\/div>\n\t\t<\/div>\n\t\t\t\t\t\t\t\t<\/div>\n\t\t\t\t\t<\/div>\n\t\t<\/section>\n\t\t\t\t<section class=\"elementor-section elementor-top-section elementor-element elementor-element-1a5c8a6 elementor-section-boxed elementor-section-height-default elementor-section-height-default\" data-id=\"1a5c8a6\" data-element_type=\"section\">\n\t\t\t\t\t\t<div class=\"elementor-container elementor-column-gap-default\">\n\t\t\t\t\t\t\t<div class=\"elementor-row\">\n\t\t\t\t\t<div class=\"elementor-column elementor-col-100 elementor-top-column elementor-element elementor-element-a1bf2a0\" data-id=\"a1bf2a0\" data-element_type=\"column\">\n\t\t\t<div class=\"elementor-column-wrap elementor-element-populated\">\n\t\t\t\t\t\t\t<div class=\"elementor-widget-wrap\">\n\t\t\t\t\t\t<div class=\"elementor-element elementor-element-88d0686 elementor-widget elementor-widget-heading\" data-id=\"88d0686\" data-element_type=\"widget\" data-widget_type=\"heading.default\">\n\t\t\t\t<div class=\"elementor-widget-container\">\n\t\t\t<h5 class=\"elementor-heading-title elementor-size-default\">Telefon numaras\u0131<\/h5>\t\t<\/div>\n\t\t\t\t<\/div>\n\t\t\t\t\t\t<\/div>\n\t\t\t\t\t<\/div>\n\t\t<\/div>\n\t\t\t\t\t\t\t\t<\/div>\n\t\t\t\t\t<\/div>\n\t\t<\/section>\n\t\t\t\t<section class=\"elementor-section elementor-top-section elementor-element elementor-element-bc53629 elementor-section-boxed elementor-section-height-default elementor-section-height-default\" data-id=\"bc53629\" data-element_type=\"section\">\n\t\t\t\t\t\t<div class=\"elementor-container elementor-column-gap-default\">\n\t\t\t\t\t\t\t<div class=\"elementor-row\">\n\t\t\t\t\t<div class=\"elementor-column elementor-col-100 elementor-top-column elementor-element elementor-element-0efc64e\" data-id=\"0efc64e\" data-element_type=\"column\">\n\t\t\t<div class=\"elementor-column-wrap elementor-element-populated\">\n\t\t\t\t\t\t\t<div class=\"elementor-widget-wrap\">\n\t\t\t\t\t\t<div class=\"elementor-element elementor-element-b0e20a0 elementor-widget elementor-widget-image\" data-id=\"b0e20a0\" data-element_type=\"widget\" data-widget_type=\"image.default\">\n\t\t\t\t<div class=\"elementor-widget-container\">\n\t\t\t\t\t\t\t\t<div class=\"elementor-image\">\n\t\t\t\t\t\t\t\t\t\t\t\t<img loading=\"lazy\" decoding=\"async\" width=\"792\" height=\"103\" src=\"https:\/\/shown.io\/blog\/wp-content\/uploads\/2020\/04\/phone-number-1.png\" class=\"attachment-large size-large wp-image-839\" alt=\"\" srcset=\"https:\/\/shown.io\/blog\/wp-content\/uploads\/2020\/04\/phone-number-1.png 792w, https:\/\/shown.io\/blog\/wp-content\/uploads\/2020\/04\/phone-number-1-300x39.png 300w, https:\/\/shown.io\/blog\/wp-content\/uploads\/2020\/04\/phone-number-1-768x100.png 768w\" sizes=\"auto, (max-width: 792px) 100vw, 792px\" \/>\t\t\t\t\t\t\t\t\t\t\t\t\t\t<\/div>\n\t\t\t\t\t\t<\/div>\n\t\t\t\t<\/div>\n\t\t\t\t\t\t<\/div>\n\t\t\t\t\t<\/div>\n\t\t<\/div>\n\t\t\t\t\t\t\t\t<\/div>\n\t\t\t\t\t<\/div>\n\t\t<\/section>\n\t\t\t\t<section class=\"elementor-section elementor-top-section elementor-element elementor-element-b022b03 elementor-section-boxed elementor-section-height-default elementor-section-height-default\" data-id=\"b022b03\" data-element_type=\"section\">\n\t\t\t\t\t\t<div class=\"elementor-container elementor-column-gap-default\">\n\t\t\t\t\t\t\t<div class=\"elementor-row\">\n\t\t\t\t\t<div class=\"elementor-column elementor-col-100 elementor-top-column elementor-element elementor-element-2ba36a8\" data-id=\"2ba36a8\" data-element_type=\"column\">\n\t\t\t<div class=\"elementor-column-wrap elementor-element-populated\">\n\t\t\t\t\t\t\t<div class=\"elementor-widget-wrap\">\n\t\t\t\t\t\t<div class=\"elementor-element elementor-element-4995f3a elementor-widget elementor-widget-text-editor\" data-id=\"4995f3a\" data-element_type=\"widget\" data-widget_type=\"text-editor.default\">\n\t\t\t\t<div class=\"elementor-widget-container\">\n\t\t\t\t\t\t\t\t<div class=\"elementor-text-editor elementor-clearfix\">\n\t\t\t\t<p><span style=\"font-size: 1.125rem;\">E\u011fer &#8220;Daha fazla telefon aramas\u0131&#8221; se\u00e7ene\u011fini reklam hedefiniz olarak belirlediyseniz, telefon numaran\u0131z\u0131 girmenizi isteyece\u011fiz.\u00a0<\/span><span style=\"font-size: 1.125rem;\"><br \/><\/span><\/p><p><span style=\"font-size: 1.125rem;\">Daha fazla telefon aramas\u0131 almak i\u00e7in telefon numaran\u0131z\u0131 reklamlar\u0131n\u0131zda \u00f6n plana \u00e7\u0131kartman\u0131z gerekir. Bu sayede potansiyel m\u00fc\u015fterileriniz sizi ak\u0131ll\u0131 telefonlar\u0131ndan do\u011frudan arayabilirler.<\/span><\/p><p>\u00a0<\/p>\t\t\t\t\t<\/div>\n\t\t\t\t\t\t<\/div>\n\t\t\t\t<\/div>\n\t\t\t\t\t\t<\/div>\n\t\t\t\t\t<\/div>\n\t\t<\/div>\n\t\t\t\t\t\t\t\t<\/div>\n\t\t\t\t\t<\/div>\n\t\t<\/section>\n\t\t\t\t\t\t\t\t\t<\/div>\n\t\t\t<\/div>\n\t\t\t\t\t<\/div>\n\t\t","protected":false},"excerpt":{"rendered":"<p>Google veya Microsoft Reklamlar\u0131 kampanyalar\u0131n\u0131 olu\u015ftururken bir temel reklam \u015fablonu olu\u015fturmal\u0131s\u0131n\u0131z. Bu \u015fablon optimizasyon s\u00fcrecinde sizin reklam sonu\u00e7lar\u0131n\u0131z\u0131 iyile\u015ftirmek i\u00e7in kullan\u0131lacakt\u0131r. Reklam \u015fablonu ba\u015fl\u0131k, a\u00e7\u0131klama, website URL&#8217;si ve telefon numaras\u0131ndan (opsiyonel) olu\u015fmaktad\u0131r. Daha ileri seviye ayarlar mevcuttur ancak bunlar daha sonra konu\u015fulacakt\u0131r. Reklam \u015fablonunuz reklam\u0131n\u0131z arama motorlar\u0131nda her tetiklendi\u011finde insanlara g\u00f6sterilecektir. Bunun ne kadar \u00f6nemli [&hellip;]<\/p>\n","protected":false},"author":7,"featured_media":721,"parent":0,"menu_order":0,"comment_status":"closed","ping_status":"closed","template":"","meta":{"_bbp_topic_count":0,"_bbp_reply_count":0,"_bbp_total_topic_count":0,"_bbp_total_reply_count":0,"_bbp_voice_count":0,"_bbp_anonymous_reply_count":0,"_bbp_topic_count_hidden":0,"_bbp_reply_count_hidden":0,"_bbp_forum_subforum_count":0,"inline_featured_image":false,"footnotes":""},"class_list":["post-1244","page","type-page","status-publish","has-post-thumbnail","hentry"],"yoast_head":"<!-- This site is optimized with the Yoast SEO plugin v20.10 - https:\/\/yoast.com\/wordpress\/plugins\/seo\/ -->\n<title>Arama Reklamlar\u0131 Metin Reklamlar - Shown Blog<\/title>\n<meta name=\"description\" content=\"Google veya Microsoft Reklamlar\u0131 kampanyalar\u0131n\u0131 olu\u015ftururken bir temel reklam \u015fablonu olu\u015fturmal\u0131s\u0131n\u0131z. Bu \u015fablon optimizasyon s\u00fcrecinde sizin reklam...\" \/>\n<meta name=\"robots\" content=\"index, follow, max-snippet:-1, max-image-preview:large, max-video-preview:-1\" \/>\n<link rel=\"canonical\" href=\"https:\/\/shown.io\/blog\/?page_id=1244&lang=tr\" \/>\n<meta property=\"og:locale\" content=\"en_US\" \/>\n<meta property=\"og:type\" content=\"article\" \/>\n<meta property=\"og:title\" content=\"Arama Reklamlar\u0131 Metin Reklamlar - Shown Blog\" \/>\n<meta property=\"og:description\" content=\"Google veya Microsoft Reklamlar\u0131 kampanyalar\u0131n\u0131 olu\u015ftururken bir temel reklam \u015fablonu olu\u015fturmal\u0131s\u0131n\u0131z. Bu \u015fablon optimizasyon s\u00fcrecinde sizin reklam...\" \/>\n<meta property=\"og:url\" content=\"https:\/\/shown.io\/blog\/?page_id=1244&amp;lang=tr\" \/>\n<meta property=\"og:site_name\" content=\"Shown Blog\" \/>\n<meta property=\"article:modified_time\" content=\"2020-04-18T14:21:27+00:00\" \/>\n<meta property=\"og:image\" content=\"https:\/\/shown.io\/blog\/wp-content\/uploads\/2020\/04\/Academy_banner_allarticles.png\" \/>\n\t<meta property=\"og:image:width\" content=\"2398\" \/>\n\t<meta property=\"og:image:height\" content=\"636\" \/>\n\t<meta property=\"og:image:type\" content=\"image\/png\" \/>\n<meta name=\"twitter:card\" content=\"summary_large_image\" \/>\n<meta name=\"twitter:label1\" content=\"Est. reading time\" \/>\n\t<meta name=\"twitter:data1\" content=\"2 minutes\" \/>\n<script type=\"application\/ld+json\" class=\"yoast-schema-graph\">{\"@context\":\"https:\/\/schema.org\",\"@graph\":[{\"@type\":\"WebPage\",\"@id\":\"https:\/\/shown.io\/blog\/?page_id=1244&lang=tr\",\"url\":\"https:\/\/shown.io\/blog\/?page_id=1244&lang=tr\",\"name\":\"Arama Reklamlar\u0131 Metin Reklamlar - Shown Blog\",\"isPartOf\":{\"@id\":\"https:\/\/shown.io\/blog\/#website\"},\"datePublished\":\"2020-04-18T13:11:00+00:00\",\"dateModified\":\"2020-04-18T14:21:27+00:00\",\"description\":\"Google veya Microsoft Reklamlar\u0131 kampanyalar\u0131n\u0131 olu\u015ftururken bir temel reklam \u015fablonu olu\u015fturmal\u0131s\u0131n\u0131z. Bu \u015fablon optimizasyon s\u00fcrecinde sizin reklam...\",\"breadcrumb\":{\"@id\":\"https:\/\/shown.io\/blog\/?page_id=1244&lang=tr#breadcrumb\"},\"inLanguage\":\"en-US\",\"potentialAction\":[{\"@type\":\"ReadAction\",\"target\":[\"https:\/\/shown.io\/blog\/?page_id=1244&lang=tr\"]}]},{\"@type\":\"BreadcrumbList\",\"@id\":\"https:\/\/shown.io\/blog\/?page_id=1244&lang=tr#breadcrumb\",\"itemListElement\":[{\"@type\":\"ListItem\",\"position\":1,\"name\":\"Home\",\"item\":\"https:\/\/shown.io\/blog\/\"},{\"@type\":\"ListItem\",\"position\":2,\"name\":\"Arama Reklamlar\u0131 Metin Reklamlar\"}]},{\"@type\":\"WebSite\",\"@id\":\"https:\/\/shown.io\/blog\/#website\",\"url\":\"https:\/\/shown.io\/blog\/\",\"name\":\"Shown Blog\",\"description\":\"A blog about marketing optimization for smart companies\",\"publisher\":{\"@id\":\"https:\/\/shown.io\/blog\/#organization\"},\"potentialAction\":[{\"@type\":\"SearchAction\",\"target\":{\"@type\":\"EntryPoint\",\"urlTemplate\":\"https:\/\/shown.io\/blog\/?s={search_term_string}\"},\"query-input\":\"required name=search_term_string\"}],\"inLanguage\":\"en-US\"},{\"@type\":\"Organization\",\"@id\":\"https:\/\/shown.io\/blog\/#organization\",\"name\":\"Instaon\",\"url\":\"https:\/\/shown.io\/blog\/\",\"logo\":{\"@type\":\"ImageObject\",\"inLanguage\":\"en-US\",\"@id\":\"https:\/\/shown.io\/blog\/#\/schema\/logo\/image\/\",\"url\":\"https:\/\/shown.io\/blog\/wp-content\/uploads\/2020\/06\/Logo_Main_White.png\",\"contentUrl\":\"https:\/\/shown.io\/blog\/wp-content\/uploads\/2020\/06\/Logo_Main_White.png\",\"width\":1024,\"height\":1024,\"caption\":\"Instaon\"},\"image\":{\"@id\":\"https:\/\/shown.io\/blog\/#\/schema\/logo\/image\/\"}}]}<\/script>\n<!-- \/ Yoast SEO plugin. -->","yoast_head_json":{"title":"Arama Reklamlar\u0131 Metin Reklamlar - Shown Blog","description":"Google veya Microsoft Reklamlar\u0131 kampanyalar\u0131n\u0131 olu\u015ftururken bir temel reklam \u015fablonu olu\u015fturmal\u0131s\u0131n\u0131z. Bu \u015fablon optimizasyon s\u00fcrecinde sizin reklam...","robots":{"index":"index","follow":"follow","max-snippet":"max-snippet:-1","max-image-preview":"max-image-preview:large","max-video-preview":"max-video-preview:-1"},"canonical":"https:\/\/shown.io\/blog\/?page_id=1244&lang=tr","og_locale":"en_US","og_type":"article","og_title":"Arama Reklamlar\u0131 Metin Reklamlar - Shown Blog","og_description":"Google veya Microsoft Reklamlar\u0131 kampanyalar\u0131n\u0131 olu\u015ftururken bir temel reklam \u015fablonu olu\u015fturmal\u0131s\u0131n\u0131z. Bu \u015fablon optimizasyon s\u00fcrecinde sizin reklam...","og_url":"https:\/\/shown.io\/blog\/?page_id=1244&lang=tr","og_site_name":"Shown Blog","article_modified_time":"2020-04-18T14:21:27+00:00","og_image":[{"width":2398,"height":636,"url":"https:\/\/shown.io\/blog\/wp-content\/uploads\/2020\/04\/Academy_banner_allarticles.png","type":"image\/png"}],"twitter_card":"summary_large_image","twitter_misc":{"Est. reading time":"2 minutes"},"schema":{"@context":"https:\/\/schema.org","@graph":[{"@type":"WebPage","@id":"https:\/\/shown.io\/blog\/?page_id=1244&lang=tr","url":"https:\/\/shown.io\/blog\/?page_id=1244&lang=tr","name":"Arama Reklamlar\u0131 Metin Reklamlar - Shown Blog","isPartOf":{"@id":"https:\/\/shown.io\/blog\/#website"},"datePublished":"2020-04-18T13:11:00+00:00","dateModified":"2020-04-18T14:21:27+00:00","description":"Google veya Microsoft Reklamlar\u0131 kampanyalar\u0131n\u0131 olu\u015ftururken bir temel reklam \u015fablonu olu\u015fturmal\u0131s\u0131n\u0131z. Bu \u015fablon optimizasyon s\u00fcrecinde sizin reklam...","breadcrumb":{"@id":"https:\/\/shown.io\/blog\/?page_id=1244&lang=tr#breadcrumb"},"inLanguage":"en-US","potentialAction":[{"@type":"ReadAction","target":["https:\/\/shown.io\/blog\/?page_id=1244&lang=tr"]}]},{"@type":"BreadcrumbList","@id":"https:\/\/shown.io\/blog\/?page_id=1244&lang=tr#breadcrumb","itemListElement":[{"@type":"ListItem","position":1,"name":"Home","item":"https:\/\/shown.io\/blog\/"},{"@type":"ListItem","position":2,"name":"Arama Reklamlar\u0131 Metin Reklamlar"}]},{"@type":"WebSite","@id":"https:\/\/shown.io\/blog\/#website","url":"https:\/\/shown.io\/blog\/","name":"Shown Blog","description":"A blog about marketing optimization for smart companies","publisher":{"@id":"https:\/\/shown.io\/blog\/#organization"},"potentialAction":[{"@type":"SearchAction","target":{"@type":"EntryPoint","urlTemplate":"https:\/\/shown.io\/blog\/?s={search_term_string}"},"query-input":"required name=search_term_string"}],"inLanguage":"en-US"},{"@type":"Organization","@id":"https:\/\/shown.io\/blog\/#organization","name":"Instaon","url":"https:\/\/shown.io\/blog\/","logo":{"@type":"ImageObject","inLanguage":"en-US","@id":"https:\/\/shown.io\/blog\/#\/schema\/logo\/image\/","url":"https:\/\/shown.io\/blog\/wp-content\/uploads\/2020\/06\/Logo_Main_White.png","contentUrl":"https:\/\/shown.io\/blog\/wp-content\/uploads\/2020\/06\/Logo_Main_White.png","width":1024,"height":1024,"caption":"Instaon"},"image":{"@id":"https:\/\/shown.io\/blog\/#\/schema\/logo\/image\/"}}]}},"_links":{"self":[{"href":"https:\/\/shown.io\/blog\/index.php?rest_route=\/wp\/v2\/pages\/1244","targetHints":{"allow":["GET"]}}],"collection":[{"href":"https:\/\/shown.io\/blog\/index.php?rest_route=\/wp\/v2\/pages"}],"about":[{"href":"https:\/\/shown.io\/blog\/index.php?rest_route=\/wp\/v2\/types\/page"}],"author":[{"embeddable":true,"href":"https:\/\/shown.io\/blog\/index.php?rest_route=\/wp\/v2\/users\/7"}],"replies":[{"embeddable":true,"href":"https:\/\/shown.io\/blog\/index.php?rest_route=%2Fwp%2Fv2%2Fcomments&post=1244"}],"version-history":[{"count":4,"href":"https:\/\/shown.io\/blog\/index.php?rest_route=\/wp\/v2\/pages\/1244\/revisions"}],"predecessor-version":[{"id":1309,"href":"https:\/\/shown.io\/blog\/index.php?rest_route=\/wp\/v2\/pages\/1244\/revisions\/1309"}],"wp:featuredmedia":[{"embeddable":true,"href":"https:\/\/shown.io\/blog\/index.php?rest_route=\/wp\/v2\/media\/721"}],"wp:attachment":[{"href":"https:\/\/shown.io\/blog\/index.php?rest_route=%2Fwp%2Fv2%2Fmedia&parent=1244"}],"curies":[{"name":"wp","href":"https:\/\/api.w.org\/{rel}","templated":true}]}}