{"id":1257,"date":"2020-04-18T13:32:43","date_gmt":"2020-04-18T13:32:43","guid":{"rendered":"https:\/\/instaon.io\/blog\/?page_id=1257"},"modified":"2020-04-18T13:34:51","modified_gmt":"2020-04-18T13:34:51","slug":"centre-de-connaissances","status":"publish","type":"page","link":"https:\/\/shown.io\/blog\/?page_id=1257&lang=fr","title":{"rendered":"Centre de connaissances"},"content":{"rendered":"\t\t<div data-elementor-type=\"wp-page\" data-elementor-id=\"1257\" class=\"elementor elementor-1257\">\n\t\t\t\t\t\t<div class=\"elementor-inner\">\n\t\t\t\t<div class=\"elementor-section-wrap\">\n\t\t\t\t\t\t\t\t\t<section class=\"elementor-section elementor-top-section elementor-element elementor-element-203fda4 elementor-section-boxed elementor-section-height-default elementor-section-height-default\" data-id=\"203fda4\" data-element_type=\"section\">\n\t\t\t\t\t\t<div class=\"elementor-container elementor-column-gap-default\">\n\t\t\t\t\t\t\t<div class=\"elementor-row\">\n\t\t\t\t\t<div class=\"elementor-column elementor-col-100 elementor-top-column elementor-element elementor-element-ec48138\" data-id=\"ec48138\" data-element_type=\"column\">\n\t\t\t<div class=\"elementor-column-wrap elementor-element-populated\">\n\t\t\t\t\t\t\t<div class=\"elementor-widget-wrap\">\n\t\t\t\t\t\t<div class=\"elementor-element elementor-element-8ba9968 elementor-widget elementor-widget-text-editor\" data-id=\"8ba9968\" data-element_type=\"widget\" data-widget_type=\"text-editor.default\">\n\t\t\t\t<div class=\"elementor-widget-container\">\n\t\t\t\t\t\t\t\t<div class=\"elementor-text-editor elementor-clearfix\">\n\t\t\t\t<p>Sur votre dashboard principal, vous trouverez \u00e9galement un centre de connaissances intitul\u00e9 &#8220;Devenez un pro du marketing&#8221;, o\u00f9 Instaon mettra en \u00e9vidence les articles pertinents pour vous. Les articles couvrent les sujets suivants :<\/p><ul><li><span style=\"font-size: 1.125rem;\">Meilleures pratiques de marketing en ligne pour les petites entreprises<\/span><\/li><li><span style=\"font-size: 1.125rem;\">Mises \u00e0 jour de nouvelles fonctionnalit\u00e9s Instaon<\/span><\/li><li><span style=\"font-size: 1.125rem;\">L&#8217;Acad\u00e9mie Instaon o\u00f9 nous expliquons comment utiliser Instaon au maximum<\/span><\/li><li><span style=\"font-size: 1.125rem;\">Les r\u00e9ussites des clients pour s&#8217;inspirer<\/span><\/li><\/ul>\t\t\t\t\t<\/div>\n\t\t\t\t\t\t<\/div>\n\t\t\t\t<\/div>\n\t\t\t\t\t\t<\/div>\n\t\t\t\t\t<\/div>\n\t\t<\/div>\n\t\t\t\t\t\t\t\t<\/div>\n\t\t\t\t\t<\/div>\n\t\t<\/section>\n\t\t\t\t<section class=\"elementor-section elementor-top-section elementor-element elementor-element-42f1670 elementor-section-boxed elementor-section-height-default elementor-section-height-default\" data-id=\"42f1670\" data-element_type=\"section\">\n\t\t\t\t\t\t<div class=\"elementor-container elementor-column-gap-default\">\n\t\t\t\t\t\t\t<div class=\"elementor-row\">\n\t\t\t\t\t<div class=\"elementor-column elementor-col-100 elementor-top-column elementor-element elementor-element-9b779a9\" data-id=\"9b779a9\" data-element_type=\"column\">\n\t\t\t<div class=\"elementor-column-wrap elementor-element-populated\">\n\t\t\t\t\t\t\t<div class=\"elementor-widget-wrap\">\n\t\t\t\t\t\t<div class=\"elementor-element elementor-element-4cc9c52 elementor-widget elementor-widget-image\" data-id=\"4cc9c52\" data-element_type=\"widget\" data-widget_type=\"image.default\">\n\t\t\t\t<div class=\"elementor-widget-container\">\n\t\t\t\t\t\t\t\t<div class=\"elementor-image\">\n\t\t\t\t\t\t\t\t\t\t\t\t<img loading=\"lazy\" decoding=\"async\" width=\"1024\" height=\"352\" src=\"https:\/\/shown.io\/blog\/wp-content\/uploads\/2020\/04\/knowledge-1024x352.png\" class=\"attachment-large size-large wp-image-709\" alt=\"\" srcset=\"https:\/\/shown.io\/blog\/wp-content\/uploads\/2020\/04\/knowledge-1024x352.png 1024w, https:\/\/shown.io\/blog\/wp-content\/uploads\/2020\/04\/knowledge-300x103.png 300w, https:\/\/shown.io\/blog\/wp-content\/uploads\/2020\/04\/knowledge-768x264.png 768w, https:\/\/shown.io\/blog\/wp-content\/uploads\/2020\/04\/knowledge.png 1268w\" sizes=\"auto, (max-width: 1024px) 100vw, 1024px\" \/>\t\t\t\t\t\t\t\t\t\t\t\t\t\t<\/div>\n\t\t\t\t\t\t<\/div>\n\t\t\t\t<\/div>\n\t\t\t\t\t\t<\/div>\n\t\t\t\t\t<\/div>\n\t\t<\/div>\n\t\t\t\t\t\t\t\t<\/div>\n\t\t\t\t\t<\/div>\n\t\t<\/section>\n\t\t\t\t<section class=\"elementor-section elementor-top-section elementor-element elementor-element-c7aa8fa elementor-section-boxed elementor-section-height-default elementor-section-height-default\" data-id=\"c7aa8fa\" data-element_type=\"section\">\n\t\t\t\t\t\t<div class=\"elementor-container elementor-column-gap-default\">\n\t\t\t\t\t\t\t<div class=\"elementor-row\">\n\t\t\t\t\t<div class=\"elementor-column elementor-col-100 elementor-top-column elementor-element elementor-element-987e0d4\" data-id=\"987e0d4\" data-element_type=\"column\">\n\t\t\t<div class=\"elementor-column-wrap elementor-element-populated\">\n\t\t\t\t\t\t\t<div class=\"elementor-widget-wrap\">\n\t\t\t\t\t\t<div class=\"elementor-element elementor-element-d89a643 elementor-widget elementor-widget-text-editor\" data-id=\"d89a643\" data-element_type=\"widget\" data-widget_type=\"text-editor.default\">\n\t\t\t\t<div class=\"elementor-widget-container\">\n\t\t\t\t\t\t\t\t<div class=\"elementor-text-editor elementor-clearfix\">\n\t\t\t\t<p>Bien s\u00fbr, n&#8217;h\u00e9sitez pas \u00e0 lire d&#8217;autres articles sur notre blog et dans notre Acad\u00e9mie Instaon que ceux qui vous sont propos\u00e9s.\u00a0<\/p>\t\t\t\t\t<\/div>\n\t\t\t\t\t\t<\/div>\n\t\t\t\t<\/div>\n\t\t\t\t\t\t<\/div>\n\t\t\t\t\t<\/div>\n\t\t<\/div>\n\t\t\t\t\t\t\t\t<\/div>\n\t\t\t\t\t<\/div>\n\t\t<\/section>\n\t\t\t\t\t\t\t\t\t<\/div>\n\t\t\t<\/div>\n\t\t\t\t\t<\/div>\n\t\t","protected":false},"excerpt":{"rendered":"<p>Sur votre dashboard principal, vous trouverez \u00e9galement un centre de connaissances intitul\u00e9 &#8220;Devenez un pro du marketing&#8221;, o\u00f9 Instaon mettra en \u00e9vidence les articles pertinents pour vous. Les articles couvrent les sujets suivants : Meilleures pratiques de marketing en ligne pour les petites entreprises Mises \u00e0 jour de nouvelles fonctionnalit\u00e9s Instaon L&#8217;Acad\u00e9mie Instaon o\u00f9 nous [&hellip;]<\/p>\n","protected":false},"author":2,"featured_media":721,"parent":0,"menu_order":0,"comment_status":"closed","ping_status":"closed","template":"","meta":{"_bbp_topic_count":0,"_bbp_reply_count":0,"_bbp_total_topic_count":0,"_bbp_total_reply_count":0,"_bbp_voice_count":0,"_bbp_anonymous_reply_count":0,"_bbp_topic_count_hidden":0,"_bbp_reply_count_hidden":0,"_bbp_forum_subforum_count":0,"inline_featured_image":false,"footnotes":""},"class_list":["post-1257","page","type-page","status-publish","has-post-thumbnail","hentry"],"yoast_head":"<!-- This site is optimized with the Yoast SEO plugin v20.10 - https:\/\/yoast.com\/wordpress\/plugins\/seo\/ -->\n<title>Centre de connaissances - Shown Blog<\/title>\n<meta name=\"robots\" content=\"index, follow, max-snippet:-1, max-image-preview:large, max-video-preview:-1\" \/>\n<link rel=\"canonical\" href=\"https:\/\/shown.io\/blog\/?page_id=1257&lang=fr\" \/>\n<meta property=\"og:locale\" content=\"en_US\" \/>\n<meta property=\"og:type\" content=\"article\" \/>\n<meta property=\"og:title\" content=\"Centre de connaissances - Shown Blog\" \/>\n<meta property=\"og:description\" content=\"Sur votre dashboard principal, vous trouverez \u00e9galement un centre de connaissances intitul\u00e9 &#8220;Devenez un pro du marketing&#8221;, o\u00f9 Instaon mettra en \u00e9vidence les articles pertinents pour vous. Les articles couvrent les sujets suivants : Meilleures pratiques de marketing en ligne pour les petites entreprises Mises \u00e0 jour de nouvelles fonctionnalit\u00e9s Instaon L&#8217;Acad\u00e9mie Instaon o\u00f9 nous [&hellip;]\" \/>\n<meta property=\"og:url\" content=\"https:\/\/shown.io\/blog\/?page_id=1257&amp;lang=fr\" \/>\n<meta property=\"og:site_name\" content=\"Shown Blog\" \/>\n<meta property=\"article:modified_time\" content=\"2020-04-18T13:34:51+00:00\" \/>\n<meta property=\"og:image\" content=\"https:\/\/shown.io\/blog\/wp-content\/uploads\/2020\/04\/Academy_banner_allarticles.png\" \/>\n\t<meta property=\"og:image:width\" content=\"2398\" \/>\n\t<meta property=\"og:image:height\" content=\"636\" \/>\n\t<meta property=\"og:image:type\" content=\"image\/png\" \/>\n<meta name=\"twitter:card\" content=\"summary_large_image\" \/>\n<script type=\"application\/ld+json\" class=\"yoast-schema-graph\">{\"@context\":\"https:\/\/schema.org\",\"@graph\":[{\"@type\":\"WebPage\",\"@id\":\"https:\/\/shown.io\/blog\/?page_id=1257&lang=fr\",\"url\":\"https:\/\/shown.io\/blog\/?page_id=1257&lang=fr\",\"name\":\"Centre de connaissances - Shown Blog\",\"isPartOf\":{\"@id\":\"https:\/\/shown.io\/blog\/#website\"},\"datePublished\":\"2020-04-18T13:32:43+00:00\",\"dateModified\":\"2020-04-18T13:34:51+00:00\",\"breadcrumb\":{\"@id\":\"https:\/\/shown.io\/blog\/?page_id=1257&lang=fr#breadcrumb\"},\"inLanguage\":\"en-US\",\"potentialAction\":[{\"@type\":\"ReadAction\",\"target\":[\"https:\/\/shown.io\/blog\/?page_id=1257&lang=fr\"]}]},{\"@type\":\"BreadcrumbList\",\"@id\":\"https:\/\/shown.io\/blog\/?page_id=1257&lang=fr#breadcrumb\",\"itemListElement\":[{\"@type\":\"ListItem\",\"position\":1,\"name\":\"Home\",\"item\":\"https:\/\/shown.io\/blog\/\"},{\"@type\":\"ListItem\",\"position\":2,\"name\":\"Centre de connaissances\"}]},{\"@type\":\"WebSite\",\"@id\":\"https:\/\/shown.io\/blog\/#website\",\"url\":\"https:\/\/shown.io\/blog\/\",\"name\":\"Shown Blog\",\"description\":\"A blog about marketing optimization for smart companies\",\"publisher\":{\"@id\":\"https:\/\/shown.io\/blog\/#organization\"},\"potentialAction\":[{\"@type\":\"SearchAction\",\"target\":{\"@type\":\"EntryPoint\",\"urlTemplate\":\"https:\/\/shown.io\/blog\/?s={search_term_string}\"},\"query-input\":\"required name=search_term_string\"}],\"inLanguage\":\"en-US\"},{\"@type\":\"Organization\",\"@id\":\"https:\/\/shown.io\/blog\/#organization\",\"name\":\"Instaon\",\"url\":\"https:\/\/shown.io\/blog\/\",\"logo\":{\"@type\":\"ImageObject\",\"inLanguage\":\"en-US\",\"@id\":\"https:\/\/shown.io\/blog\/#\/schema\/logo\/image\/\",\"url\":\"https:\/\/shown.io\/blog\/wp-content\/uploads\/2020\/06\/Logo_Main_White.png\",\"contentUrl\":\"https:\/\/shown.io\/blog\/wp-content\/uploads\/2020\/06\/Logo_Main_White.png\",\"width\":1024,\"height\":1024,\"caption\":\"Instaon\"},\"image\":{\"@id\":\"https:\/\/shown.io\/blog\/#\/schema\/logo\/image\/\"}}]}<\/script>\n<!-- \/ Yoast SEO plugin. -->","yoast_head_json":{"title":"Centre de connaissances - Shown Blog","robots":{"index":"index","follow":"follow","max-snippet":"max-snippet:-1","max-image-preview":"max-image-preview:large","max-video-preview":"max-video-preview:-1"},"canonical":"https:\/\/shown.io\/blog\/?page_id=1257&lang=fr","og_locale":"en_US","og_type":"article","og_title":"Centre de connaissances - Shown Blog","og_description":"Sur votre dashboard principal, vous trouverez \u00e9galement un centre de connaissances intitul\u00e9 &#8220;Devenez un pro du marketing&#8221;, o\u00f9 Instaon mettra en \u00e9vidence les articles pertinents pour vous. Les articles couvrent les sujets suivants : Meilleures pratiques de marketing en ligne pour les petites entreprises Mises \u00e0 jour de nouvelles fonctionnalit\u00e9s Instaon L&#8217;Acad\u00e9mie Instaon o\u00f9 nous [&hellip;]","og_url":"https:\/\/shown.io\/blog\/?page_id=1257&lang=fr","og_site_name":"Shown Blog","article_modified_time":"2020-04-18T13:34:51+00:00","og_image":[{"width":2398,"height":636,"url":"https:\/\/shown.io\/blog\/wp-content\/uploads\/2020\/04\/Academy_banner_allarticles.png","type":"image\/png"}],"twitter_card":"summary_large_image","schema":{"@context":"https:\/\/schema.org","@graph":[{"@type":"WebPage","@id":"https:\/\/shown.io\/blog\/?page_id=1257&lang=fr","url":"https:\/\/shown.io\/blog\/?page_id=1257&lang=fr","name":"Centre de connaissances - Shown Blog","isPartOf":{"@id":"https:\/\/shown.io\/blog\/#website"},"datePublished":"2020-04-18T13:32:43+00:00","dateModified":"2020-04-18T13:34:51+00:00","breadcrumb":{"@id":"https:\/\/shown.io\/blog\/?page_id=1257&lang=fr#breadcrumb"},"inLanguage":"en-US","potentialAction":[{"@type":"ReadAction","target":["https:\/\/shown.io\/blog\/?page_id=1257&lang=fr"]}]},{"@type":"BreadcrumbList","@id":"https:\/\/shown.io\/blog\/?page_id=1257&lang=fr#breadcrumb","itemListElement":[{"@type":"ListItem","position":1,"name":"Home","item":"https:\/\/shown.io\/blog\/"},{"@type":"ListItem","position":2,"name":"Centre de connaissances"}]},{"@type":"WebSite","@id":"https:\/\/shown.io\/blog\/#website","url":"https:\/\/shown.io\/blog\/","name":"Shown Blog","description":"A blog about marketing optimization for smart companies","publisher":{"@id":"https:\/\/shown.io\/blog\/#organization"},"potentialAction":[{"@type":"SearchAction","target":{"@type":"EntryPoint","urlTemplate":"https:\/\/shown.io\/blog\/?s={search_term_string}"},"query-input":"required name=search_term_string"}],"inLanguage":"en-US"},{"@type":"Organization","@id":"https:\/\/shown.io\/blog\/#organization","name":"Instaon","url":"https:\/\/shown.io\/blog\/","logo":{"@type":"ImageObject","inLanguage":"en-US","@id":"https:\/\/shown.io\/blog\/#\/schema\/logo\/image\/","url":"https:\/\/shown.io\/blog\/wp-content\/uploads\/2020\/06\/Logo_Main_White.png","contentUrl":"https:\/\/shown.io\/blog\/wp-content\/uploads\/2020\/06\/Logo_Main_White.png","width":1024,"height":1024,"caption":"Instaon"},"image":{"@id":"https:\/\/shown.io\/blog\/#\/schema\/logo\/image\/"}}]}},"_links":{"self":[{"href":"https:\/\/shown.io\/blog\/index.php?rest_route=\/wp\/v2\/pages\/1257","targetHints":{"allow":["GET"]}}],"collection":[{"href":"https:\/\/shown.io\/blog\/index.php?rest_route=\/wp\/v2\/pages"}],"about":[{"href":"https:\/\/shown.io\/blog\/index.php?rest_route=\/wp\/v2\/types\/page"}],"author":[{"embeddable":true,"href":"https:\/\/shown.io\/blog\/index.php?rest_route=\/wp\/v2\/users\/2"}],"replies":[{"embeddable":true,"href":"https:\/\/shown.io\/blog\/index.php?rest_route=%2Fwp%2Fv2%2Fcomments&post=1257"}],"version-history":[{"count":3,"href":"https:\/\/shown.io\/blog\/index.php?rest_route=\/wp\/v2\/pages\/1257\/revisions"}],"predecessor-version":[{"id":1260,"href":"https:\/\/shown.io\/blog\/index.php?rest_route=\/wp\/v2\/pages\/1257\/revisions\/1260"}],"wp:featuredmedia":[{"embeddable":true,"href":"https:\/\/shown.io\/blog\/index.php?rest_route=\/wp\/v2\/media\/721"}],"wp:attachment":[{"href":"https:\/\/shown.io\/blog\/index.php?rest_route=%2Fwp%2Fv2%2Fmedia&parent=1257"}],"curies":[{"name":"wp","href":"https:\/\/api.w.org\/{rel}","templated":true}]}}