{"id":1277,"date":"2020-04-18T13:53:55","date_gmt":"2020-04-18T13:53:55","guid":{"rendered":"https:\/\/instaon.io\/blog\/?page_id=1277"},"modified":"2020-04-18T13:59:20","modified_gmt":"2020-04-18T13:59:20","slug":"search-ads-ciblages-et-audiences","status":"publish","type":"page","link":"https:\/\/shown.io\/blog\/?page_id=1277&lang=fr","title":{"rendered":"Search Ads:  Ciblages et Audiences"},"content":{"rendered":"\t\t<div data-elementor-type=\"wp-page\" data-elementor-id=\"1277\" class=\"elementor elementor-1277\">\n\t\t\t\t\t\t<div class=\"elementor-inner\">\n\t\t\t\t<div class=\"elementor-section-wrap\">\n\t\t\t\t\t\t\t\t\t<section class=\"elementor-section elementor-top-section elementor-element elementor-element-79e70c1 elementor-section-boxed elementor-section-height-default elementor-section-height-default\" data-id=\"79e70c1\" data-element_type=\"section\">\n\t\t\t\t\t\t<div class=\"elementor-container elementor-column-gap-default\">\n\t\t\t\t\t\t\t<div class=\"elementor-row\">\n\t\t\t\t\t<div class=\"elementor-column elementor-col-100 elementor-top-column elementor-element elementor-element-01829a3\" data-id=\"01829a3\" data-element_type=\"column\">\n\t\t\t<div class=\"elementor-column-wrap elementor-element-populated\">\n\t\t\t\t\t\t\t<div class=\"elementor-widget-wrap\">\n\t\t\t\t\t\t<div class=\"elementor-element elementor-element-e98b4b2 elementor-widget elementor-widget-text-editor\" data-id=\"e98b4b2\" data-element_type=\"widget\" data-widget_type=\"text-editor.default\">\n\t\t\t\t<div class=\"elementor-widget-container\">\n\t\t\t\t\t\t\t\t<div class=\"elementor-text-editor elementor-clearfix\">\n\t\t\t\t<p>Vos annonces sont pr\u00eates \u00e0 \u00eatre publi\u00e9es, mais vous devez maintenant indiquer \u00e0 Google ou \u00e0 Microsoft o\u00f9 vous voulez appara\u00eetre et qui pourra voir vos annonces.<\/p><p><span style=\"font-size: 1.125rem;\">Commen\u00e7ons \u00e0 explorer le c\u00f4t\u00e9 &#8221; o\u00f9 &#8221; de votre ciblage. Il existe deux options principales pour s\u00e9lectionner un lieu dans Google et Microsoft :<\/span><\/p><p><span style=\"font-size: 1.125rem;\">1. Vous pouvez indiquer des villes, des provinces ou des pays :\u00a0<\/span><\/p>\t\t\t\t\t<\/div>\n\t\t\t\t\t\t<\/div>\n\t\t\t\t<\/div>\n\t\t\t\t\t\t<\/div>\n\t\t\t\t\t<\/div>\n\t\t<\/div>\n\t\t\t\t\t\t\t\t<\/div>\n\t\t\t\t\t<\/div>\n\t\t<\/section>\n\t\t\t\t<section class=\"elementor-section elementor-top-section elementor-element elementor-element-d9031ae elementor-section-boxed elementor-section-height-default elementor-section-height-default\" data-id=\"d9031ae\" data-element_type=\"section\">\n\t\t\t\t\t\t<div class=\"elementor-container elementor-column-gap-default\">\n\t\t\t\t\t\t\t<div class=\"elementor-row\">\n\t\t\t\t\t<div class=\"elementor-column elementor-col-100 elementor-top-column elementor-element elementor-element-a4385d4\" data-id=\"a4385d4\" data-element_type=\"column\">\n\t\t\t<div class=\"elementor-column-wrap elementor-element-populated\">\n\t\t\t\t\t\t\t<div class=\"elementor-widget-wrap\">\n\t\t\t\t\t\t<div class=\"elementor-element elementor-element-8f36ebe elementor-widget elementor-widget-image\" data-id=\"8f36ebe\" data-element_type=\"widget\" data-widget_type=\"image.default\">\n\t\t\t\t<div class=\"elementor-widget-container\">\n\t\t\t\t\t\t\t\t<div class=\"elementor-image\">\n\t\t\t\t\t\t\t\t\t\t\t\t<img loading=\"lazy\" decoding=\"async\" width=\"796\" height=\"261\" src=\"https:\/\/shown.io\/blog\/wp-content\/uploads\/2020\/04\/targetaudiene-1.png\" class=\"attachment-large size-large wp-image-844\" alt=\"\" srcset=\"https:\/\/shown.io\/blog\/wp-content\/uploads\/2020\/04\/targetaudiene-1.png 796w, https:\/\/shown.io\/blog\/wp-content\/uploads\/2020\/04\/targetaudiene-1-300x98.png 300w, https:\/\/shown.io\/blog\/wp-content\/uploads\/2020\/04\/targetaudiene-1-768x252.png 768w\" sizes=\"auto, (max-width: 796px) 100vw, 796px\" \/>\t\t\t\t\t\t\t\t\t\t\t\t\t\t<\/div>\n\t\t\t\t\t\t<\/div>\n\t\t\t\t<\/div>\n\t\t\t\t\t\t<\/div>\n\t\t\t\t\t<\/div>\n\t\t<\/div>\n\t\t\t\t\t\t\t\t<\/div>\n\t\t\t\t\t<\/div>\n\t\t<\/section>\n\t\t\t\t<section class=\"elementor-section elementor-top-section elementor-element elementor-element-a914f46 elementor-section-boxed elementor-section-height-default elementor-section-height-default\" data-id=\"a914f46\" data-element_type=\"section\">\n\t\t\t\t\t\t<div class=\"elementor-container elementor-column-gap-default\">\n\t\t\t\t\t\t\t<div class=\"elementor-row\">\n\t\t\t\t\t<div class=\"elementor-column elementor-col-100 elementor-top-column elementor-element elementor-element-a1586c3\" data-id=\"a1586c3\" data-element_type=\"column\">\n\t\t\t<div class=\"elementor-column-wrap elementor-element-populated\">\n\t\t\t\t\t\t\t<div class=\"elementor-widget-wrap\">\n\t\t\t\t\t\t<div class=\"elementor-element elementor-element-a1ac095 elementor-widget elementor-widget-text-editor\" data-id=\"a1ac095\" data-element_type=\"widget\" data-widget_type=\"text-editor.default\">\n\t\t\t\t<div class=\"elementor-widget-container\">\n\t\t\t\t\t\t\t\t<div class=\"elementor-text-editor elementor-clearfix\">\n\t\t\t\t<p>Il s&#8217;agit du choix de lieu le plus courant et s&#8217;applique \u00e0 la majorit\u00e9 des entreprises. Voici ce que vous devez prendre en consid\u00e9ration :<\/p><ul><li><span style=\"font-size: 1.125rem;\">Si votre budget publicitaire est faible (&lt; 1000$\/mois), ne couvrez pas un pays entier, mais concentrez-vous sur une zone plus petite (ville).<\/span><\/li><li><span style=\"font-size: 1.125rem;\">Si vous souhaitez faire de la publicit\u00e9 pour votre service, qui est sensible \u00e0 l&#8217;emplacement dans d&#8217;autres villes\/pays, assurez-vous d&#8217;inclure votre emplacement dans les mots cl\u00e9s que vous avez s\u00e9lectionn\u00e9s. (voir la section sur les mots cl\u00e9s)<\/span><\/li><\/ul><p>Exemple :<\/p><p><span style=\"font-size: 1.125rem;\">Si vous proposez des visites guid\u00e9es dans une certaine ville (exemple : Paris) et que vous souhaitez faire de la publicit\u00e9 pour vos &#8216;visites guid\u00e9es&#8217; dans d&#8217;autres pays, assurez-vous d&#8217;inclure la ville (+paris) dans les mots-cl\u00e9s que vous avez s\u00e9lectionn\u00e9s<\/span><\/p><p><span style=\"font-size: 1.125rem;\">2. Vous pouvez fournir l&#8217;adresse de votre entreprise et fixer un rayon de x km\/miles autour de celle-ci.<\/span><\/p>\t\t\t\t\t<\/div>\n\t\t\t\t\t\t<\/div>\n\t\t\t\t<\/div>\n\t\t\t\t\t\t<\/div>\n\t\t\t\t\t<\/div>\n\t\t<\/div>\n\t\t\t\t\t\t\t\t<\/div>\n\t\t\t\t\t<\/div>\n\t\t<\/section>\n\t\t\t\t<section class=\"elementor-section elementor-top-section elementor-element elementor-element-0bbad80 elementor-section-boxed elementor-section-height-default elementor-section-height-default\" data-id=\"0bbad80\" data-element_type=\"section\">\n\t\t\t\t\t\t<div class=\"elementor-container elementor-column-gap-default\">\n\t\t\t\t\t\t\t<div class=\"elementor-row\">\n\t\t\t\t\t<div class=\"elementor-column elementor-col-100 elementor-top-column elementor-element elementor-element-b90cc86\" data-id=\"b90cc86\" data-element_type=\"column\">\n\t\t\t<div class=\"elementor-column-wrap elementor-element-populated\">\n\t\t\t\t\t\t\t<div class=\"elementor-widget-wrap\">\n\t\t\t\t\t\t<div class=\"elementor-element elementor-element-7c454d9 elementor-widget elementor-widget-image\" data-id=\"7c454d9\" data-element_type=\"widget\" data-widget_type=\"image.default\">\n\t\t\t\t<div class=\"elementor-widget-container\">\n\t\t\t\t\t\t\t\t<div class=\"elementor-image\">\n\t\t\t\t\t\t\t\t\t\t\t\t<img loading=\"lazy\" decoding=\"async\" width=\"677\" height=\"293\" src=\"https:\/\/shown.io\/blog\/wp-content\/uploads\/2020\/04\/radiustargeting-1.png\" class=\"attachment-large size-large wp-image-845\" alt=\"\" srcset=\"https:\/\/shown.io\/blog\/wp-content\/uploads\/2020\/04\/radiustargeting-1.png 677w, https:\/\/shown.io\/blog\/wp-content\/uploads\/2020\/04\/radiustargeting-1-300x130.png 300w\" sizes=\"auto, (max-width: 677px) 100vw, 677px\" \/>\t\t\t\t\t\t\t\t\t\t\t\t\t\t<\/div>\n\t\t\t\t\t\t<\/div>\n\t\t\t\t<\/div>\n\t\t\t\t\t\t<\/div>\n\t\t\t\t\t<\/div>\n\t\t<\/div>\n\t\t\t\t\t\t\t\t<\/div>\n\t\t\t\t\t<\/div>\n\t\t<\/section>\n\t\t\t\t<section class=\"elementor-section elementor-top-section elementor-element elementor-element-3283611 elementor-section-boxed elementor-section-height-default elementor-section-height-default\" data-id=\"3283611\" data-element_type=\"section\">\n\t\t\t\t\t\t<div class=\"elementor-container elementor-column-gap-default\">\n\t\t\t\t\t\t\t<div class=\"elementor-row\">\n\t\t\t\t\t<div class=\"elementor-column elementor-col-100 elementor-top-column elementor-element elementor-element-78507a4\" data-id=\"78507a4\" data-element_type=\"column\">\n\t\t\t<div class=\"elementor-column-wrap elementor-element-populated\">\n\t\t\t\t\t\t\t<div class=\"elementor-widget-wrap\">\n\t\t\t\t\t\t<div class=\"elementor-element elementor-element-24d4f0d elementor-widget elementor-widget-text-editor\" data-id=\"24d4f0d\" data-element_type=\"widget\" data-widget_type=\"text-editor.default\">\n\t\t\t\t<div class=\"elementor-widget-container\">\n\t\t\t\t\t\t\t\t<div class=\"elementor-text-editor elementor-clearfix\">\n\t\t\t\t<p>Cette option est int\u00e9ressante pour les entreprises locales \u00e0 la recherche de nouveaux visiteurs hors ligne. Chez Instaon, nous couvrons cet objectif avec l&#8217;intitul\u00e9 &#8220;Traffic vers magasin&#8221;.<\/p><p><span style=\"font-size: 1.125rem;\">L&#8217;id\u00e9e est de mettre votre adresse professionnelle avec un rayon donn\u00e9 (ex. 4 miles\/km). Ainsi, seuls les utilisateurs se trouvant \u00e0 une distance raisonnable de votre magasin pourront voir vos annonces. (et ensuite se rendre \u00e0 pied ou en voiture \u00e0 votre magasin pour acheter votre produit\/service)<\/span><\/p><p><span style=\"font-size: 1.125rem;\">Vous verrez la zone couverte et la port\u00e9e estim\u00e9e apr\u00e8s votre s\u00e9lection. N&#8217;oubliez pas d&#8217;avoir un volume estim\u00e9 suffisant. Mettre moins de 3 miles\/km comme param\u00e8tre, conduira souvent \u00e0 quelques clics et \u00e0 de mauvaises performances (\u00e0 moins que votre entreprise ne soit situ\u00e9e sur Time Square)<\/span><\/p><p>\u00a0<\/p>\t\t\t\t\t<\/div>\n\t\t\t\t\t\t<\/div>\n\t\t\t\t<\/div>\n\t\t\t\t\t\t<\/div>\n\t\t\t\t\t<\/div>\n\t\t<\/div>\n\t\t\t\t\t\t\t\t<\/div>\n\t\t\t\t\t<\/div>\n\t\t<\/section>\n\t\t\t\t\t\t\t\t\t<\/div>\n\t\t\t<\/div>\n\t\t\t\t\t<\/div>\n\t\t","protected":false},"excerpt":{"rendered":"<p>Vos annonces sont pr\u00eates \u00e0 \u00eatre publi\u00e9es, mais vous devez maintenant indiquer \u00e0 Google ou \u00e0 Microsoft o\u00f9 vous voulez appara\u00eetre et qui pourra voir vos annonces. Commen\u00e7ons \u00e0 explorer le c\u00f4t\u00e9 &#8221; o\u00f9 &#8221; de votre ciblage. Il existe deux options principales pour s\u00e9lectionner un lieu dans Google et Microsoft : 1. Vous pouvez [&hellip;]<\/p>\n","protected":false},"author":2,"featured_media":721,"parent":0,"menu_order":0,"comment_status":"closed","ping_status":"closed","template":"","meta":{"_bbp_topic_count":0,"_bbp_reply_count":0,"_bbp_total_topic_count":0,"_bbp_total_reply_count":0,"_bbp_voice_count":0,"_bbp_anonymous_reply_count":0,"_bbp_topic_count_hidden":0,"_bbp_reply_count_hidden":0,"_bbp_forum_subforum_count":0,"inline_featured_image":false,"footnotes":""},"class_list":["post-1277","page","type-page","status-publish","has-post-thumbnail","hentry"],"yoast_head":"<!-- This site is optimized with the Yoast SEO plugin v20.10 - https:\/\/yoast.com\/wordpress\/plugins\/seo\/ -->\n<title>Search Ads: Ciblages et Audiences - Shown Blog<\/title>\n<meta name=\"robots\" content=\"index, follow, max-snippet:-1, max-image-preview:large, max-video-preview:-1\" \/>\n<link rel=\"canonical\" href=\"https:\/\/shown.io\/blog\/?page_id=1277&lang=fr\" \/>\n<meta property=\"og:locale\" content=\"en_US\" \/>\n<meta property=\"og:type\" content=\"article\" \/>\n<meta property=\"og:title\" content=\"Search Ads: Ciblages et Audiences - Shown Blog\" \/>\n<meta property=\"og:description\" content=\"Vos annonces sont pr\u00eates \u00e0 \u00eatre publi\u00e9es, mais vous devez maintenant indiquer \u00e0 Google ou \u00e0 Microsoft o\u00f9 vous voulez appara\u00eetre et qui pourra voir vos annonces. Commen\u00e7ons \u00e0 explorer le c\u00f4t\u00e9 &#8221; o\u00f9 &#8221; de votre ciblage. Il existe deux options principales pour s\u00e9lectionner un lieu dans Google et Microsoft : 1. Vous pouvez [&hellip;]\" \/>\n<meta property=\"og:url\" content=\"https:\/\/shown.io\/blog\/?page_id=1277&amp;lang=fr\" \/>\n<meta property=\"og:site_name\" content=\"Shown Blog\" \/>\n<meta property=\"article:modified_time\" content=\"2020-04-18T13:59:20+00:00\" \/>\n<meta property=\"og:image\" content=\"https:\/\/shown.io\/blog\/wp-content\/uploads\/2020\/04\/Academy_banner_allarticles.png\" \/>\n\t<meta property=\"og:image:width\" content=\"2398\" \/>\n\t<meta property=\"og:image:height\" content=\"636\" \/>\n\t<meta property=\"og:image:type\" content=\"image\/png\" \/>\n<meta name=\"twitter:card\" content=\"summary_large_image\" \/>\n<meta name=\"twitter:label1\" content=\"Est. reading time\" \/>\n\t<meta name=\"twitter:data1\" content=\"2 minutes\" \/>\n<script type=\"application\/ld+json\" class=\"yoast-schema-graph\">{\"@context\":\"https:\/\/schema.org\",\"@graph\":[{\"@type\":\"WebPage\",\"@id\":\"https:\/\/shown.io\/blog\/?page_id=1277&lang=fr\",\"url\":\"https:\/\/shown.io\/blog\/?page_id=1277&lang=fr\",\"name\":\"Search Ads: Ciblages et Audiences - Shown Blog\",\"isPartOf\":{\"@id\":\"https:\/\/shown.io\/blog\/#website\"},\"datePublished\":\"2020-04-18T13:53:55+00:00\",\"dateModified\":\"2020-04-18T13:59:20+00:00\",\"breadcrumb\":{\"@id\":\"https:\/\/shown.io\/blog\/?page_id=1277&lang=fr#breadcrumb\"},\"inLanguage\":\"en-US\",\"potentialAction\":[{\"@type\":\"ReadAction\",\"target\":[\"https:\/\/shown.io\/blog\/?page_id=1277&lang=fr\"]}]},{\"@type\":\"BreadcrumbList\",\"@id\":\"https:\/\/shown.io\/blog\/?page_id=1277&lang=fr#breadcrumb\",\"itemListElement\":[{\"@type\":\"ListItem\",\"position\":1,\"name\":\"Home\",\"item\":\"https:\/\/shown.io\/blog\/\"},{\"@type\":\"ListItem\",\"position\":2,\"name\":\"Search Ads: Ciblages et Audiences\"}]},{\"@type\":\"WebSite\",\"@id\":\"https:\/\/shown.io\/blog\/#website\",\"url\":\"https:\/\/shown.io\/blog\/\",\"name\":\"Shown Blog\",\"description\":\"A blog about marketing optimization for smart companies\",\"publisher\":{\"@id\":\"https:\/\/shown.io\/blog\/#organization\"},\"potentialAction\":[{\"@type\":\"SearchAction\",\"target\":{\"@type\":\"EntryPoint\",\"urlTemplate\":\"https:\/\/shown.io\/blog\/?s={search_term_string}\"},\"query-input\":\"required name=search_term_string\"}],\"inLanguage\":\"en-US\"},{\"@type\":\"Organization\",\"@id\":\"https:\/\/shown.io\/blog\/#organization\",\"name\":\"Instaon\",\"url\":\"https:\/\/shown.io\/blog\/\",\"logo\":{\"@type\":\"ImageObject\",\"inLanguage\":\"en-US\",\"@id\":\"https:\/\/shown.io\/blog\/#\/schema\/logo\/image\/\",\"url\":\"https:\/\/shown.io\/blog\/wp-content\/uploads\/2020\/06\/Logo_Main_White.png\",\"contentUrl\":\"https:\/\/shown.io\/blog\/wp-content\/uploads\/2020\/06\/Logo_Main_White.png\",\"width\":1024,\"height\":1024,\"caption\":\"Instaon\"},\"image\":{\"@id\":\"https:\/\/shown.io\/blog\/#\/schema\/logo\/image\/\"}}]}<\/script>\n<!-- \/ Yoast SEO plugin. -->","yoast_head_json":{"title":"Search Ads: Ciblages et Audiences - Shown Blog","robots":{"index":"index","follow":"follow","max-snippet":"max-snippet:-1","max-image-preview":"max-image-preview:large","max-video-preview":"max-video-preview:-1"},"canonical":"https:\/\/shown.io\/blog\/?page_id=1277&lang=fr","og_locale":"en_US","og_type":"article","og_title":"Search Ads: Ciblages et Audiences - Shown Blog","og_description":"Vos annonces sont pr\u00eates \u00e0 \u00eatre publi\u00e9es, mais vous devez maintenant indiquer \u00e0 Google ou \u00e0 Microsoft o\u00f9 vous voulez appara\u00eetre et qui pourra voir vos annonces. Commen\u00e7ons \u00e0 explorer le c\u00f4t\u00e9 &#8221; o\u00f9 &#8221; de votre ciblage. Il existe deux options principales pour s\u00e9lectionner un lieu dans Google et Microsoft : 1. Vous pouvez [&hellip;]","og_url":"https:\/\/shown.io\/blog\/?page_id=1277&lang=fr","og_site_name":"Shown Blog","article_modified_time":"2020-04-18T13:59:20+00:00","og_image":[{"width":2398,"height":636,"url":"https:\/\/shown.io\/blog\/wp-content\/uploads\/2020\/04\/Academy_banner_allarticles.png","type":"image\/png"}],"twitter_card":"summary_large_image","twitter_misc":{"Est. reading time":"2 minutes"},"schema":{"@context":"https:\/\/schema.org","@graph":[{"@type":"WebPage","@id":"https:\/\/shown.io\/blog\/?page_id=1277&lang=fr","url":"https:\/\/shown.io\/blog\/?page_id=1277&lang=fr","name":"Search Ads: Ciblages et Audiences - Shown Blog","isPartOf":{"@id":"https:\/\/shown.io\/blog\/#website"},"datePublished":"2020-04-18T13:53:55+00:00","dateModified":"2020-04-18T13:59:20+00:00","breadcrumb":{"@id":"https:\/\/shown.io\/blog\/?page_id=1277&lang=fr#breadcrumb"},"inLanguage":"en-US","potentialAction":[{"@type":"ReadAction","target":["https:\/\/shown.io\/blog\/?page_id=1277&lang=fr"]}]},{"@type":"BreadcrumbList","@id":"https:\/\/shown.io\/blog\/?page_id=1277&lang=fr#breadcrumb","itemListElement":[{"@type":"ListItem","position":1,"name":"Home","item":"https:\/\/shown.io\/blog\/"},{"@type":"ListItem","position":2,"name":"Search Ads: Ciblages et Audiences"}]},{"@type":"WebSite","@id":"https:\/\/shown.io\/blog\/#website","url":"https:\/\/shown.io\/blog\/","name":"Shown Blog","description":"A blog about marketing optimization for smart companies","publisher":{"@id":"https:\/\/shown.io\/blog\/#organization"},"potentialAction":[{"@type":"SearchAction","target":{"@type":"EntryPoint","urlTemplate":"https:\/\/shown.io\/blog\/?s={search_term_string}"},"query-input":"required name=search_term_string"}],"inLanguage":"en-US"},{"@type":"Organization","@id":"https:\/\/shown.io\/blog\/#organization","name":"Instaon","url":"https:\/\/shown.io\/blog\/","logo":{"@type":"ImageObject","inLanguage":"en-US","@id":"https:\/\/shown.io\/blog\/#\/schema\/logo\/image\/","url":"https:\/\/shown.io\/blog\/wp-content\/uploads\/2020\/06\/Logo_Main_White.png","contentUrl":"https:\/\/shown.io\/blog\/wp-content\/uploads\/2020\/06\/Logo_Main_White.png","width":1024,"height":1024,"caption":"Instaon"},"image":{"@id":"https:\/\/shown.io\/blog\/#\/schema\/logo\/image\/"}}]}},"_links":{"self":[{"href":"https:\/\/shown.io\/blog\/index.php?rest_route=\/wp\/v2\/pages\/1277","targetHints":{"allow":["GET"]}}],"collection":[{"href":"https:\/\/shown.io\/blog\/index.php?rest_route=\/wp\/v2\/pages"}],"about":[{"href":"https:\/\/shown.io\/blog\/index.php?rest_route=\/wp\/v2\/types\/page"}],"author":[{"embeddable":true,"href":"https:\/\/shown.io\/blog\/index.php?rest_route=\/wp\/v2\/users\/2"}],"replies":[{"embeddable":true,"href":"https:\/\/shown.io\/blog\/index.php?rest_route=%2Fwp%2Fv2%2Fcomments&post=1277"}],"version-history":[{"count":3,"href":"https:\/\/shown.io\/blog\/index.php?rest_route=\/wp\/v2\/pages\/1277\/revisions"}],"predecessor-version":[{"id":1280,"href":"https:\/\/shown.io\/blog\/index.php?rest_route=\/wp\/v2\/pages\/1277\/revisions\/1280"}],"wp:featuredmedia":[{"embeddable":true,"href":"https:\/\/shown.io\/blog\/index.php?rest_route=\/wp\/v2\/media\/721"}],"wp:attachment":[{"href":"https:\/\/shown.io\/blog\/index.php?rest_route=%2Fwp%2Fv2%2Fmedia&parent=1277"}],"curies":[{"name":"wp","href":"https:\/\/api.w.org\/{rel}","templated":true}]}}