{"id":1281,"date":"2020-04-18T14:00:17","date_gmt":"2020-04-18T14:00:17","guid":{"rendered":"https:\/\/instaon.io\/blog\/?page_id=1281"},"modified":"2020-04-18T14:02:38","modified_gmt":"2020-04-18T14:02:38","slug":"search-ads-introduction","status":"publish","type":"page","link":"https:\/\/shown.io\/blog\/?page_id=1281&lang=fr","title":{"rendered":"Search Ads &#8211; Introduction"},"content":{"rendered":"\t\t<div data-elementor-type=\"wp-page\" data-elementor-id=\"1281\" class=\"elementor elementor-1281\">\n\t\t\t\t\t\t<div class=\"elementor-inner\">\n\t\t\t\t<div class=\"elementor-section-wrap\">\n\t\t\t\t\t\t\t\t\t<section class=\"elementor-section elementor-top-section elementor-element elementor-element-73fd42e elementor-section-boxed elementor-section-height-default elementor-section-height-default\" data-id=\"73fd42e\" data-element_type=\"section\">\n\t\t\t\t\t\t<div class=\"elementor-container elementor-column-gap-default\">\n\t\t\t\t\t\t\t<div class=\"elementor-row\">\n\t\t\t\t\t<div class=\"elementor-column elementor-col-100 elementor-top-column elementor-element elementor-element-a688003\" data-id=\"a688003\" data-element_type=\"column\">\n\t\t\t<div class=\"elementor-column-wrap elementor-element-populated\">\n\t\t\t\t\t\t\t<div class=\"elementor-widget-wrap\">\n\t\t\t\t\t\t<div class=\"elementor-element elementor-element-29dc3ff elementor-widget elementor-widget-text-editor\" data-id=\"29dc3ff\" data-element_type=\"widget\" data-widget_type=\"text-editor.default\">\n\t\t\t\t<div class=\"elementor-widget-container\">\n\t\t\t\t\t\t\t\t<div class=\"elementor-text-editor elementor-clearfix\">\n\t\t\t\t<p>Appara\u00eetre sur Google et Bing reste un must pour la majorit\u00e9 des entreprises. Bing compte plus de 360 millions de recherches quotidiennes et Google plus de 6 milliards ! De nombreuses opportunit\u00e9s pour atteindre votre public cible, n&#8217;est-ce pas ?<\/p>\t\t\t\t\t<\/div>\n\t\t\t\t\t\t<\/div>\n\t\t\t\t<\/div>\n\t\t\t\t\t\t<\/div>\n\t\t\t\t\t<\/div>\n\t\t<\/div>\n\t\t\t\t\t\t\t\t<\/div>\n\t\t\t\t\t<\/div>\n\t\t<\/section>\n\t\t\t\t<section class=\"elementor-section elementor-top-section elementor-element elementor-element-58bfae5 elementor-section-boxed elementor-section-height-default elementor-section-height-default\" data-id=\"58bfae5\" data-element_type=\"section\">\n\t\t\t\t\t\t<div class=\"elementor-container elementor-column-gap-default\">\n\t\t\t\t\t\t\t<div class=\"elementor-row\">\n\t\t\t\t\t<div class=\"elementor-column elementor-col-50 elementor-top-column elementor-element elementor-element-a625024\" data-id=\"a625024\" data-element_type=\"column\">\n\t\t\t<div class=\"elementor-column-wrap elementor-element-populated\">\n\t\t\t\t\t\t\t<div class=\"elementor-widget-wrap\">\n\t\t\t\t\t\t<div class=\"elementor-element elementor-element-61694e6 elementor-widget elementor-widget-image\" data-id=\"61694e6\" data-element_type=\"widget\" data-widget_type=\"image.default\">\n\t\t\t\t<div class=\"elementor-widget-container\">\n\t\t\t\t\t\t\t\t<div class=\"elementor-image\">\n\t\t\t\t\t\t\t\t\t\t\t\t<img loading=\"lazy\" decoding=\"async\" width=\"1024\" height=\"663\" src=\"https:\/\/shown.io\/blog\/wp-content\/uploads\/2020\/04\/Googlegoogle-1024x663.png\" class=\"attachment-large size-large wp-image-729\" alt=\"\" srcset=\"https:\/\/shown.io\/blog\/wp-content\/uploads\/2020\/04\/Googlegoogle-1024x663.png 1024w, https:\/\/shown.io\/blog\/wp-content\/uploads\/2020\/04\/Googlegoogle-300x194.png 300w, https:\/\/shown.io\/blog\/wp-content\/uploads\/2020\/04\/Googlegoogle-768x497.png 768w, https:\/\/shown.io\/blog\/wp-content\/uploads\/2020\/04\/Googlegoogle.png 1266w\" sizes=\"auto, (max-width: 1024px) 100vw, 1024px\" \/>\t\t\t\t\t\t\t\t\t\t\t\t\t\t<\/div>\n\t\t\t\t\t\t<\/div>\n\t\t\t\t<\/div>\n\t\t\t\t\t\t<\/div>\n\t\t\t\t\t<\/div>\n\t\t<\/div>\n\t\t\t\t<div class=\"elementor-column elementor-col-50 elementor-top-column elementor-element elementor-element-0d3841e\" data-id=\"0d3841e\" data-element_type=\"column\">\n\t\t\t<div class=\"elementor-column-wrap elementor-element-populated\">\n\t\t\t\t\t\t\t<div class=\"elementor-widget-wrap\">\n\t\t\t\t\t\t<div class=\"elementor-element elementor-element-6fd162b elementor-widget elementor-widget-image\" data-id=\"6fd162b\" data-element_type=\"widget\" data-widget_type=\"image.default\">\n\t\t\t\t<div class=\"elementor-widget-container\">\n\t\t\t\t\t\t\t\t<div class=\"elementor-image\">\n\t\t\t\t\t\t\t\t\t\t\t\t<img loading=\"lazy\" decoding=\"async\" width=\"1024\" height=\"632\" src=\"https:\/\/shown.io\/blog\/wp-content\/uploads\/2020\/04\/bignyaho-1024x632.png\" class=\"attachment-large size-large wp-image-728\" alt=\"\" srcset=\"https:\/\/shown.io\/blog\/wp-content\/uploads\/2020\/04\/bignyaho-1024x632.png 1024w, https:\/\/shown.io\/blog\/wp-content\/uploads\/2020\/04\/bignyaho-300x185.png 300w, https:\/\/shown.io\/blog\/wp-content\/uploads\/2020\/04\/bignyaho-768x474.png 768w, https:\/\/shown.io\/blog\/wp-content\/uploads\/2020\/04\/bignyaho.png 1318w\" sizes=\"auto, (max-width: 1024px) 100vw, 1024px\" \/>\t\t\t\t\t\t\t\t\t\t\t\t\t\t<\/div>\n\t\t\t\t\t\t<\/div>\n\t\t\t\t<\/div>\n\t\t\t\t\t\t<\/div>\n\t\t\t\t\t<\/div>\n\t\t<\/div>\n\t\t\t\t\t\t\t\t<\/div>\n\t\t\t\t\t<\/div>\n\t\t<\/section>\n\t\t\t\t<section class=\"elementor-section elementor-top-section elementor-element elementor-element-7c2b8af elementor-section-boxed elementor-section-height-default elementor-section-height-default\" data-id=\"7c2b8af\" data-element_type=\"section\">\n\t\t\t\t\t\t<div class=\"elementor-container elementor-column-gap-default\">\n\t\t\t\t\t\t\t<div class=\"elementor-row\">\n\t\t\t\t\t<div class=\"elementor-column elementor-col-100 elementor-top-column elementor-element elementor-element-970126b\" data-id=\"970126b\" data-element_type=\"column\">\n\t\t\t<div class=\"elementor-column-wrap elementor-element-populated\">\n\t\t\t\t\t\t\t<div class=\"elementor-widget-wrap\">\n\t\t\t\t\t\t<div class=\"elementor-element elementor-element-1e56b99 elementor-widget elementor-widget-heading\" data-id=\"1e56b99\" data-element_type=\"widget\" data-widget_type=\"heading.default\">\n\t\t\t\t<div class=\"elementor-widget-container\">\n\t\t\t<h2 class=\"elementor-heading-title elementor-size-default\">Google &amp; Microsoft Search Ads<\/h2>\t\t<\/div>\n\t\t\t\t<\/div>\n\t\t\t\t\t\t<\/div>\n\t\t\t\t\t<\/div>\n\t\t<\/div>\n\t\t\t\t\t\t\t\t<\/div>\n\t\t\t\t\t<\/div>\n\t\t<\/section>\n\t\t\t\t<section class=\"elementor-section elementor-top-section elementor-element elementor-element-e4d5908 elementor-section-boxed elementor-section-height-default elementor-section-height-default\" data-id=\"e4d5908\" data-element_type=\"section\">\n\t\t\t\t\t\t<div class=\"elementor-container elementor-column-gap-default\">\n\t\t\t\t\t\t\t<div class=\"elementor-row\">\n\t\t\t\t\t<div class=\"elementor-column elementor-col-100 elementor-top-column elementor-element elementor-element-ac3f2b8\" data-id=\"ac3f2b8\" data-element_type=\"column\">\n\t\t\t<div class=\"elementor-column-wrap elementor-element-populated\">\n\t\t\t\t\t\t\t<div class=\"elementor-widget-wrap\">\n\t\t\t\t\t\t<div class=\"elementor-element elementor-element-b5dbf9f elementor-widget elementor-widget-text-editor\" data-id=\"b5dbf9f\" data-element_type=\"widget\" data-widget_type=\"text-editor.default\">\n\t\t\t\t<div class=\"elementor-widget-container\">\n\t\t\t\t\t\t\t\t<div class=\"elementor-text-editor elementor-clearfix\">\n\t\t\t\t<p>Si la configuration de vos publicit\u00e9s est bien faite, elle peut vous apporter de pr\u00e9cieux prospects mensuels en tr\u00e8s peu de temps.&nbsp; D\u00e8s le premier jour, vous aurez \u00e9galement la possibilit\u00e9 d&#8217;interagir avec des clients potentiels et d&#8217;obtenir un retour d&#8217;information. Si vous vous trompez, vous finirez par gaspiller de l&#8217;argent et vous repartirez frustr\u00e9.&nbsp;<\/p>\n<p><span style=\"font-size: 1.125rem;\">Comment faire pour que tout se passe bien ?&nbsp;<\/span><\/p>\n<p><span style=\"font-size: 1.125rem;\">Vous \u00eates un expert et vous passez des heures \u00e0 rechercher et \u00e0 optimiser des mots-cl\u00e9s ou vous utilisez simplement Instaon \ud83d\ude42 .<\/span><\/p><p><span style=\"font-size: 1.125rem;\">Cette section vous guidera \u00e0 travers les diff\u00e9rentes \u00e9tapes de la mise en place de votre campagne Instaon. Suivez nos meilleures pratiques et vos campagnes seront imbattables.&nbsp;<\/span><\/p>\t\t\t\t\t<\/div>\n\t\t\t\t\t\t<\/div>\n\t\t\t\t<\/div>\n\t\t\t\t\t\t<\/div>\n\t\t\t\t\t<\/div>\n\t\t<\/div>\n\t\t\t\t\t\t\t\t<\/div>\n\t\t\t\t\t<\/div>\n\t\t<\/section>\n\t\t\t\t\t\t\t\t\t<\/div>\n\t\t\t<\/div>\n\t\t\t\t\t<\/div>\n\t\t","protected":false},"excerpt":{"rendered":"<p>Appara\u00eetre sur Google et Bing reste un must pour la majorit\u00e9 des entreprises. Bing compte plus de 360 millions de recherches quotidiennes et Google plus de 6 milliards ! De nombreuses opportunit\u00e9s pour atteindre votre public cible, n&#8217;est-ce pas ? Google &amp; Microsoft Search Ads Si la configuration de vos publicit\u00e9s est bien faite, elle [&hellip;]<\/p>\n","protected":false},"author":2,"featured_media":721,"parent":0,"menu_order":0,"comment_status":"closed","ping_status":"closed","template":"","meta":{"_bbp_topic_count":0,"_bbp_reply_count":0,"_bbp_total_topic_count":0,"_bbp_total_reply_count":0,"_bbp_voice_count":0,"_bbp_anonymous_reply_count":0,"_bbp_topic_count_hidden":0,"_bbp_reply_count_hidden":0,"_bbp_forum_subforum_count":0,"inline_featured_image":false,"footnotes":""},"class_list":["post-1281","page","type-page","status-publish","has-post-thumbnail","hentry"],"yoast_head":"<!-- This site is optimized with the Yoast SEO plugin v20.10 - https:\/\/yoast.com\/wordpress\/plugins\/seo\/ -->\n<title>Search Ads - Introduction - Shown Blog<\/title>\n<meta name=\"robots\" content=\"index, follow, max-snippet:-1, max-image-preview:large, max-video-preview:-1\" \/>\n<link rel=\"canonical\" href=\"https:\/\/shown.io\/blog\/?page_id=1281&lang=fr\" \/>\n<meta property=\"og:locale\" content=\"en_US\" \/>\n<meta property=\"og:type\" content=\"article\" \/>\n<meta property=\"og:title\" content=\"Search Ads - Introduction - Shown Blog\" \/>\n<meta property=\"og:description\" content=\"Appara\u00eetre sur Google et Bing reste un must pour la majorit\u00e9 des entreprises. Bing compte plus de 360 millions de recherches quotidiennes et Google plus de 6 milliards ! De nombreuses opportunit\u00e9s pour atteindre votre public cible, n&#8217;est-ce pas ? Google &amp; Microsoft Search Ads Si la configuration de vos publicit\u00e9s est bien faite, elle [&hellip;]\" \/>\n<meta property=\"og:url\" content=\"https:\/\/shown.io\/blog\/?page_id=1281&amp;lang=fr\" \/>\n<meta property=\"og:site_name\" content=\"Shown Blog\" \/>\n<meta property=\"article:modified_time\" content=\"2020-04-18T14:02:38+00:00\" \/>\n<meta property=\"og:image\" content=\"https:\/\/shown.io\/blog\/wp-content\/uploads\/2020\/04\/Academy_banner_allarticles.png\" \/>\n\t<meta property=\"og:image:width\" content=\"2398\" \/>\n\t<meta property=\"og:image:height\" content=\"636\" \/>\n\t<meta property=\"og:image:type\" content=\"image\/png\" \/>\n<meta name=\"twitter:card\" content=\"summary_large_image\" \/>\n<meta name=\"twitter:label1\" content=\"Est. reading time\" \/>\n\t<meta name=\"twitter:data1\" content=\"1 minute\" \/>\n<script type=\"application\/ld+json\" class=\"yoast-schema-graph\">{\"@context\":\"https:\/\/schema.org\",\"@graph\":[{\"@type\":\"WebPage\",\"@id\":\"https:\/\/shown.io\/blog\/?page_id=1281&lang=fr\",\"url\":\"https:\/\/shown.io\/blog\/?page_id=1281&lang=fr\",\"name\":\"Search Ads - Introduction - Shown Blog\",\"isPartOf\":{\"@id\":\"https:\/\/shown.io\/blog\/#website\"},\"datePublished\":\"2020-04-18T14:00:17+00:00\",\"dateModified\":\"2020-04-18T14:02:38+00:00\",\"breadcrumb\":{\"@id\":\"https:\/\/shown.io\/blog\/?page_id=1281&lang=fr#breadcrumb\"},\"inLanguage\":\"en-US\",\"potentialAction\":[{\"@type\":\"ReadAction\",\"target\":[\"https:\/\/shown.io\/blog\/?page_id=1281&lang=fr\"]}]},{\"@type\":\"BreadcrumbList\",\"@id\":\"https:\/\/shown.io\/blog\/?page_id=1281&lang=fr#breadcrumb\",\"itemListElement\":[{\"@type\":\"ListItem\",\"position\":1,\"name\":\"Home\",\"item\":\"https:\/\/shown.io\/blog\/\"},{\"@type\":\"ListItem\",\"position\":2,\"name\":\"Search Ads &#8211; Introduction\"}]},{\"@type\":\"WebSite\",\"@id\":\"https:\/\/shown.io\/blog\/#website\",\"url\":\"https:\/\/shown.io\/blog\/\",\"name\":\"Shown Blog\",\"description\":\"A blog about marketing optimization for smart companies\",\"publisher\":{\"@id\":\"https:\/\/shown.io\/blog\/#organization\"},\"potentialAction\":[{\"@type\":\"SearchAction\",\"target\":{\"@type\":\"EntryPoint\",\"urlTemplate\":\"https:\/\/shown.io\/blog\/?s={search_term_string}\"},\"query-input\":\"required name=search_term_string\"}],\"inLanguage\":\"en-US\"},{\"@type\":\"Organization\",\"@id\":\"https:\/\/shown.io\/blog\/#organization\",\"name\":\"Instaon\",\"url\":\"https:\/\/shown.io\/blog\/\",\"logo\":{\"@type\":\"ImageObject\",\"inLanguage\":\"en-US\",\"@id\":\"https:\/\/shown.io\/blog\/#\/schema\/logo\/image\/\",\"url\":\"https:\/\/shown.io\/blog\/wp-content\/uploads\/2020\/06\/Logo_Main_White.png\",\"contentUrl\":\"https:\/\/shown.io\/blog\/wp-content\/uploads\/2020\/06\/Logo_Main_White.png\",\"width\":1024,\"height\":1024,\"caption\":\"Instaon\"},\"image\":{\"@id\":\"https:\/\/shown.io\/blog\/#\/schema\/logo\/image\/\"}}]}<\/script>\n<!-- \/ Yoast SEO plugin. -->","yoast_head_json":{"title":"Search Ads - Introduction - Shown Blog","robots":{"index":"index","follow":"follow","max-snippet":"max-snippet:-1","max-image-preview":"max-image-preview:large","max-video-preview":"max-video-preview:-1"},"canonical":"https:\/\/shown.io\/blog\/?page_id=1281&lang=fr","og_locale":"en_US","og_type":"article","og_title":"Search Ads - Introduction - Shown Blog","og_description":"Appara\u00eetre sur Google et Bing reste un must pour la majorit\u00e9 des entreprises. Bing compte plus de 360 millions de recherches quotidiennes et Google plus de 6 milliards ! De nombreuses opportunit\u00e9s pour atteindre votre public cible, n&#8217;est-ce pas ? Google &amp; Microsoft Search Ads Si la configuration de vos publicit\u00e9s est bien faite, elle [&hellip;]","og_url":"https:\/\/shown.io\/blog\/?page_id=1281&lang=fr","og_site_name":"Shown Blog","article_modified_time":"2020-04-18T14:02:38+00:00","og_image":[{"width":2398,"height":636,"url":"https:\/\/shown.io\/blog\/wp-content\/uploads\/2020\/04\/Academy_banner_allarticles.png","type":"image\/png"}],"twitter_card":"summary_large_image","twitter_misc":{"Est. reading time":"1 minute"},"schema":{"@context":"https:\/\/schema.org","@graph":[{"@type":"WebPage","@id":"https:\/\/shown.io\/blog\/?page_id=1281&lang=fr","url":"https:\/\/shown.io\/blog\/?page_id=1281&lang=fr","name":"Search Ads - Introduction - Shown Blog","isPartOf":{"@id":"https:\/\/shown.io\/blog\/#website"},"datePublished":"2020-04-18T14:00:17+00:00","dateModified":"2020-04-18T14:02:38+00:00","breadcrumb":{"@id":"https:\/\/shown.io\/blog\/?page_id=1281&lang=fr#breadcrumb"},"inLanguage":"en-US","potentialAction":[{"@type":"ReadAction","target":["https:\/\/shown.io\/blog\/?page_id=1281&lang=fr"]}]},{"@type":"BreadcrumbList","@id":"https:\/\/shown.io\/blog\/?page_id=1281&lang=fr#breadcrumb","itemListElement":[{"@type":"ListItem","position":1,"name":"Home","item":"https:\/\/shown.io\/blog\/"},{"@type":"ListItem","position":2,"name":"Search Ads &#8211; Introduction"}]},{"@type":"WebSite","@id":"https:\/\/shown.io\/blog\/#website","url":"https:\/\/shown.io\/blog\/","name":"Shown Blog","description":"A blog about marketing optimization for smart companies","publisher":{"@id":"https:\/\/shown.io\/blog\/#organization"},"potentialAction":[{"@type":"SearchAction","target":{"@type":"EntryPoint","urlTemplate":"https:\/\/shown.io\/blog\/?s={search_term_string}"},"query-input":"required name=search_term_string"}],"inLanguage":"en-US"},{"@type":"Organization","@id":"https:\/\/shown.io\/blog\/#organization","name":"Instaon","url":"https:\/\/shown.io\/blog\/","logo":{"@type":"ImageObject","inLanguage":"en-US","@id":"https:\/\/shown.io\/blog\/#\/schema\/logo\/image\/","url":"https:\/\/shown.io\/blog\/wp-content\/uploads\/2020\/06\/Logo_Main_White.png","contentUrl":"https:\/\/shown.io\/blog\/wp-content\/uploads\/2020\/06\/Logo_Main_White.png","width":1024,"height":1024,"caption":"Instaon"},"image":{"@id":"https:\/\/shown.io\/blog\/#\/schema\/logo\/image\/"}}]}},"_links":{"self":[{"href":"https:\/\/shown.io\/blog\/index.php?rest_route=\/wp\/v2\/pages\/1281","targetHints":{"allow":["GET"]}}],"collection":[{"href":"https:\/\/shown.io\/blog\/index.php?rest_route=\/wp\/v2\/pages"}],"about":[{"href":"https:\/\/shown.io\/blog\/index.php?rest_route=\/wp\/v2\/types\/page"}],"author":[{"embeddable":true,"href":"https:\/\/shown.io\/blog\/index.php?rest_route=\/wp\/v2\/users\/2"}],"replies":[{"embeddable":true,"href":"https:\/\/shown.io\/blog\/index.php?rest_route=%2Fwp%2Fv2%2Fcomments&post=1281"}],"version-history":[{"count":2,"href":"https:\/\/shown.io\/blog\/index.php?rest_route=\/wp\/v2\/pages\/1281\/revisions"}],"predecessor-version":[{"id":1283,"href":"https:\/\/shown.io\/blog\/index.php?rest_route=\/wp\/v2\/pages\/1281\/revisions\/1283"}],"wp:featuredmedia":[{"embeddable":true,"href":"https:\/\/shown.io\/blog\/index.php?rest_route=\/wp\/v2\/media\/721"}],"wp:attachment":[{"href":"https:\/\/shown.io\/blog\/index.php?rest_route=%2Fwp%2Fv2%2Fmedia&parent=1281"}],"curies":[{"name":"wp","href":"https:\/\/api.w.org\/{rel}","templated":true}]}}