{"id":1288,"date":"2020-04-18T14:09:43","date_gmt":"2020-04-18T14:09:43","guid":{"rendered":"https:\/\/instaon.io\/blog\/?page_id=1288"},"modified":"2020-04-18T14:18:37","modified_gmt":"2020-04-18T14:18:37","slug":"search-ads-annonces-textuelles","status":"publish","type":"page","link":"https:\/\/shown.io\/blog\/?page_id=1288&lang=fr","title":{"rendered":"Search Ads &#8211; Annonces textuelles"},"content":{"rendered":"\t\t<div data-elementor-type=\"wp-page\" data-elementor-id=\"1288\" class=\"elementor elementor-1288\">\n\t\t\t\t\t\t<div class=\"elementor-inner\">\n\t\t\t\t<div class=\"elementor-section-wrap\">\n\t\t\t\t\t\t\t\t\t<section class=\"elementor-section elementor-top-section elementor-element elementor-element-0a806e8 elementor-section-boxed elementor-section-height-default elementor-section-height-default\" data-id=\"0a806e8\" data-element_type=\"section\">\n\t\t\t\t\t\t<div class=\"elementor-container elementor-column-gap-default\">\n\t\t\t\t\t\t\t<div class=\"elementor-row\">\n\t\t\t\t\t<div class=\"elementor-column elementor-col-100 elementor-top-column elementor-element elementor-element-c285c9d\" data-id=\"c285c9d\" data-element_type=\"column\">\n\t\t\t<div class=\"elementor-column-wrap elementor-element-populated\">\n\t\t\t\t\t\t\t<div class=\"elementor-widget-wrap\">\n\t\t\t\t\t\t<div class=\"elementor-element elementor-element-2a2773c elementor-widget elementor-widget-text-editor\" data-id=\"2a2773c\" data-element_type=\"widget\" data-widget_type=\"text-editor.default\">\n\t\t\t\t<div class=\"elementor-widget-container\">\n\t\t\t\t\t\t\t\t<div class=\"elementor-text-editor elementor-clearfix\">\n\t\t\t\t<p>Lors de la mise en place d&#8217;une campagne publicitaire sur Google ou Microsoft (Bing), vous devrez fournir \u00e0 Instaon un mod\u00e8le d&#8217;annonce initial. Ce mod\u00e8le sera utilis\u00e9 pour cr\u00e9er plusieurs annonces dans le processus d&#8217;optimisation afin d&#8217;am\u00e9liorer les r\u00e9sultats de vos annonces.<\/p><p><span style=\"font-size: 1.125rem;\">Le mod\u00e8le d&#8217;annonce comprend des titres, une description, l&#8217;URL du site web et un num\u00e9ro de t\u00e9l\u00e9phone (facultatif). Des param\u00e8tres plus avanc\u00e9s sont disponibles mais seront abord\u00e9s plus tard<\/span><\/p><p><span style=\"font-size: 1.125rem;\">Votre mod\u00e8le d&#8217;annonce est ce que les gens verront comme r\u00e9sultat de recherche chaque fois que votre annonce sera d\u00e9clench\u00e9e. Inutile de dire \u00e0 quel point celui-ci est crucial&#8230;<\/span><\/p><p><span style=\"font-size: 1.125rem;\">Lorsque vous cr\u00e9ez votre mod\u00e8le d&#8217;annonce, pensez \u00e0 cette liste:<\/span><\/p><ul><li><span style=\"font-size: 1.125rem;\">Mettez l&#8217;accent sur les avantages de votre busienss pour l&#8217;utilisateur.<\/span><\/li><li><span style=\"font-size: 1.125rem;\">Concentrez-vous sur vos titres. La qualit\u00e9 de ces derniers d\u00e9terminera les performances de vos publicit\u00e9s<\/span><\/li><li><span style=\"font-size: 1.125rem;\">N&#8217;oubliez pas que le titre n\u00b01 est plus important que les titres n\u00b02 et n\u00b03<\/span><\/li><li><span style=\"font-size: 1.125rem;\">Viser des titres et des descriptions plus longs dans la plupart des cas<\/span><\/li><li><span style=\"font-size: 1.125rem;\">Incluez vos mots-cl\u00e9s les plus importants dans vos titres<\/span><\/li><\/ul>\t\t\t\t\t<\/div>\n\t\t\t\t\t\t<\/div>\n\t\t\t\t<\/div>\n\t\t\t\t\t\t<\/div>\n\t\t\t\t\t<\/div>\n\t\t<\/div>\n\t\t\t\t\t\t\t\t<\/div>\n\t\t\t\t\t<\/div>\n\t\t<\/section>\n\t\t\t\t<section class=\"elementor-section elementor-top-section elementor-element elementor-element-da40c51 elementor-section-boxed elementor-section-height-default elementor-section-height-default\" data-id=\"da40c51\" data-element_type=\"section\">\n\t\t\t\t\t\t<div class=\"elementor-container elementor-column-gap-default\">\n\t\t\t\t\t\t\t<div class=\"elementor-row\">\n\t\t\t\t\t<div class=\"elementor-column elementor-col-100 elementor-top-column elementor-element elementor-element-100ffa9\" data-id=\"100ffa9\" data-element_type=\"column\">\n\t\t\t<div class=\"elementor-column-wrap elementor-element-populated\">\n\t\t\t\t\t\t\t<div class=\"elementor-widget-wrap\">\n\t\t\t\t\t\t<div class=\"elementor-element elementor-element-2d9efbc elementor-widget elementor-widget-heading\" data-id=\"2d9efbc\" data-element_type=\"widget\" data-widget_type=\"heading.default\">\n\t\t\t\t<div class=\"elementor-widget-container\">\n\t\t\t<h5 class=\"elementor-heading-title elementor-size-default\">Titres &amp; description<\/h5>\t\t<\/div>\n\t\t\t\t<\/div>\n\t\t\t\t\t\t<\/div>\n\t\t\t\t\t<\/div>\n\t\t<\/div>\n\t\t\t\t\t\t\t\t<\/div>\n\t\t\t\t\t<\/div>\n\t\t<\/section>\n\t\t\t\t<section class=\"elementor-section elementor-top-section elementor-element elementor-element-f38f04b elementor-section-boxed elementor-section-height-default elementor-section-height-default\" data-id=\"f38f04b\" data-element_type=\"section\">\n\t\t\t\t\t\t<div class=\"elementor-container elementor-column-gap-default\">\n\t\t\t\t\t\t\t<div class=\"elementor-row\">\n\t\t\t\t\t<div class=\"elementor-column elementor-col-100 elementor-top-column elementor-element elementor-element-7a5972b\" data-id=\"7a5972b\" data-element_type=\"column\">\n\t\t\t<div class=\"elementor-column-wrap elementor-element-populated\">\n\t\t\t\t\t\t\t<div class=\"elementor-widget-wrap\">\n\t\t\t\t\t\t<div class=\"elementor-element elementor-element-0cca810 elementor-widget elementor-widget-image\" data-id=\"0cca810\" data-element_type=\"widget\" data-widget_type=\"image.default\">\n\t\t\t\t<div class=\"elementor-widget-container\">\n\t\t\t\t\t\t\t\t<div class=\"elementor-image\">\n\t\t\t\t\t\t\t\t\t\t\t\t<img loading=\"lazy\" decoding=\"async\" width=\"808\" height=\"337\" src=\"https:\/\/shown.io\/blog\/wp-content\/uploads\/2020\/04\/ad-details-1.png\" class=\"attachment-large size-large wp-image-837\" alt=\"\" srcset=\"https:\/\/shown.io\/blog\/wp-content\/uploads\/2020\/04\/ad-details-1.png 808w, https:\/\/shown.io\/blog\/wp-content\/uploads\/2020\/04\/ad-details-1-300x125.png 300w, https:\/\/shown.io\/blog\/wp-content\/uploads\/2020\/04\/ad-details-1-768x320.png 768w\" sizes=\"auto, (max-width: 808px) 100vw, 808px\" \/>\t\t\t\t\t\t\t\t\t\t\t\t\t\t<\/div>\n\t\t\t\t\t\t<\/div>\n\t\t\t\t<\/div>\n\t\t\t\t\t\t<\/div>\n\t\t\t\t\t<\/div>\n\t\t<\/div>\n\t\t\t\t\t\t\t\t<\/div>\n\t\t\t\t\t<\/div>\n\t\t<\/section>\n\t\t\t\t<section class=\"elementor-section elementor-top-section elementor-element elementor-element-0b1abef elementor-section-boxed elementor-section-height-default elementor-section-height-default\" data-id=\"0b1abef\" data-element_type=\"section\">\n\t\t\t\t\t\t<div class=\"elementor-container elementor-column-gap-default\">\n\t\t\t\t\t\t\t<div class=\"elementor-row\">\n\t\t\t\t\t<div class=\"elementor-column elementor-col-100 elementor-top-column elementor-element elementor-element-e7fc59b\" data-id=\"e7fc59b\" data-element_type=\"column\">\n\t\t\t<div class=\"elementor-column-wrap elementor-element-populated\">\n\t\t\t\t\t\t\t<div class=\"elementor-widget-wrap\">\n\t\t\t\t\t\t<div class=\"elementor-element elementor-element-1b65dde elementor-widget elementor-widget-text-editor\" data-id=\"1b65dde\" data-element_type=\"widget\" data-widget_type=\"text-editor.default\">\n\t\t\t\t<div class=\"elementor-widget-container\">\n\t\t\t\t\t\t\t\t<div class=\"elementor-text-editor elementor-clearfix\">\n\t\t\t\t<p><b>A faire:<\/b><\/p><ul><li><span style=\"font-size: 1.125rem;\">M\u00eame si le troisi\u00e8me titre est facultatif, nous vous recommandons vivement d&#8217;en \u00e9crire un.<\/span><\/li><li><span style=\"font-size: 1.125rem;\">Incluez votre message le plus important dans les titres : votre offre et la mani\u00e8re dont les utilisateurs peuvent en b\u00e9n\u00e9ficier.<\/span><\/li><li><span style=\"font-size: 1.125rem;\">Privil\u00e9giez les titres longs et les descriptions longues. Cela augmentera l&#8217;espace cliquable de vos annonces.<\/span><\/li><\/ul><p><b>A ne pas faire :<\/b><\/p><ul><li><span style=\"font-size: 1.125rem;\">N&#8217;incluez pas de num\u00e9ros de t\u00e9l\u00e9phone\u00a0<\/span><\/li><li><span style=\"font-size: 1.125rem;\">Ne pas inclure plus d&#8217;un caract\u00e8re sp\u00e9cial (%@#)<\/span><\/li><li><span style=\"font-size: 1.125rem;\">\u00c9vitez d&#8217;utiliser des points d&#8217;exclamation ( !)<\/span><\/li><li><span style=\"font-size: 1.125rem;\">N&#8217;\u00e9crivez pas les m\u00eames titres<\/span><\/li><\/ul>\t\t\t\t\t<\/div>\n\t\t\t\t\t\t<\/div>\n\t\t\t\t<\/div>\n\t\t\t\t\t\t<\/div>\n\t\t\t\t\t<\/div>\n\t\t<\/div>\n\t\t\t\t\t\t\t\t<\/div>\n\t\t\t\t\t<\/div>\n\t\t<\/section>\n\t\t\t\t<section class=\"elementor-section elementor-top-section elementor-element elementor-element-1a5c8a6 elementor-section-boxed elementor-section-height-default elementor-section-height-default\" data-id=\"1a5c8a6\" data-element_type=\"section\">\n\t\t\t\t\t\t<div class=\"elementor-container elementor-column-gap-default\">\n\t\t\t\t\t\t\t<div class=\"elementor-row\">\n\t\t\t\t\t<div class=\"elementor-column elementor-col-100 elementor-top-column elementor-element elementor-element-a1bf2a0\" data-id=\"a1bf2a0\" data-element_type=\"column\">\n\t\t\t<div class=\"elementor-column-wrap elementor-element-populated\">\n\t\t\t\t\t\t\t<div class=\"elementor-widget-wrap\">\n\t\t\t\t\t\t<div class=\"elementor-element elementor-element-88d0686 elementor-widget elementor-widget-heading\" data-id=\"88d0686\" data-element_type=\"widget\" data-widget_type=\"heading.default\">\n\t\t\t\t<div class=\"elementor-widget-container\">\n\t\t\t<h5 class=\"elementor-heading-title elementor-size-default\">Num\u00e9ro de t\u00e9l\u00e9phone<\/h5>\t\t<\/div>\n\t\t\t\t<\/div>\n\t\t\t\t\t\t<\/div>\n\t\t\t\t\t<\/div>\n\t\t<\/div>\n\t\t\t\t\t\t\t\t<\/div>\n\t\t\t\t\t<\/div>\n\t\t<\/section>\n\t\t\t\t<section class=\"elementor-section elementor-top-section elementor-element elementor-element-bc53629 elementor-section-boxed elementor-section-height-default elementor-section-height-default\" data-id=\"bc53629\" data-element_type=\"section\">\n\t\t\t\t\t\t<div class=\"elementor-container elementor-column-gap-default\">\n\t\t\t\t\t\t\t<div class=\"elementor-row\">\n\t\t\t\t\t<div class=\"elementor-column elementor-col-100 elementor-top-column elementor-element elementor-element-0efc64e\" data-id=\"0efc64e\" data-element_type=\"column\">\n\t\t\t<div class=\"elementor-column-wrap elementor-element-populated\">\n\t\t\t\t\t\t\t<div class=\"elementor-widget-wrap\">\n\t\t\t\t\t\t<div class=\"elementor-element elementor-element-b0e20a0 elementor-widget elementor-widget-image\" data-id=\"b0e20a0\" data-element_type=\"widget\" data-widget_type=\"image.default\">\n\t\t\t\t<div class=\"elementor-widget-container\">\n\t\t\t\t\t\t\t\t<div class=\"elementor-image\">\n\t\t\t\t\t\t\t\t\t\t\t\t<img loading=\"lazy\" decoding=\"async\" width=\"792\" height=\"103\" src=\"https:\/\/shown.io\/blog\/wp-content\/uploads\/2020\/04\/phone-number-1.png\" class=\"attachment-large size-large wp-image-839\" alt=\"\" srcset=\"https:\/\/shown.io\/blog\/wp-content\/uploads\/2020\/04\/phone-number-1.png 792w, https:\/\/shown.io\/blog\/wp-content\/uploads\/2020\/04\/phone-number-1-300x39.png 300w, https:\/\/shown.io\/blog\/wp-content\/uploads\/2020\/04\/phone-number-1-768x100.png 768w\" sizes=\"auto, (max-width: 792px) 100vw, 792px\" \/>\t\t\t\t\t\t\t\t\t\t\t\t\t\t<\/div>\n\t\t\t\t\t\t<\/div>\n\t\t\t\t<\/div>\n\t\t\t\t\t\t<\/div>\n\t\t\t\t\t<\/div>\n\t\t<\/div>\n\t\t\t\t\t\t\t\t<\/div>\n\t\t\t\t\t<\/div>\n\t\t<\/section>\n\t\t\t\t<section class=\"elementor-section elementor-top-section elementor-element elementor-element-b022b03 elementor-section-boxed elementor-section-height-default elementor-section-height-default\" data-id=\"b022b03\" data-element_type=\"section\">\n\t\t\t\t\t\t<div class=\"elementor-container elementor-column-gap-default\">\n\t\t\t\t\t\t\t<div class=\"elementor-row\">\n\t\t\t\t\t<div class=\"elementor-column elementor-col-100 elementor-top-column elementor-element elementor-element-2ba36a8\" data-id=\"2ba36a8\" data-element_type=\"column\">\n\t\t\t<div class=\"elementor-column-wrap elementor-element-populated\">\n\t\t\t\t\t\t\t<div class=\"elementor-widget-wrap\">\n\t\t\t\t\t\t<div class=\"elementor-element elementor-element-4995f3a elementor-widget elementor-widget-text-editor\" data-id=\"4995f3a\" data-element_type=\"widget\" data-widget_type=\"text-editor.default\">\n\t\t\t\t<div class=\"elementor-widget-container\">\n\t\t\t\t\t\t\t\t<div class=\"elementor-text-editor elementor-clearfix\">\n\t\t\t\t<p>Si vous choisissez &#8220;Recevoir plus d&#8217;appels&#8221; comme objectif publicitaire, il vous sera demand\u00e9 d&#8217;introduire votre num\u00e9ro de t\u00e9l\u00e9phone.<\/p><p><span style=\"font-size: 1.125rem;\">Pour recevoir plus d&#8217;appels, vous devez mettre en \u00e9vidence votre num\u00e9ro sur vos annonces. Cela permettra aux clients potentiels de vous appeler directement depuis leur smartphone.<\/span><\/p><p>\u00a0<\/p>\t\t\t\t\t<\/div>\n\t\t\t\t\t\t<\/div>\n\t\t\t\t<\/div>\n\t\t\t\t\t\t<\/div>\n\t\t\t\t\t<\/div>\n\t\t<\/div>\n\t\t\t\t\t\t\t\t<\/div>\n\t\t\t\t\t<\/div>\n\t\t<\/section>\n\t\t\t\t\t\t\t\t\t<\/div>\n\t\t\t<\/div>\n\t\t\t\t\t<\/div>\n\t\t","protected":false},"excerpt":{"rendered":"<p>Lors de la mise en place d&#8217;une campagne publicitaire sur Google ou Microsoft (Bing), vous devrez fournir \u00e0 Instaon un mod\u00e8le d&#8217;annonce initial. Ce mod\u00e8le sera utilis\u00e9 pour cr\u00e9er plusieurs annonces dans le processus d&#8217;optimisation afin d&#8217;am\u00e9liorer les r\u00e9sultats de vos annonces. Le mod\u00e8le d&#8217;annonce comprend des titres, une description, l&#8217;URL du site web et [&hellip;]<\/p>\n","protected":false},"author":2,"featured_media":721,"parent":0,"menu_order":0,"comment_status":"closed","ping_status":"closed","template":"","meta":{"_bbp_topic_count":0,"_bbp_reply_count":0,"_bbp_total_topic_count":0,"_bbp_total_reply_count":0,"_bbp_voice_count":0,"_bbp_anonymous_reply_count":0,"_bbp_topic_count_hidden":0,"_bbp_reply_count_hidden":0,"_bbp_forum_subforum_count":0,"inline_featured_image":false,"footnotes":""},"class_list":["post-1288","page","type-page","status-publish","has-post-thumbnail","hentry"],"yoast_head":"<!-- This site is optimized with the Yoast SEO plugin v20.10 - https:\/\/yoast.com\/wordpress\/plugins\/seo\/ -->\n<title>Search Ads - Annonces textuelles - Shown Blog<\/title>\n<meta name=\"robots\" content=\"index, follow, max-snippet:-1, max-image-preview:large, max-video-preview:-1\" \/>\n<link rel=\"canonical\" href=\"https:\/\/shown.io\/blog\/?page_id=1288&lang=fr\" \/>\n<meta property=\"og:locale\" content=\"en_US\" \/>\n<meta property=\"og:type\" content=\"article\" \/>\n<meta property=\"og:title\" content=\"Search Ads - Annonces textuelles - Shown Blog\" \/>\n<meta property=\"og:description\" content=\"Lors de la mise en place d&#8217;une campagne publicitaire sur Google ou Microsoft (Bing), vous devrez fournir \u00e0 Instaon un mod\u00e8le d&#8217;annonce initial. Ce mod\u00e8le sera utilis\u00e9 pour cr\u00e9er plusieurs annonces dans le processus d&#8217;optimisation afin d&#8217;am\u00e9liorer les r\u00e9sultats de vos annonces. Le mod\u00e8le d&#8217;annonce comprend des titres, une description, l&#8217;URL du site web et [&hellip;]\" \/>\n<meta property=\"og:url\" content=\"https:\/\/shown.io\/blog\/?page_id=1288&amp;lang=fr\" \/>\n<meta property=\"og:site_name\" content=\"Shown Blog\" \/>\n<meta property=\"article:modified_time\" content=\"2020-04-18T14:18:37+00:00\" \/>\n<meta property=\"og:image\" content=\"https:\/\/shown.io\/blog\/wp-content\/uploads\/2020\/04\/Academy_banner_allarticles.png\" \/>\n\t<meta property=\"og:image:width\" content=\"2398\" \/>\n\t<meta property=\"og:image:height\" content=\"636\" \/>\n\t<meta property=\"og:image:type\" content=\"image\/png\" \/>\n<meta name=\"twitter:card\" content=\"summary_large_image\" \/>\n<meta name=\"twitter:label1\" content=\"Est. reading time\" \/>\n\t<meta name=\"twitter:data1\" content=\"2 minutes\" \/>\n<script type=\"application\/ld+json\" class=\"yoast-schema-graph\">{\"@context\":\"https:\/\/schema.org\",\"@graph\":[{\"@type\":\"WebPage\",\"@id\":\"https:\/\/shown.io\/blog\/?page_id=1288&lang=fr\",\"url\":\"https:\/\/shown.io\/blog\/?page_id=1288&lang=fr\",\"name\":\"Search Ads - Annonces textuelles - Shown Blog\",\"isPartOf\":{\"@id\":\"https:\/\/shown.io\/blog\/#website\"},\"datePublished\":\"2020-04-18T14:09:43+00:00\",\"dateModified\":\"2020-04-18T14:18:37+00:00\",\"breadcrumb\":{\"@id\":\"https:\/\/shown.io\/blog\/?page_id=1288&lang=fr#breadcrumb\"},\"inLanguage\":\"en-US\",\"potentialAction\":[{\"@type\":\"ReadAction\",\"target\":[\"https:\/\/shown.io\/blog\/?page_id=1288&lang=fr\"]}]},{\"@type\":\"BreadcrumbList\",\"@id\":\"https:\/\/shown.io\/blog\/?page_id=1288&lang=fr#breadcrumb\",\"itemListElement\":[{\"@type\":\"ListItem\",\"position\":1,\"name\":\"Home\",\"item\":\"https:\/\/shown.io\/blog\/\"},{\"@type\":\"ListItem\",\"position\":2,\"name\":\"Search Ads &#8211; Annonces textuelles\"}]},{\"@type\":\"WebSite\",\"@id\":\"https:\/\/shown.io\/blog\/#website\",\"url\":\"https:\/\/shown.io\/blog\/\",\"name\":\"Shown Blog\",\"description\":\"A blog about marketing optimization for smart companies\",\"publisher\":{\"@id\":\"https:\/\/shown.io\/blog\/#organization\"},\"potentialAction\":[{\"@type\":\"SearchAction\",\"target\":{\"@type\":\"EntryPoint\",\"urlTemplate\":\"https:\/\/shown.io\/blog\/?s={search_term_string}\"},\"query-input\":\"required name=search_term_string\"}],\"inLanguage\":\"en-US\"},{\"@type\":\"Organization\",\"@id\":\"https:\/\/shown.io\/blog\/#organization\",\"name\":\"Instaon\",\"url\":\"https:\/\/shown.io\/blog\/\",\"logo\":{\"@type\":\"ImageObject\",\"inLanguage\":\"en-US\",\"@id\":\"https:\/\/shown.io\/blog\/#\/schema\/logo\/image\/\",\"url\":\"https:\/\/shown.io\/blog\/wp-content\/uploads\/2020\/06\/Logo_Main_White.png\",\"contentUrl\":\"https:\/\/shown.io\/blog\/wp-content\/uploads\/2020\/06\/Logo_Main_White.png\",\"width\":1024,\"height\":1024,\"caption\":\"Instaon\"},\"image\":{\"@id\":\"https:\/\/shown.io\/blog\/#\/schema\/logo\/image\/\"}}]}<\/script>\n<!-- \/ Yoast SEO plugin. -->","yoast_head_json":{"title":"Search Ads - Annonces textuelles - Shown Blog","robots":{"index":"index","follow":"follow","max-snippet":"max-snippet:-1","max-image-preview":"max-image-preview:large","max-video-preview":"max-video-preview:-1"},"canonical":"https:\/\/shown.io\/blog\/?page_id=1288&lang=fr","og_locale":"en_US","og_type":"article","og_title":"Search Ads - Annonces textuelles - Shown Blog","og_description":"Lors de la mise en place d&#8217;une campagne publicitaire sur Google ou Microsoft (Bing), vous devrez fournir \u00e0 Instaon un mod\u00e8le d&#8217;annonce initial. Ce mod\u00e8le sera utilis\u00e9 pour cr\u00e9er plusieurs annonces dans le processus d&#8217;optimisation afin d&#8217;am\u00e9liorer les r\u00e9sultats de vos annonces. Le mod\u00e8le d&#8217;annonce comprend des titres, une description, l&#8217;URL du site web et [&hellip;]","og_url":"https:\/\/shown.io\/blog\/?page_id=1288&lang=fr","og_site_name":"Shown Blog","article_modified_time":"2020-04-18T14:18:37+00:00","og_image":[{"width":2398,"height":636,"url":"https:\/\/shown.io\/blog\/wp-content\/uploads\/2020\/04\/Academy_banner_allarticles.png","type":"image\/png"}],"twitter_card":"summary_large_image","twitter_misc":{"Est. reading time":"2 minutes"},"schema":{"@context":"https:\/\/schema.org","@graph":[{"@type":"WebPage","@id":"https:\/\/shown.io\/blog\/?page_id=1288&lang=fr","url":"https:\/\/shown.io\/blog\/?page_id=1288&lang=fr","name":"Search Ads - Annonces textuelles - Shown Blog","isPartOf":{"@id":"https:\/\/shown.io\/blog\/#website"},"datePublished":"2020-04-18T14:09:43+00:00","dateModified":"2020-04-18T14:18:37+00:00","breadcrumb":{"@id":"https:\/\/shown.io\/blog\/?page_id=1288&lang=fr#breadcrumb"},"inLanguage":"en-US","potentialAction":[{"@type":"ReadAction","target":["https:\/\/shown.io\/blog\/?page_id=1288&lang=fr"]}]},{"@type":"BreadcrumbList","@id":"https:\/\/shown.io\/blog\/?page_id=1288&lang=fr#breadcrumb","itemListElement":[{"@type":"ListItem","position":1,"name":"Home","item":"https:\/\/shown.io\/blog\/"},{"@type":"ListItem","position":2,"name":"Search Ads &#8211; Annonces textuelles"}]},{"@type":"WebSite","@id":"https:\/\/shown.io\/blog\/#website","url":"https:\/\/shown.io\/blog\/","name":"Shown Blog","description":"A blog about marketing optimization for smart companies","publisher":{"@id":"https:\/\/shown.io\/blog\/#organization"},"potentialAction":[{"@type":"SearchAction","target":{"@type":"EntryPoint","urlTemplate":"https:\/\/shown.io\/blog\/?s={search_term_string}"},"query-input":"required name=search_term_string"}],"inLanguage":"en-US"},{"@type":"Organization","@id":"https:\/\/shown.io\/blog\/#organization","name":"Instaon","url":"https:\/\/shown.io\/blog\/","logo":{"@type":"ImageObject","inLanguage":"en-US","@id":"https:\/\/shown.io\/blog\/#\/schema\/logo\/image\/","url":"https:\/\/shown.io\/blog\/wp-content\/uploads\/2020\/06\/Logo_Main_White.png","contentUrl":"https:\/\/shown.io\/blog\/wp-content\/uploads\/2020\/06\/Logo_Main_White.png","width":1024,"height":1024,"caption":"Instaon"},"image":{"@id":"https:\/\/shown.io\/blog\/#\/schema\/logo\/image\/"}}]}},"_links":{"self":[{"href":"https:\/\/shown.io\/blog\/index.php?rest_route=\/wp\/v2\/pages\/1288","targetHints":{"allow":["GET"]}}],"collection":[{"href":"https:\/\/shown.io\/blog\/index.php?rest_route=\/wp\/v2\/pages"}],"about":[{"href":"https:\/\/shown.io\/blog\/index.php?rest_route=\/wp\/v2\/types\/page"}],"author":[{"embeddable":true,"href":"https:\/\/shown.io\/blog\/index.php?rest_route=\/wp\/v2\/users\/2"}],"replies":[{"embeddable":true,"href":"https:\/\/shown.io\/blog\/index.php?rest_route=%2Fwp%2Fv2%2Fcomments&post=1288"}],"version-history":[{"count":6,"href":"https:\/\/shown.io\/blog\/index.php?rest_route=\/wp\/v2\/pages\/1288\/revisions"}],"predecessor-version":[{"id":1304,"href":"https:\/\/shown.io\/blog\/index.php?rest_route=\/wp\/v2\/pages\/1288\/revisions\/1304"}],"wp:featuredmedia":[{"embeddable":true,"href":"https:\/\/shown.io\/blog\/index.php?rest_route=\/wp\/v2\/media\/721"}],"wp:attachment":[{"href":"https:\/\/shown.io\/blog\/index.php?rest_route=%2Fwp%2Fv2%2Fmedia&parent=1288"}],"curies":[{"name":"wp","href":"https:\/\/api.w.org\/{rel}","templated":true}]}}