{"id":1316,"date":"2020-04-18T15:28:52","date_gmt":"2020-04-18T15:28:52","guid":{"rendered":"https:\/\/instaon.io\/blog\/?page_id=1316"},"modified":"2020-04-18T20:58:07","modified_gmt":"2020-04-18T20:58:07","slug":"anuncios-de-texto-de-busqueda","status":"publish","type":"page","link":"https:\/\/shown.io\/blog\/?page_id=1316&lang=es","title":{"rendered":"Anuncios de Texto de B\u00fasqueda"},"content":{"rendered":"\t\t<div data-elementor-type=\"wp-page\" data-elementor-id=\"1316\" class=\"elementor elementor-1316\">\n\t\t\t\t\t\t<div class=\"elementor-inner\">\n\t\t\t\t<div class=\"elementor-section-wrap\">\n\t\t\t\t\t\t\t\t\t<section class=\"elementor-section elementor-top-section elementor-element elementor-element-0a806e8 elementor-section-boxed elementor-section-height-default elementor-section-height-default\" data-id=\"0a806e8\" data-element_type=\"section\">\n\t\t\t\t\t\t<div class=\"elementor-container elementor-column-gap-default\">\n\t\t\t\t\t\t\t<div class=\"elementor-row\">\n\t\t\t\t\t<div class=\"elementor-column elementor-col-100 elementor-top-column elementor-element elementor-element-c285c9d\" data-id=\"c285c9d\" data-element_type=\"column\">\n\t\t\t<div class=\"elementor-column-wrap elementor-element-populated\">\n\t\t\t\t\t\t\t<div class=\"elementor-widget-wrap\">\n\t\t\t\t\t\t<div class=\"elementor-element elementor-element-2a2773c elementor-widget elementor-widget-text-editor\" data-id=\"2a2773c\" data-element_type=\"widget\" data-widget_type=\"text-editor.default\">\n\t\t\t\t<div class=\"elementor-widget-container\">\n\t\t\t\t\t\t\t\t<div class=\"elementor-text-editor elementor-clearfix\">\n\t\t\t\t<p>Al configurar una campa\u00f1a de anuncios de Google o Microsoft (Bing), deber\u00e1s proporcionar a Instaon una plantilla de anuncio inicial. Este formulario se utilizar\u00e1 para crear varios anuncios en el proceso de optimizaci\u00f3n para mejorar los resultados de tus anuncios.<\/p><p>El modelo de anuncios consta de t\u00edtulos, descripciones, URL del sitio web y n\u00famero de tel\u00e9fono (opcional). Existen configuraciones m\u00e1s avanzadas disponibles, pero se discutir\u00e1n m\u00e1s adelante.<\/p><p>Tu modelo de anuncios es lo que las personas ver\u00e1n como resultado de b\u00fasqueda cada vez que se active tu anuncio. No es necesario decir la enorme importancia que tiene..<\/p><p>Al completar tu modelo de anuncio, ten en cuenta esta lista:<\/p><ol><li><span style=\"font-size: 1.125rem;\">Deja un mensaje que se enfoque en los beneficios que puedes brindarle a los usuarios<\/span><\/li><li>Conc\u00e9ntrate en los t\u00edtulos. La calidad de estos determinar\u00e1 el rendimiento de tus anuncios.<\/li><li><span style=\"font-size: 1.125rem;\">Recuerda que el t\u00edtulo #1 es m\u00e1s importante que el #2 y #3<\/span><\/li><li>Apunta a titulos y descripciones m\u00e1s largos en la mayor\u00eda de los casos<\/li><li><span style=\"font-size: 1.125rem;\">I<\/span>ncluye tus palabras clave principales en el t\u00edtulo<\/li><\/ol>\t\t\t\t\t<\/div>\n\t\t\t\t\t\t<\/div>\n\t\t\t\t<\/div>\n\t\t\t\t\t\t<\/div>\n\t\t\t\t\t<\/div>\n\t\t<\/div>\n\t\t\t\t\t\t\t\t<\/div>\n\t\t\t\t\t<\/div>\n\t\t<\/section>\n\t\t\t\t<section class=\"elementor-section elementor-top-section elementor-element elementor-element-da40c51 elementor-section-boxed elementor-section-height-default elementor-section-height-default\" data-id=\"da40c51\" data-element_type=\"section\">\n\t\t\t\t\t\t<div class=\"elementor-container elementor-column-gap-default\">\n\t\t\t\t\t\t\t<div class=\"elementor-row\">\n\t\t\t\t\t<div class=\"elementor-column elementor-col-100 elementor-top-column elementor-element elementor-element-100ffa9\" data-id=\"100ffa9\" data-element_type=\"column\">\n\t\t\t<div class=\"elementor-column-wrap elementor-element-populated\">\n\t\t\t\t\t\t\t<div class=\"elementor-widget-wrap\">\n\t\t\t\t\t\t<div class=\"elementor-element elementor-element-2d9efbc elementor-widget elementor-widget-heading\" data-id=\"2d9efbc\" data-element_type=\"widget\" data-widget_type=\"heading.default\">\n\t\t\t\t<div class=\"elementor-widget-container\">\n\t\t\t<h5 class=\"elementor-heading-title elementor-size-default\">Ad Titles &amp; decription<\/h5>\t\t<\/div>\n\t\t\t\t<\/div>\n\t\t\t\t\t\t<\/div>\n\t\t\t\t\t<\/div>\n\t\t<\/div>\n\t\t\t\t\t\t\t\t<\/div>\n\t\t\t\t\t<\/div>\n\t\t<\/section>\n\t\t\t\t<section class=\"elementor-section elementor-top-section elementor-element elementor-element-f38f04b elementor-section-boxed elementor-section-height-default elementor-section-height-default\" data-id=\"f38f04b\" data-element_type=\"section\">\n\t\t\t\t\t\t<div class=\"elementor-container elementor-column-gap-default\">\n\t\t\t\t\t\t\t<div class=\"elementor-row\">\n\t\t\t\t\t<div class=\"elementor-column elementor-col-100 elementor-top-column elementor-element elementor-element-7a5972b\" data-id=\"7a5972b\" data-element_type=\"column\">\n\t\t\t<div class=\"elementor-column-wrap elementor-element-populated\">\n\t\t\t\t\t\t\t<div class=\"elementor-widget-wrap\">\n\t\t\t\t\t\t<div class=\"elementor-element elementor-element-0cca810 elementor-widget elementor-widget-image\" data-id=\"0cca810\" data-element_type=\"widget\" data-widget_type=\"image.default\">\n\t\t\t\t<div class=\"elementor-widget-container\">\n\t\t\t\t\t\t\t\t<div class=\"elementor-image\">\n\t\t\t\t\t\t\t\t\t\t\t\t<img loading=\"lazy\" decoding=\"async\" width=\"808\" height=\"337\" src=\"https:\/\/shown.io\/blog\/wp-content\/uploads\/2020\/04\/ad-details-1.png\" class=\"attachment-large size-large wp-image-837\" alt=\"\" srcset=\"https:\/\/shown.io\/blog\/wp-content\/uploads\/2020\/04\/ad-details-1.png 808w, https:\/\/shown.io\/blog\/wp-content\/uploads\/2020\/04\/ad-details-1-300x125.png 300w, https:\/\/shown.io\/blog\/wp-content\/uploads\/2020\/04\/ad-details-1-768x320.png 768w\" sizes=\"auto, (max-width: 808px) 100vw, 808px\" \/>\t\t\t\t\t\t\t\t\t\t\t\t\t\t<\/div>\n\t\t\t\t\t\t<\/div>\n\t\t\t\t<\/div>\n\t\t\t\t\t\t<\/div>\n\t\t\t\t\t<\/div>\n\t\t<\/div>\n\t\t\t\t\t\t\t\t<\/div>\n\t\t\t\t\t<\/div>\n\t\t<\/section>\n\t\t\t\t<section class=\"elementor-section elementor-top-section elementor-element elementor-element-0b1abef elementor-section-boxed elementor-section-height-default elementor-section-height-default\" data-id=\"0b1abef\" data-element_type=\"section\">\n\t\t\t\t\t\t<div class=\"elementor-container elementor-column-gap-default\">\n\t\t\t\t\t\t\t<div class=\"elementor-row\">\n\t\t\t\t\t<div class=\"elementor-column elementor-col-100 elementor-top-column elementor-element elementor-element-e7fc59b\" data-id=\"e7fc59b\" data-element_type=\"column\">\n\t\t\t<div class=\"elementor-column-wrap elementor-element-populated\">\n\t\t\t\t\t\t\t<div class=\"elementor-widget-wrap\">\n\t\t\t\t\t\t<div class=\"elementor-element elementor-element-1b65dde elementor-widget elementor-widget-text-editor\" data-id=\"1b65dde\" data-element_type=\"widget\" data-widget_type=\"text-editor.default\">\n\t\t\t\t<div class=\"elementor-widget-container\">\n\t\t\t\t\t\t\t\t<div class=\"elementor-text-editor elementor-clearfix\">\n\t\t\t\t<p><strong>Qu\u00e9 hacer:<\/strong><\/p><ul><li>Aunque el tercer t\u00edtulo es opcional, te recomendamos completarlo<\/li><li>Incluye tu mensaje m\u00e1s importante en los t\u00edtulos: tu oferta y los beneficios que le traer\u00e1n a los usuarios.<\/li><li>Apunta a t\u00edtulos y descripciones largas. Aumentar\u00e1 el espacio en el que se puede hacer click en tus anuncios.<\/li><\/ul><p><strong>Qu\u00e9 no hacer:<\/strong><\/p><ul><li><span style=\"font-size: 1.125rem;\">No incluyas n\u00fameros de tel\u00e9fono<\/span><\/li><li><span style=\"font-size: 1.125rem;\">Don&#8217;t include more than 1 special character (%@#)<\/span><\/li><li>No incluyas m\u00e1s de 1 caracter especial (% @ #)<\/li><li><span style=\"font-size: 1.125rem;\">No escribas t\u00edtulos iguales<\/span><\/li><\/ul>\t\t\t\t\t<\/div>\n\t\t\t\t\t\t<\/div>\n\t\t\t\t<\/div>\n\t\t\t\t\t\t<\/div>\n\t\t\t\t\t<\/div>\n\t\t<\/div>\n\t\t\t\t\t\t\t\t<\/div>\n\t\t\t\t\t<\/div>\n\t\t<\/section>\n\t\t\t\t<section class=\"elementor-section elementor-top-section elementor-element elementor-element-1a5c8a6 elementor-section-boxed elementor-section-height-default elementor-section-height-default\" data-id=\"1a5c8a6\" data-element_type=\"section\">\n\t\t\t\t\t\t<div class=\"elementor-container elementor-column-gap-default\">\n\t\t\t\t\t\t\t<div class=\"elementor-row\">\n\t\t\t\t\t<div class=\"elementor-column elementor-col-100 elementor-top-column elementor-element elementor-element-a1bf2a0\" data-id=\"a1bf2a0\" data-element_type=\"column\">\n\t\t\t<div class=\"elementor-column-wrap elementor-element-populated\">\n\t\t\t\t\t\t\t<div class=\"elementor-widget-wrap\">\n\t\t\t\t\t\t<div class=\"elementor-element elementor-element-88d0686 elementor-widget elementor-widget-heading\" data-id=\"88d0686\" data-element_type=\"widget\" data-widget_type=\"heading.default\">\n\t\t\t\t<div class=\"elementor-widget-container\">\n\t\t\t<h5 class=\"elementor-heading-title elementor-size-default\">N\u00famero de Tel\u00e9fono<\/h5>\t\t<\/div>\n\t\t\t\t<\/div>\n\t\t\t\t\t\t<\/div>\n\t\t\t\t\t<\/div>\n\t\t<\/div>\n\t\t\t\t\t\t\t\t<\/div>\n\t\t\t\t\t<\/div>\n\t\t<\/section>\n\t\t\t\t<section class=\"elementor-section elementor-top-section elementor-element elementor-element-bc53629 elementor-section-boxed elementor-section-height-default elementor-section-height-default\" data-id=\"bc53629\" data-element_type=\"section\">\n\t\t\t\t\t\t<div class=\"elementor-container elementor-column-gap-default\">\n\t\t\t\t\t\t\t<div class=\"elementor-row\">\n\t\t\t\t\t<div class=\"elementor-column elementor-col-100 elementor-top-column elementor-element elementor-element-0efc64e\" data-id=\"0efc64e\" data-element_type=\"column\">\n\t\t\t<div class=\"elementor-column-wrap elementor-element-populated\">\n\t\t\t\t\t\t\t<div class=\"elementor-widget-wrap\">\n\t\t\t\t\t\t<div class=\"elementor-element elementor-element-b0e20a0 elementor-widget elementor-widget-image\" data-id=\"b0e20a0\" data-element_type=\"widget\" data-widget_type=\"image.default\">\n\t\t\t\t<div class=\"elementor-widget-container\">\n\t\t\t\t\t\t\t\t<div class=\"elementor-image\">\n\t\t\t\t\t\t\t\t\t\t\t\t<img loading=\"lazy\" decoding=\"async\" width=\"792\" height=\"103\" src=\"https:\/\/shown.io\/blog\/wp-content\/uploads\/2020\/04\/phone-number-1.png\" class=\"attachment-large size-large wp-image-839\" alt=\"\" srcset=\"https:\/\/shown.io\/blog\/wp-content\/uploads\/2020\/04\/phone-number-1.png 792w, https:\/\/shown.io\/blog\/wp-content\/uploads\/2020\/04\/phone-number-1-300x39.png 300w, https:\/\/shown.io\/blog\/wp-content\/uploads\/2020\/04\/phone-number-1-768x100.png 768w\" sizes=\"auto, (max-width: 792px) 100vw, 792px\" \/>\t\t\t\t\t\t\t\t\t\t\t\t\t\t<\/div>\n\t\t\t\t\t\t<\/div>\n\t\t\t\t<\/div>\n\t\t\t\t\t\t<\/div>\n\t\t\t\t\t<\/div>\n\t\t<\/div>\n\t\t\t\t\t\t\t\t<\/div>\n\t\t\t\t\t<\/div>\n\t\t<\/section>\n\t\t\t\t<section class=\"elementor-section elementor-top-section elementor-element elementor-element-b022b03 elementor-section-boxed elementor-section-height-default elementor-section-height-default\" data-id=\"b022b03\" data-element_type=\"section\">\n\t\t\t\t\t\t<div class=\"elementor-container elementor-column-gap-default\">\n\t\t\t\t\t\t\t<div class=\"elementor-row\">\n\t\t\t\t\t<div class=\"elementor-column elementor-col-100 elementor-top-column elementor-element elementor-element-2ba36a8\" data-id=\"2ba36a8\" data-element_type=\"column\">\n\t\t\t<div class=\"elementor-column-wrap elementor-element-populated\">\n\t\t\t\t\t\t\t<div class=\"elementor-widget-wrap\">\n\t\t\t\t\t\t<div class=\"elementor-element elementor-element-4995f3a elementor-widget elementor-widget-text-editor\" data-id=\"4995f3a\" data-element_type=\"widget\" data-widget_type=\"text-editor.default\">\n\t\t\t\t<div class=\"elementor-widget-container\">\n\t\t\t\t\t\t\t\t<div class=\"elementor-text-editor elementor-clearfix\">\n\t\t\t\t<p>Si eliges &#8216;Obtener m\u00e1s llamadas&#8217; como objetivo publicitario, se te pedir\u00e1 que ingreses un n\u00famero de tel\u00e9fono.<span style=\"font-size: 1.125rem;\"><br \/><\/span><\/p><p>Para recibir m\u00e1s llamadas, debes resaltar tu n\u00famero en los anuncios. Esto permitir\u00e1 que los clientes potenciales te llamen directamente desde su celular.<\/p><p>\u00a0<\/p>\t\t\t\t\t<\/div>\n\t\t\t\t\t\t<\/div>\n\t\t\t\t<\/div>\n\t\t\t\t\t\t<\/div>\n\t\t\t\t\t<\/div>\n\t\t<\/div>\n\t\t\t\t\t\t\t\t<\/div>\n\t\t\t\t\t<\/div>\n\t\t<\/section>\n\t\t\t\t\t\t\t\t\t<\/div>\n\t\t\t<\/div>\n\t\t\t\t\t<\/div>\n\t\t","protected":false},"excerpt":{"rendered":"<p>Al configurar una campa\u00f1a de anuncios de Google o Microsoft (Bing), deber\u00e1s proporcionar a Instaon una plantilla de anuncio inicial. Este formulario se utilizar\u00e1 para crear varios anuncios en el proceso de optimizaci\u00f3n para mejorar los resultados de tus anuncios. El modelo de anuncios consta de t\u00edtulos, descripciones, URL del sitio web y n\u00famero de [&hellip;]<\/p>\n","protected":false},"author":9,"featured_media":721,"parent":0,"menu_order":0,"comment_status":"closed","ping_status":"closed","template":"","meta":{"_bbp_topic_count":0,"_bbp_reply_count":0,"_bbp_total_topic_count":0,"_bbp_total_reply_count":0,"_bbp_voice_count":0,"_bbp_anonymous_reply_count":0,"_bbp_topic_count_hidden":0,"_bbp_reply_count_hidden":0,"_bbp_forum_subforum_count":0,"inline_featured_image":false,"footnotes":""},"class_list":["post-1316","page","type-page","status-publish","has-post-thumbnail","hentry"],"yoast_head":"<!-- This site is optimized with the Yoast SEO plugin v20.10 - https:\/\/yoast.com\/wordpress\/plugins\/seo\/ -->\n<title>Anuncios de Texto de B\u00fasqueda - Shown Blog<\/title>\n<meta name=\"robots\" content=\"index, follow, max-snippet:-1, max-image-preview:large, max-video-preview:-1\" \/>\n<link rel=\"canonical\" href=\"https:\/\/shown.io\/blog\/?page_id=1316&lang=es\" \/>\n<meta property=\"og:locale\" content=\"en_US\" \/>\n<meta property=\"og:type\" content=\"article\" \/>\n<meta property=\"og:title\" content=\"Anuncios de Texto de B\u00fasqueda - Shown Blog\" \/>\n<meta property=\"og:description\" content=\"Al configurar una campa\u00f1a de anuncios de Google o Microsoft (Bing), deber\u00e1s proporcionar a Instaon una plantilla de anuncio inicial. Este formulario se utilizar\u00e1 para crear varios anuncios en el proceso de optimizaci\u00f3n para mejorar los resultados de tus anuncios. El modelo de anuncios consta de t\u00edtulos, descripciones, URL del sitio web y n\u00famero de [&hellip;]\" \/>\n<meta property=\"og:url\" content=\"https:\/\/shown.io\/blog\/?page_id=1316&amp;lang=es\" \/>\n<meta property=\"og:site_name\" content=\"Shown Blog\" \/>\n<meta property=\"article:modified_time\" content=\"2020-04-18T20:58:07+00:00\" \/>\n<meta property=\"og:image\" content=\"https:\/\/shown.io\/blog\/wp-content\/uploads\/2020\/04\/Academy_banner_allarticles.png\" \/>\n\t<meta property=\"og:image:width\" content=\"2398\" \/>\n\t<meta property=\"og:image:height\" content=\"636\" \/>\n\t<meta property=\"og:image:type\" content=\"image\/png\" \/>\n<meta name=\"twitter:card\" content=\"summary_large_image\" \/>\n<meta name=\"twitter:label1\" content=\"Est. reading time\" \/>\n\t<meta name=\"twitter:data1\" content=\"2 minutes\" \/>\n<script type=\"application\/ld+json\" class=\"yoast-schema-graph\">{\"@context\":\"https:\/\/schema.org\",\"@graph\":[{\"@type\":\"WebPage\",\"@id\":\"https:\/\/shown.io\/blog\/?page_id=1316&lang=es\",\"url\":\"https:\/\/shown.io\/blog\/?page_id=1316&lang=es\",\"name\":\"Anuncios de Texto de B\u00fasqueda - Shown Blog\",\"isPartOf\":{\"@id\":\"https:\/\/shown.io\/blog\/#website\"},\"datePublished\":\"2020-04-18T15:28:52+00:00\",\"dateModified\":\"2020-04-18T20:58:07+00:00\",\"breadcrumb\":{\"@id\":\"https:\/\/shown.io\/blog\/?page_id=1316&lang=es#breadcrumb\"},\"inLanguage\":\"en-US\",\"potentialAction\":[{\"@type\":\"ReadAction\",\"target\":[\"https:\/\/shown.io\/blog\/?page_id=1316&lang=es\"]}]},{\"@type\":\"BreadcrumbList\",\"@id\":\"https:\/\/shown.io\/blog\/?page_id=1316&lang=es#breadcrumb\",\"itemListElement\":[{\"@type\":\"ListItem\",\"position\":1,\"name\":\"Home\",\"item\":\"https:\/\/shown.io\/blog\/\"},{\"@type\":\"ListItem\",\"position\":2,\"name\":\"Anuncios de Texto de B\u00fasqueda\"}]},{\"@type\":\"WebSite\",\"@id\":\"https:\/\/shown.io\/blog\/#website\",\"url\":\"https:\/\/shown.io\/blog\/\",\"name\":\"Shown Blog\",\"description\":\"A blog about marketing optimization for smart companies\",\"publisher\":{\"@id\":\"https:\/\/shown.io\/blog\/#organization\"},\"potentialAction\":[{\"@type\":\"SearchAction\",\"target\":{\"@type\":\"EntryPoint\",\"urlTemplate\":\"https:\/\/shown.io\/blog\/?s={search_term_string}\"},\"query-input\":\"required name=search_term_string\"}],\"inLanguage\":\"en-US\"},{\"@type\":\"Organization\",\"@id\":\"https:\/\/shown.io\/blog\/#organization\",\"name\":\"Instaon\",\"url\":\"https:\/\/shown.io\/blog\/\",\"logo\":{\"@type\":\"ImageObject\",\"inLanguage\":\"en-US\",\"@id\":\"https:\/\/shown.io\/blog\/#\/schema\/logo\/image\/\",\"url\":\"https:\/\/shown.io\/blog\/wp-content\/uploads\/2020\/06\/Logo_Main_White.png\",\"contentUrl\":\"https:\/\/shown.io\/blog\/wp-content\/uploads\/2020\/06\/Logo_Main_White.png\",\"width\":1024,\"height\":1024,\"caption\":\"Instaon\"},\"image\":{\"@id\":\"https:\/\/shown.io\/blog\/#\/schema\/logo\/image\/\"}}]}<\/script>\n<!-- \/ Yoast SEO plugin. -->","yoast_head_json":{"title":"Anuncios de Texto de B\u00fasqueda - Shown Blog","robots":{"index":"index","follow":"follow","max-snippet":"max-snippet:-1","max-image-preview":"max-image-preview:large","max-video-preview":"max-video-preview:-1"},"canonical":"https:\/\/shown.io\/blog\/?page_id=1316&lang=es","og_locale":"en_US","og_type":"article","og_title":"Anuncios de Texto de B\u00fasqueda - Shown Blog","og_description":"Al configurar una campa\u00f1a de anuncios de Google o Microsoft (Bing), deber\u00e1s proporcionar a Instaon una plantilla de anuncio inicial. Este formulario se utilizar\u00e1 para crear varios anuncios en el proceso de optimizaci\u00f3n para mejorar los resultados de tus anuncios. El modelo de anuncios consta de t\u00edtulos, descripciones, URL del sitio web y n\u00famero de [&hellip;]","og_url":"https:\/\/shown.io\/blog\/?page_id=1316&lang=es","og_site_name":"Shown Blog","article_modified_time":"2020-04-18T20:58:07+00:00","og_image":[{"width":2398,"height":636,"url":"https:\/\/shown.io\/blog\/wp-content\/uploads\/2020\/04\/Academy_banner_allarticles.png","type":"image\/png"}],"twitter_card":"summary_large_image","twitter_misc":{"Est. reading time":"2 minutes"},"schema":{"@context":"https:\/\/schema.org","@graph":[{"@type":"WebPage","@id":"https:\/\/shown.io\/blog\/?page_id=1316&lang=es","url":"https:\/\/shown.io\/blog\/?page_id=1316&lang=es","name":"Anuncios de Texto de B\u00fasqueda - Shown Blog","isPartOf":{"@id":"https:\/\/shown.io\/blog\/#website"},"datePublished":"2020-04-18T15:28:52+00:00","dateModified":"2020-04-18T20:58:07+00:00","breadcrumb":{"@id":"https:\/\/shown.io\/blog\/?page_id=1316&lang=es#breadcrumb"},"inLanguage":"en-US","potentialAction":[{"@type":"ReadAction","target":["https:\/\/shown.io\/blog\/?page_id=1316&lang=es"]}]},{"@type":"BreadcrumbList","@id":"https:\/\/shown.io\/blog\/?page_id=1316&lang=es#breadcrumb","itemListElement":[{"@type":"ListItem","position":1,"name":"Home","item":"https:\/\/shown.io\/blog\/"},{"@type":"ListItem","position":2,"name":"Anuncios de Texto de B\u00fasqueda"}]},{"@type":"WebSite","@id":"https:\/\/shown.io\/blog\/#website","url":"https:\/\/shown.io\/blog\/","name":"Shown Blog","description":"A blog about marketing optimization for smart companies","publisher":{"@id":"https:\/\/shown.io\/blog\/#organization"},"potentialAction":[{"@type":"SearchAction","target":{"@type":"EntryPoint","urlTemplate":"https:\/\/shown.io\/blog\/?s={search_term_string}"},"query-input":"required name=search_term_string"}],"inLanguage":"en-US"},{"@type":"Organization","@id":"https:\/\/shown.io\/blog\/#organization","name":"Instaon","url":"https:\/\/shown.io\/blog\/","logo":{"@type":"ImageObject","inLanguage":"en-US","@id":"https:\/\/shown.io\/blog\/#\/schema\/logo\/image\/","url":"https:\/\/shown.io\/blog\/wp-content\/uploads\/2020\/06\/Logo_Main_White.png","contentUrl":"https:\/\/shown.io\/blog\/wp-content\/uploads\/2020\/06\/Logo_Main_White.png","width":1024,"height":1024,"caption":"Instaon"},"image":{"@id":"https:\/\/shown.io\/blog\/#\/schema\/logo\/image\/"}}]}},"_links":{"self":[{"href":"https:\/\/shown.io\/blog\/index.php?rest_route=\/wp\/v2\/pages\/1316","targetHints":{"allow":["GET"]}}],"collection":[{"href":"https:\/\/shown.io\/blog\/index.php?rest_route=\/wp\/v2\/pages"}],"about":[{"href":"https:\/\/shown.io\/blog\/index.php?rest_route=\/wp\/v2\/types\/page"}],"author":[{"embeddable":true,"href":"https:\/\/shown.io\/blog\/index.php?rest_route=\/wp\/v2\/users\/9"}],"replies":[{"embeddable":true,"href":"https:\/\/shown.io\/blog\/index.php?rest_route=%2Fwp%2Fv2%2Fcomments&post=1316"}],"version-history":[{"count":6,"href":"https:\/\/shown.io\/blog\/index.php?rest_route=\/wp\/v2\/pages\/1316\/revisions"}],"predecessor-version":[{"id":1344,"href":"https:\/\/shown.io\/blog\/index.php?rest_route=\/wp\/v2\/pages\/1316\/revisions\/1344"}],"wp:featuredmedia":[{"embeddable":true,"href":"https:\/\/shown.io\/blog\/index.php?rest_route=\/wp\/v2\/media\/721"}],"wp:attachment":[{"href":"https:\/\/shown.io\/blog\/index.php?rest_route=%2Fwp%2Fv2%2Fmedia&parent=1316"}],"curies":[{"name":"wp","href":"https:\/\/api.w.org\/{rel}","templated":true}]}}