{"id":1333,"date":"2020-04-18T20:25:16","date_gmt":"2020-04-18T20:25:16","guid":{"rendered":"https:\/\/instaon.io\/blog\/?page_id=1333"},"modified":"2020-04-18T20:44:41","modified_gmt":"2020-04-18T20:44:41","slug":"arama-reklamlari-butcesi","status":"publish","type":"page","link":"https:\/\/shown.io\/blog\/?page_id=1333&lang=tr","title":{"rendered":"Arama Reklamlar\u0131 B\u00fct\u00e7esi"},"content":{"rendered":"\t\t<div data-elementor-type=\"wp-page\" data-elementor-id=\"1333\" class=\"elementor elementor-1333\">\n\t\t\t\t\t\t<div class=\"elementor-inner\">\n\t\t\t\t<div class=\"elementor-section-wrap\">\n\t\t\t\t\t\t\t\t\t<section class=\"elementor-section elementor-top-section elementor-element elementor-element-8a3570b elementor-section-boxed elementor-section-height-default elementor-section-height-default\" data-id=\"8a3570b\" data-element_type=\"section\">\n\t\t\t\t\t\t<div class=\"elementor-container elementor-column-gap-default\">\n\t\t\t\t\t\t\t<div class=\"elementor-row\">\n\t\t\t\t\t<div class=\"elementor-column elementor-col-100 elementor-top-column elementor-element elementor-element-3401522\" data-id=\"3401522\" data-element_type=\"column\">\n\t\t\t<div class=\"elementor-column-wrap elementor-element-populated\">\n\t\t\t\t\t\t\t<div class=\"elementor-widget-wrap\">\n\t\t\t\t\t\t<div class=\"elementor-element elementor-element-df2462c elementor-widget elementor-widget-text-editor\" data-id=\"df2462c\" data-element_type=\"widget\" data-widget_type=\"text-editor.default\">\n\t\t\t\t<div class=\"elementor-widget-container\">\n\t\t\t\t\t\t\t\t<div class=\"elementor-text-editor elementor-clearfix\">\n\t\t\t\t<p>E\u011fer Google veya Bing&#8217;de en \u00fcst s\u0131ralarda g\u00f6sterilmek istiyorsan\u0131z Google veya Microsoft&#8217;a \u00f6deme yapman\u0131z gereklidir. Buna reklam b\u00fct\u00e7esi diyoruz. Evet&#8230; Hayatta hi\u00e7bir \u015fey \u00fccretsiz de\u011fildir. (Instaon \u00fccretsiz plan hari\u00e7\u00a0<img decoding=\"async\" class=\"emoji\" role=\"img\" draggable=\"false\" src=\"https:\/\/s.w.org\/images\/core\/emoji\/12.0.0-1\/svg\/1f642.svg\" alt=\"\ud83d\ude42\" \/>)\u00a0\u00a0<\/p><p><em>Google veya Bing&#8217;de belirli kelimeler i\u00e7in en \u00fcstte g\u00f6sterilmenin maliyeti nedir?<\/em><\/p><p>Reklam\u0131n\u0131za t\u0131kland\u0131k\u00e7a \u00f6deme yapars\u0131n\u0131z. Kelime ba\u015f\u0131na sabit bir maliyet yoktur, biraz karma\u015f\u0131k bir hesaplanma bi\u00e7imi vard\u0131r.<\/p><p><em>S\u0131radaki soruyu tahmin edelim! T\u0131klama ba\u015f\u0131 maliyet ne kadar?<\/em><\/p><p>Maalesef bunun kolay bir cevab\u0131 yoktur. En yayg\u0131n (ve en s\u0131k\u0131c\u0131) cevap, &#8220;de\u011fi\u015fkendir&#8221;. T\u0131klama ba\u015f\u0131 maliyetiniz birka\u00e7 cent ile birka\u00e7 dolar aras\u0131nda de\u011fi\u015febilir, bu rekabete ve hedefledi\u011finiz b\u00f6lgeye ba\u011fl\u0131d\u0131r. <b>Ama, Instaon&#8217;un ayl\u0131k optimizasyon yaparak t\u0131klama ba\u015f\u0131 maliyetlerinizi d\u00fc\u015f\u00fcrece\u011fine emin olabilirsiniz<\/b>.\u00a0<\/p><p><em>\u00d6rnek:<\/em><\/p><p><span style=\"font-size: 1.125rem;\">Br\u00fcksel&#8217;de yoga dersleri veriyorsunuz ve &#8220;Yoga dersi&#8221; aramas\u0131 yap\u0131ld\u0131\u011f\u0131 zaman aramalarda en \u00fcstte \u00e7\u0131kmak istiyorsunuz. &#8220;Yoga dersi&#8221; aramalas\u0131n\u0131n ortalam t\u0131k ba\u015f\u0131 maliyeti Br\u00fcksel&#8217;de 1\u20ac&#8217;dur.<\/span><\/p>\t\t\t\t\t<\/div>\n\t\t\t\t\t\t<\/div>\n\t\t\t\t<\/div>\n\t\t\t\t\t\t<\/div>\n\t\t\t\t\t<\/div>\n\t\t<\/div>\n\t\t\t\t\t\t\t\t<\/div>\n\t\t\t\t\t<\/div>\n\t\t<\/section>\n\t\t\t\t<section class=\"elementor-section elementor-top-section elementor-element elementor-element-371abf2 elementor-section-boxed elementor-section-height-default elementor-section-height-default\" data-id=\"371abf2\" data-element_type=\"section\">\n\t\t\t\t\t\t<div class=\"elementor-container elementor-column-gap-default\">\n\t\t\t\t\t\t\t<div class=\"elementor-row\">\n\t\t\t\t\t<div class=\"elementor-column elementor-col-100 elementor-top-column elementor-element elementor-element-13b3364\" data-id=\"13b3364\" data-element_type=\"column\">\n\t\t\t<div class=\"elementor-column-wrap elementor-element-populated\">\n\t\t\t\t\t\t\t<div class=\"elementor-widget-wrap\">\n\t\t\t\t\t\t<div class=\"elementor-element elementor-element-e980259 elementor-widget elementor-widget-image\" data-id=\"e980259\" data-element_type=\"widget\" data-widget_type=\"image.default\">\n\t\t\t\t<div class=\"elementor-widget-container\">\n\t\t\t\t\t\t\t\t<div class=\"elementor-image\">\n\t\t\t\t\t\t\t\t\t\t\t\t<img loading=\"lazy\" decoding=\"async\" width=\"839\" height=\"298\" src=\"https:\/\/shown.io\/blog\/wp-content\/uploads\/2020\/04\/budget-1.png\" class=\"attachment-large size-large wp-image-856\" alt=\"\" srcset=\"https:\/\/shown.io\/blog\/wp-content\/uploads\/2020\/04\/budget-1.png 839w, https:\/\/shown.io\/blog\/wp-content\/uploads\/2020\/04\/budget-1-300x107.png 300w, https:\/\/shown.io\/blog\/wp-content\/uploads\/2020\/04\/budget-1-768x273.png 768w\" sizes=\"auto, (max-width: 839px) 100vw, 839px\" \/>\t\t\t\t\t\t\t\t\t\t\t\t\t\t<\/div>\n\t\t\t\t\t\t<\/div>\n\t\t\t\t<\/div>\n\t\t\t\t\t\t<\/div>\n\t\t\t\t\t<\/div>\n\t\t<\/div>\n\t\t\t\t\t\t\t\t<\/div>\n\t\t\t\t\t<\/div>\n\t\t<\/section>\n\t\t\t\t<section class=\"elementor-section elementor-top-section elementor-element elementor-element-6a78197 elementor-section-boxed elementor-section-height-default elementor-section-height-default\" data-id=\"6a78197\" data-element_type=\"section\">\n\t\t\t\t\t\t<div class=\"elementor-container elementor-column-gap-default\">\n\t\t\t\t\t\t\t<div class=\"elementor-row\">\n\t\t\t\t\t<div class=\"elementor-column elementor-col-100 elementor-top-column elementor-element elementor-element-0623a68\" data-id=\"0623a68\" data-element_type=\"column\">\n\t\t\t<div class=\"elementor-column-wrap elementor-element-populated\">\n\t\t\t\t\t\t\t<div class=\"elementor-widget-wrap\">\n\t\t\t\t\t\t<div class=\"elementor-element elementor-element-8213b6d elementor-widget elementor-widget-text-editor\" data-id=\"8213b6d\" data-element_type=\"widget\" data-widget_type=\"text-editor.default\">\n\t\t\t\t<div class=\"elementor-widget-container\">\n\t\t\t\t\t\t\t\t<div class=\"elementor-text-editor elementor-clearfix\">\n\t\t\t\t<p>E\u011fer g\u00fcnl\u00fck 5\u20ac (ayl\u0131k 150\u20ac) b\u00fct\u00e7e belirlerseniz, reklamlar\u0131n\u0131zdan g\u00fcnde 5 civar\u0131 t\u0131klama bekleyebilirsiniz. Daha fazla trafik i\u00e7in daha y\u00fcksek bir paket se\u00e7meniz gerekir.\u00a0<\/p>\t\t\t\t\t<\/div>\n\t\t\t\t\t\t<\/div>\n\t\t\t\t<\/div>\n\t\t\t\t\t\t<\/div>\n\t\t\t\t\t<\/div>\n\t\t<\/div>\n\t\t\t\t\t\t\t\t<\/div>\n\t\t\t\t\t<\/div>\n\t\t<\/section>\n\t\t\t\t<section class=\"elementor-section elementor-top-section elementor-element elementor-element-5ce744c elementor-section-boxed elementor-section-height-default elementor-section-height-default\" data-id=\"5ce744c\" data-element_type=\"section\">\n\t\t\t\t\t\t<div class=\"elementor-container elementor-column-gap-default\">\n\t\t\t\t\t\t\t<div class=\"elementor-row\">\n\t\t\t\t\t<div class=\"elementor-column elementor-col-100 elementor-top-column elementor-element elementor-element-bf15262\" data-id=\"bf15262\" data-element_type=\"column\">\n\t\t\t<div class=\"elementor-column-wrap elementor-element-populated\">\n\t\t\t\t\t\t\t<div class=\"elementor-widget-wrap\">\n\t\t\t\t\t\t<div class=\"elementor-element elementor-element-187b9bf elementor-widget elementor-widget-heading\" data-id=\"187b9bf\" data-element_type=\"widget\" data-widget_type=\"heading.default\">\n\t\t\t\t<div class=\"elementor-widget-container\">\n\t\t\t<h5 class=\"elementor-heading-title elementor-size-default\">Reklam b\u00fct\u00e7emi nas\u0131l belirleyebilirim?<\/h5>\t\t<\/div>\n\t\t\t\t<\/div>\n\t\t\t\t\t\t<\/div>\n\t\t\t\t\t<\/div>\n\t\t<\/div>\n\t\t\t\t\t\t\t\t<\/div>\n\t\t\t\t\t<\/div>\n\t\t<\/section>\n\t\t\t\t<section class=\"elementor-section elementor-top-section elementor-element elementor-element-71b6d6b elementor-section-boxed elementor-section-height-default elementor-section-height-default\" data-id=\"71b6d6b\" data-element_type=\"section\">\n\t\t\t\t\t\t<div class=\"elementor-container elementor-column-gap-default\">\n\t\t\t\t\t\t\t<div class=\"elementor-row\">\n\t\t\t\t\t<div class=\"elementor-column elementor-col-100 elementor-top-column elementor-element elementor-element-31e223d\" data-id=\"31e223d\" data-element_type=\"column\">\n\t\t\t<div class=\"elementor-column-wrap elementor-element-populated\">\n\t\t\t\t\t\t\t<div class=\"elementor-widget-wrap\">\n\t\t\t\t\t\t<div class=\"elementor-element elementor-element-04444a8 elementor-widget elementor-widget-text-editor\" data-id=\"04444a8\" data-element_type=\"widget\" data-widget_type=\"text-editor.default\">\n\t\t\t\t<div class=\"elementor-widget-container\">\n\t\t\t\t\t\t\t\t<div class=\"elementor-text-editor elementor-clearfix\">\n\t\t\t\t<p><span style=\"font-size: 1.125rem;\">Ba\u015flarken m\u00fckemmel bir b\u00fct\u00e7e yoktur. Hedef pazar\u0131n\u0131z\u0131n tekliflerinize nas\u0131l tepki verdi\u011fini, mevcut b\u00fct\u00e7enizle ne kadar m\u00fc\u015fteri kazanabildi\u011finizi g\u00f6rmeniz gerekir. M\u00fc\u015fterilerimiz genelde k\u00fc\u00e7\u00fck ba\u015flay\u0131p ilerleyen aylarda reklam b\u00fct\u00e7elerini artt\u0131r\u0131rlar.<\/span><\/p><p><i>Ancak en az g\u00fcnl\u00fck 5\u20ac (ayl\u0131k 150\u20ac) ile ba\u015flaman\u0131z \u00f6nerilir. D\u00fc\u015f\u00fck b\u00fct\u00e7eler \u00e7ok ender t\u0131klama alarak optimizasyon imkan\u0131 tan\u0131mamaktad\u0131r.\u00a0<\/i><\/p><p>Reklamlar\u0131n\u0131z bir s\u00fcredir yay\u0131nda oldu\u011funda ve optimize edildi\u011finde bir m\u00fc\u015fteri kazanman\u0131n maliyetinin ne kadar oldu\u011funu g\u00f6receksiniz. Reklam b\u00fct\u00e7enizi artt\u0131rmak veya azaltmak i\u00e7in karar vermek daha kolay hale gelecektir.<\/p><p>E\u011fer yoga dersleri \u00f6rne\u011finde 20 t\u0131klamada bir kay\u0131t ald\u0131\u011f\u0131m\u0131z\u0131 varsayarsak, bir kayd\u0131n bize maliyeti 20\u20ac olacakt\u0131r. Ard\u0131ndan bunu sorman\u0131z gereklidir:<\/p><p>Benim i\u00e7in bir m\u00fc\u015fterinin de\u011feri ne kadar?<\/p><p>\u00c7o\u011fu zaman yeni bir kay\u0131t sizinle birka\u00e7 hafta kalacak ve birka\u00e7 y\u00fcz Euro kazand\u0131rabilecektir. Reklamlar\u0131n\u0131z karl\u0131d\u0131r, ve art\u0131k reklam b\u00fct\u00e7enizi artt\u0131r\u0131p daha da fazla m\u00fc\u015fteri kazanmaya ba\u015flayabilirsiniz.<\/p>\t\t\t\t\t<\/div>\n\t\t\t\t\t\t<\/div>\n\t\t\t\t<\/div>\n\t\t\t\t\t\t<\/div>\n\t\t\t\t\t<\/div>\n\t\t<\/div>\n\t\t\t\t\t\t\t\t<\/div>\n\t\t\t\t\t<\/div>\n\t\t<\/section>\n\t\t\t\t\t\t\t\t\t<\/div>\n\t\t\t<\/div>\n\t\t\t\t\t<\/div>\n\t\t","protected":false},"excerpt":{"rendered":"<p>E\u011fer Google veya Bing&#8217;de en \u00fcst s\u0131ralarda g\u00f6sterilmek istiyorsan\u0131z Google veya Microsoft&#8217;a \u00f6deme yapman\u0131z gereklidir. Buna reklam b\u00fct\u00e7esi diyoruz. Evet&#8230; Hayatta hi\u00e7bir \u015fey \u00fccretsiz de\u011fildir. (Instaon \u00fccretsiz plan hari\u00e7\u00a0) Google veya Bing&#8217;de belirli kelimeler i\u00e7in en \u00fcstte g\u00f6sterilmenin maliyeti nedir? Reklam\u0131n\u0131za t\u0131kland\u0131k\u00e7a \u00f6deme yapars\u0131n\u0131z. Kelime ba\u015f\u0131na sabit bir maliyet yoktur, biraz karma\u015f\u0131k bir hesaplanma bi\u00e7imi [&hellip;]<\/p>\n","protected":false},"author":7,"featured_media":721,"parent":0,"menu_order":0,"comment_status":"closed","ping_status":"closed","template":"","meta":{"_bbp_topic_count":0,"_bbp_reply_count":0,"_bbp_total_topic_count":0,"_bbp_total_reply_count":0,"_bbp_voice_count":0,"_bbp_anonymous_reply_count":0,"_bbp_topic_count_hidden":0,"_bbp_reply_count_hidden":0,"_bbp_forum_subforum_count":0,"inline_featured_image":false,"footnotes":""},"class_list":["post-1333","page","type-page","status-publish","has-post-thumbnail","hentry"],"yoast_head":"<!-- This site is optimized with the Yoast SEO plugin v20.10 - https:\/\/yoast.com\/wordpress\/plugins\/seo\/ -->\n<title>Arama Reklamlar\u0131 B\u00fct\u00e7esi - Shown Blog<\/title>\n<meta name=\"description\" content=\"E\u011fer Google veya Bing&#039;de en \u00fcst s\u0131ralarda g\u00f6sterilmek istiyorsan\u0131z Google veya Microsoft&#039;a \u00f6deme yapman\u0131z gereklidir. Buna reklam b\u00fct\u00e7esi diyoruz...\" \/>\n<meta name=\"robots\" content=\"index, follow, max-snippet:-1, max-image-preview:large, max-video-preview:-1\" \/>\n<link rel=\"canonical\" href=\"https:\/\/shown.io\/blog\/?page_id=1333&lang=tr\" \/>\n<meta property=\"og:locale\" content=\"en_US\" \/>\n<meta property=\"og:type\" content=\"article\" \/>\n<meta property=\"og:title\" content=\"Arama Reklamlar\u0131 B\u00fct\u00e7esi - Shown Blog\" \/>\n<meta property=\"og:description\" content=\"E\u011fer Google veya Bing&#039;de en \u00fcst s\u0131ralarda g\u00f6sterilmek istiyorsan\u0131z Google veya Microsoft&#039;a \u00f6deme yapman\u0131z gereklidir. Buna reklam b\u00fct\u00e7esi diyoruz...\" \/>\n<meta property=\"og:url\" content=\"https:\/\/shown.io\/blog\/?page_id=1333&amp;lang=tr\" \/>\n<meta property=\"og:site_name\" content=\"Shown Blog\" \/>\n<meta property=\"article:modified_time\" content=\"2020-04-18T20:44:41+00:00\" \/>\n<meta property=\"og:image\" content=\"https:\/\/shown.io\/blog\/wp-content\/uploads\/2020\/04\/Academy_banner_allarticles.png\" \/>\n\t<meta property=\"og:image:width\" content=\"2398\" \/>\n\t<meta property=\"og:image:height\" content=\"636\" \/>\n\t<meta property=\"og:image:type\" content=\"image\/png\" \/>\n<meta name=\"twitter:card\" content=\"summary_large_image\" \/>\n<meta name=\"twitter:label1\" content=\"Est. reading time\" \/>\n\t<meta name=\"twitter:data1\" content=\"2 minutes\" \/>\n<script type=\"application\/ld+json\" class=\"yoast-schema-graph\">{\"@context\":\"https:\/\/schema.org\",\"@graph\":[{\"@type\":\"WebPage\",\"@id\":\"https:\/\/shown.io\/blog\/?page_id=1333&lang=tr\",\"url\":\"https:\/\/shown.io\/blog\/?page_id=1333&lang=tr\",\"name\":\"Arama Reklamlar\u0131 B\u00fct\u00e7esi - Shown Blog\",\"isPartOf\":{\"@id\":\"https:\/\/shown.io\/blog\/#website\"},\"datePublished\":\"2020-04-18T20:25:16+00:00\",\"dateModified\":\"2020-04-18T20:44:41+00:00\",\"description\":\"E\u011fer Google veya Bing'de en \u00fcst s\u0131ralarda g\u00f6sterilmek istiyorsan\u0131z Google veya Microsoft'a \u00f6deme yapman\u0131z gereklidir. Buna reklam b\u00fct\u00e7esi diyoruz...\",\"breadcrumb\":{\"@id\":\"https:\/\/shown.io\/blog\/?page_id=1333&lang=tr#breadcrumb\"},\"inLanguage\":\"en-US\",\"potentialAction\":[{\"@type\":\"ReadAction\",\"target\":[\"https:\/\/shown.io\/blog\/?page_id=1333&lang=tr\"]}]},{\"@type\":\"BreadcrumbList\",\"@id\":\"https:\/\/shown.io\/blog\/?page_id=1333&lang=tr#breadcrumb\",\"itemListElement\":[{\"@type\":\"ListItem\",\"position\":1,\"name\":\"Home\",\"item\":\"https:\/\/shown.io\/blog\/\"},{\"@type\":\"ListItem\",\"position\":2,\"name\":\"Arama Reklamlar\u0131 B\u00fct\u00e7esi\"}]},{\"@type\":\"WebSite\",\"@id\":\"https:\/\/shown.io\/blog\/#website\",\"url\":\"https:\/\/shown.io\/blog\/\",\"name\":\"Shown Blog\",\"description\":\"A blog about marketing optimization for smart companies\",\"publisher\":{\"@id\":\"https:\/\/shown.io\/blog\/#organization\"},\"potentialAction\":[{\"@type\":\"SearchAction\",\"target\":{\"@type\":\"EntryPoint\",\"urlTemplate\":\"https:\/\/shown.io\/blog\/?s={search_term_string}\"},\"query-input\":\"required name=search_term_string\"}],\"inLanguage\":\"en-US\"},{\"@type\":\"Organization\",\"@id\":\"https:\/\/shown.io\/blog\/#organization\",\"name\":\"Instaon\",\"url\":\"https:\/\/shown.io\/blog\/\",\"logo\":{\"@type\":\"ImageObject\",\"inLanguage\":\"en-US\",\"@id\":\"https:\/\/shown.io\/blog\/#\/schema\/logo\/image\/\",\"url\":\"https:\/\/shown.io\/blog\/wp-content\/uploads\/2020\/06\/Logo_Main_White.png\",\"contentUrl\":\"https:\/\/shown.io\/blog\/wp-content\/uploads\/2020\/06\/Logo_Main_White.png\",\"width\":1024,\"height\":1024,\"caption\":\"Instaon\"},\"image\":{\"@id\":\"https:\/\/shown.io\/blog\/#\/schema\/logo\/image\/\"}}]}<\/script>\n<!-- \/ Yoast SEO plugin. -->","yoast_head_json":{"title":"Arama Reklamlar\u0131 B\u00fct\u00e7esi - Shown Blog","description":"E\u011fer Google veya Bing'de en \u00fcst s\u0131ralarda g\u00f6sterilmek istiyorsan\u0131z Google veya Microsoft'a \u00f6deme yapman\u0131z gereklidir. Buna reklam b\u00fct\u00e7esi diyoruz...","robots":{"index":"index","follow":"follow","max-snippet":"max-snippet:-1","max-image-preview":"max-image-preview:large","max-video-preview":"max-video-preview:-1"},"canonical":"https:\/\/shown.io\/blog\/?page_id=1333&lang=tr","og_locale":"en_US","og_type":"article","og_title":"Arama Reklamlar\u0131 B\u00fct\u00e7esi - Shown Blog","og_description":"E\u011fer Google veya Bing'de en \u00fcst s\u0131ralarda g\u00f6sterilmek istiyorsan\u0131z Google veya Microsoft'a \u00f6deme yapman\u0131z gereklidir. Buna reklam b\u00fct\u00e7esi diyoruz...","og_url":"https:\/\/shown.io\/blog\/?page_id=1333&lang=tr","og_site_name":"Shown Blog","article_modified_time":"2020-04-18T20:44:41+00:00","og_image":[{"width":2398,"height":636,"url":"https:\/\/shown.io\/blog\/wp-content\/uploads\/2020\/04\/Academy_banner_allarticles.png","type":"image\/png"}],"twitter_card":"summary_large_image","twitter_misc":{"Est. reading time":"2 minutes"},"schema":{"@context":"https:\/\/schema.org","@graph":[{"@type":"WebPage","@id":"https:\/\/shown.io\/blog\/?page_id=1333&lang=tr","url":"https:\/\/shown.io\/blog\/?page_id=1333&lang=tr","name":"Arama Reklamlar\u0131 B\u00fct\u00e7esi - Shown Blog","isPartOf":{"@id":"https:\/\/shown.io\/blog\/#website"},"datePublished":"2020-04-18T20:25:16+00:00","dateModified":"2020-04-18T20:44:41+00:00","description":"E\u011fer Google veya Bing'de en \u00fcst s\u0131ralarda g\u00f6sterilmek istiyorsan\u0131z Google veya Microsoft'a \u00f6deme yapman\u0131z gereklidir. Buna reklam b\u00fct\u00e7esi diyoruz...","breadcrumb":{"@id":"https:\/\/shown.io\/blog\/?page_id=1333&lang=tr#breadcrumb"},"inLanguage":"en-US","potentialAction":[{"@type":"ReadAction","target":["https:\/\/shown.io\/blog\/?page_id=1333&lang=tr"]}]},{"@type":"BreadcrumbList","@id":"https:\/\/shown.io\/blog\/?page_id=1333&lang=tr#breadcrumb","itemListElement":[{"@type":"ListItem","position":1,"name":"Home","item":"https:\/\/shown.io\/blog\/"},{"@type":"ListItem","position":2,"name":"Arama Reklamlar\u0131 B\u00fct\u00e7esi"}]},{"@type":"WebSite","@id":"https:\/\/shown.io\/blog\/#website","url":"https:\/\/shown.io\/blog\/","name":"Shown Blog","description":"A blog about marketing optimization for smart companies","publisher":{"@id":"https:\/\/shown.io\/blog\/#organization"},"potentialAction":[{"@type":"SearchAction","target":{"@type":"EntryPoint","urlTemplate":"https:\/\/shown.io\/blog\/?s={search_term_string}"},"query-input":"required name=search_term_string"}],"inLanguage":"en-US"},{"@type":"Organization","@id":"https:\/\/shown.io\/blog\/#organization","name":"Instaon","url":"https:\/\/shown.io\/blog\/","logo":{"@type":"ImageObject","inLanguage":"en-US","@id":"https:\/\/shown.io\/blog\/#\/schema\/logo\/image\/","url":"https:\/\/shown.io\/blog\/wp-content\/uploads\/2020\/06\/Logo_Main_White.png","contentUrl":"https:\/\/shown.io\/blog\/wp-content\/uploads\/2020\/06\/Logo_Main_White.png","width":1024,"height":1024,"caption":"Instaon"},"image":{"@id":"https:\/\/shown.io\/blog\/#\/schema\/logo\/image\/"}}]}},"_links":{"self":[{"href":"https:\/\/shown.io\/blog\/index.php?rest_route=\/wp\/v2\/pages\/1333","targetHints":{"allow":["GET"]}}],"collection":[{"href":"https:\/\/shown.io\/blog\/index.php?rest_route=\/wp\/v2\/pages"}],"about":[{"href":"https:\/\/shown.io\/blog\/index.php?rest_route=\/wp\/v2\/types\/page"}],"author":[{"embeddable":true,"href":"https:\/\/shown.io\/blog\/index.php?rest_route=\/wp\/v2\/users\/7"}],"replies":[{"embeddable":true,"href":"https:\/\/shown.io\/blog\/index.php?rest_route=%2Fwp%2Fv2%2Fcomments&post=1333"}],"version-history":[{"count":4,"href":"https:\/\/shown.io\/blog\/index.php?rest_route=\/wp\/v2\/pages\/1333\/revisions"}],"predecessor-version":[{"id":1338,"href":"https:\/\/shown.io\/blog\/index.php?rest_route=\/wp\/v2\/pages\/1333\/revisions\/1338"}],"wp:featuredmedia":[{"embeddable":true,"href":"https:\/\/shown.io\/blog\/index.php?rest_route=\/wp\/v2\/media\/721"}],"wp:attachment":[{"href":"https:\/\/shown.io\/blog\/index.php?rest_route=%2Fwp%2Fv2%2Fmedia&parent=1333"}],"curies":[{"name":"wp","href":"https:\/\/api.w.org\/{rel}","templated":true}]}}