{"id":1339,"date":"2020-04-18T20:45:58","date_gmt":"2020-04-18T20:45:58","guid":{"rendered":"https:\/\/instaon.io\/blog\/?page_id=1339"},"modified":"2020-04-18T21:23:33","modified_gmt":"2020-04-18T21:23:33","slug":"arama-reklamlari-kitleleri","status":"publish","type":"page","link":"https:\/\/shown.io\/blog\/?page_id=1339&lang=tr","title":{"rendered":"Arama Reklamlar\u0131 Kitleleri"},"content":{"rendered":"\t\t<div data-elementor-type=\"wp-page\" data-elementor-id=\"1339\" class=\"elementor elementor-1339\">\n\t\t\t\t\t\t<div class=\"elementor-inner\">\n\t\t\t\t<div class=\"elementor-section-wrap\">\n\t\t\t\t\t\t\t\t\t<section class=\"elementor-section elementor-top-section elementor-element elementor-element-79e70c1 elementor-section-boxed elementor-section-height-default elementor-section-height-default\" data-id=\"79e70c1\" data-element_type=\"section\">\n\t\t\t\t\t\t<div class=\"elementor-container elementor-column-gap-default\">\n\t\t\t\t\t\t\t<div class=\"elementor-row\">\n\t\t\t\t\t<div class=\"elementor-column elementor-col-100 elementor-top-column elementor-element elementor-element-01829a3\" data-id=\"01829a3\" data-element_type=\"column\">\n\t\t\t<div class=\"elementor-column-wrap elementor-element-populated\">\n\t\t\t\t\t\t\t<div class=\"elementor-widget-wrap\">\n\t\t\t\t\t\t<div class=\"elementor-element elementor-element-e98b4b2 elementor-widget elementor-widget-text-editor\" data-id=\"e98b4b2\" data-element_type=\"widget\" data-widget_type=\"text-editor.default\">\n\t\t\t\t<div class=\"elementor-widget-container\">\n\t\t\t\t\t\t\t\t<div class=\"elementor-text-editor elementor-clearfix\">\n\t\t\t\t<p>Reklamlar\u0131n\u0131z yay\u0131nlanmaya haz\u0131r, ancak \u015fimdi <b>nerede<\/b> g\u00f6sterilece\u011fini ve <b>kimlerin<\/b> g\u00f6rebilece\u011fini Google veya Microsoft&#8217;a s\u00f6ylemeniz gerekli<\/p><p>Hedeflemenizin nerede k\u0131sm\u0131 ile ke\u015ffetmeye ba\u015flayal\u0131m. Google veya Microsoft&#8217;ta yer se\u00e7imi yaparken 2 temel se\u00e7ene\u011finiz vard\u0131r:<\/p><p>1. \u015eehirler, il\u00e7eler veya \u00fclkeler se\u00e7ebilirsiniz<\/p>\t\t\t\t\t<\/div>\n\t\t\t\t\t\t<\/div>\n\t\t\t\t<\/div>\n\t\t\t\t\t\t<\/div>\n\t\t\t\t\t<\/div>\n\t\t<\/div>\n\t\t\t\t\t\t\t\t<\/div>\n\t\t\t\t\t<\/div>\n\t\t<\/section>\n\t\t\t\t<section class=\"elementor-section elementor-top-section elementor-element elementor-element-d9031ae elementor-section-boxed elementor-section-height-default elementor-section-height-default\" data-id=\"d9031ae\" data-element_type=\"section\">\n\t\t\t\t\t\t<div class=\"elementor-container elementor-column-gap-default\">\n\t\t\t\t\t\t\t<div class=\"elementor-row\">\n\t\t\t\t\t<div class=\"elementor-column elementor-col-100 elementor-top-column elementor-element elementor-element-a4385d4\" data-id=\"a4385d4\" data-element_type=\"column\">\n\t\t\t<div class=\"elementor-column-wrap elementor-element-populated\">\n\t\t\t\t\t\t\t<div class=\"elementor-widget-wrap\">\n\t\t\t\t\t\t<div class=\"elementor-element elementor-element-8f36ebe elementor-widget elementor-widget-image\" data-id=\"8f36ebe\" data-element_type=\"widget\" data-widget_type=\"image.default\">\n\t\t\t\t<div class=\"elementor-widget-container\">\n\t\t\t\t\t\t\t\t<div class=\"elementor-image\">\n\t\t\t\t\t\t\t\t\t\t\t\t<img loading=\"lazy\" decoding=\"async\" width=\"796\" height=\"261\" src=\"https:\/\/shown.io\/blog\/wp-content\/uploads\/2020\/04\/targetaudiene-1.png\" class=\"attachment-large size-large wp-image-844\" alt=\"\" srcset=\"https:\/\/shown.io\/blog\/wp-content\/uploads\/2020\/04\/targetaudiene-1.png 796w, https:\/\/shown.io\/blog\/wp-content\/uploads\/2020\/04\/targetaudiene-1-300x98.png 300w, https:\/\/shown.io\/blog\/wp-content\/uploads\/2020\/04\/targetaudiene-1-768x252.png 768w\" sizes=\"auto, (max-width: 796px) 100vw, 796px\" \/>\t\t\t\t\t\t\t\t\t\t\t\t\t\t<\/div>\n\t\t\t\t\t\t<\/div>\n\t\t\t\t<\/div>\n\t\t\t\t\t\t<\/div>\n\t\t\t\t\t<\/div>\n\t\t<\/div>\n\t\t\t\t\t\t\t\t<\/div>\n\t\t\t\t\t<\/div>\n\t\t<\/section>\n\t\t\t\t<section class=\"elementor-section elementor-top-section elementor-element elementor-element-a914f46 elementor-section-boxed elementor-section-height-default elementor-section-height-default\" data-id=\"a914f46\" data-element_type=\"section\">\n\t\t\t\t\t\t<div class=\"elementor-container elementor-column-gap-default\">\n\t\t\t\t\t\t\t<div class=\"elementor-row\">\n\t\t\t\t\t<div class=\"elementor-column elementor-col-100 elementor-top-column elementor-element elementor-element-a1586c3\" data-id=\"a1586c3\" data-element_type=\"column\">\n\t\t\t<div class=\"elementor-column-wrap elementor-element-populated\">\n\t\t\t\t\t\t\t<div class=\"elementor-widget-wrap\">\n\t\t\t\t\t\t<div class=\"elementor-element elementor-element-a1ac095 elementor-widget elementor-widget-text-editor\" data-id=\"a1ac095\" data-element_type=\"widget\" data-widget_type=\"text-editor.default\">\n\t\t\t\t<div class=\"elementor-widget-container\">\n\t\t\t\t\t\t\t\t<div class=\"elementor-text-editor elementor-clearfix\">\n\t\t\t\t<p>Bu, yer se\u00e7iminin en yayg\u0131n ve \u00e7o\u011fu i\u015fletmeye uygun t\u00fcr\u00fcd\u00fcr. G\u00f6z \u00f6n\u00fcnde bulundurman\u0131z gerekenler ise \u015funlard\u0131r:<\/p><ul><li><span style=\"font-size: 1.125rem;\">E\u011fer reklam b\u00fct\u00e7eniz d\u00fc\u015f\u00fckse (&lt; 1000\u20ba ayl\u0131k b\u00fct\u00e7e) b\u00fct\u00fcn \u00fclkeyi de\u011fil, daha ufak bir b\u00f6lgeyi hedeflemeye \u00e7al\u0131\u015f\u0131n (bir \u015fehir gibi).<\/span><\/li><li><span style=\"font-size: 1.125rem;\">E\u011fer hizmetiniz i\u00e7in reklam vermek istiyorsan\u0131z, farkl\u0131 \u015fehirlerdeki, \u00fclkelerdeki b\u00f6lge se\u00e7imi hassasiyet ta\u015f\u0131yorsa kendi bulundu\u011funuz konumu anahtar kelimelere de dahil etmeyi unutmay\u0131n. (anahtar kelime b\u00f6l\u00fcm\u00fcne g\u00f6z at\u0131n)<\/span><\/li><\/ul><p><em style=\"font-size: 1.125rem;\">\u00d6rnek:<\/em><\/p><p><span style=\"font-size: 1.125rem;\">E\u011fer bir \u015fehirde (\u00d6rnek:Paris) turistik turlar sunuyorsan\u0131z ve farkl\u0131 \u00fclkelerde de reklam vermek istiyorsan\u0131z se\u00e7ti\u011finiz anahtar kelimelere (+paris) \u015fehrinizi eklemeyi unutmay\u0131n.<\/span><\/p><p><span style=\"font-size: 1.125rem;\">2. \u0130\u015fletmenizin adresini girip etraf\u0131ndaki x kilometre \u00e7ap\u0131ndaki alan\u0131 hedefleyebilirsiniz.<\/span><\/p>\t\t\t\t\t<\/div>\n\t\t\t\t\t\t<\/div>\n\t\t\t\t<\/div>\n\t\t\t\t\t\t<\/div>\n\t\t\t\t\t<\/div>\n\t\t<\/div>\n\t\t\t\t\t\t\t\t<\/div>\n\t\t\t\t\t<\/div>\n\t\t<\/section>\n\t\t\t\t<section class=\"elementor-section elementor-top-section elementor-element elementor-element-0bbad80 elementor-section-boxed elementor-section-height-default elementor-section-height-default\" data-id=\"0bbad80\" data-element_type=\"section\">\n\t\t\t\t\t\t<div class=\"elementor-container elementor-column-gap-default\">\n\t\t\t\t\t\t\t<div class=\"elementor-row\">\n\t\t\t\t\t<div class=\"elementor-column elementor-col-100 elementor-top-column elementor-element elementor-element-b90cc86\" data-id=\"b90cc86\" data-element_type=\"column\">\n\t\t\t<div class=\"elementor-column-wrap elementor-element-populated\">\n\t\t\t\t\t\t\t<div class=\"elementor-widget-wrap\">\n\t\t\t\t\t\t<div class=\"elementor-element elementor-element-7c454d9 elementor-widget elementor-widget-image\" data-id=\"7c454d9\" data-element_type=\"widget\" data-widget_type=\"image.default\">\n\t\t\t\t<div class=\"elementor-widget-container\">\n\t\t\t\t\t\t\t\t<div class=\"elementor-image\">\n\t\t\t\t\t\t\t\t\t\t\t\t<img loading=\"lazy\" decoding=\"async\" width=\"677\" height=\"293\" src=\"https:\/\/shown.io\/blog\/wp-content\/uploads\/2020\/04\/radiustargeting-1.png\" class=\"attachment-large size-large wp-image-845\" alt=\"\" srcset=\"https:\/\/shown.io\/blog\/wp-content\/uploads\/2020\/04\/radiustargeting-1.png 677w, https:\/\/shown.io\/blog\/wp-content\/uploads\/2020\/04\/radiustargeting-1-300x130.png 300w\" sizes=\"auto, (max-width: 677px) 100vw, 677px\" \/>\t\t\t\t\t\t\t\t\t\t\t\t\t\t<\/div>\n\t\t\t\t\t\t<\/div>\n\t\t\t\t<\/div>\n\t\t\t\t\t\t<\/div>\n\t\t\t\t\t<\/div>\n\t\t<\/div>\n\t\t\t\t\t\t\t\t<\/div>\n\t\t\t\t\t<\/div>\n\t\t<\/section>\n\t\t\t\t<section class=\"elementor-section elementor-top-section elementor-element elementor-element-3283611 elementor-section-boxed elementor-section-height-default elementor-section-height-default\" data-id=\"3283611\" data-element_type=\"section\">\n\t\t\t\t\t\t<div class=\"elementor-container elementor-column-gap-default\">\n\t\t\t\t\t\t\t<div class=\"elementor-row\">\n\t\t\t\t\t<div class=\"elementor-column elementor-col-100 elementor-top-column elementor-element elementor-element-78507a4\" data-id=\"78507a4\" data-element_type=\"column\">\n\t\t\t<div class=\"elementor-column-wrap elementor-element-populated\">\n\t\t\t\t\t\t\t<div class=\"elementor-widget-wrap\">\n\t\t\t\t\t\t<div class=\"elementor-element elementor-element-24d4f0d elementor-widget elementor-widget-text-editor\" data-id=\"24d4f0d\" data-element_type=\"widget\" data-widget_type=\"text-editor.default\">\n\t\t\t\t<div class=\"elementor-widget-container\">\n\t\t\t\t\t\t\t\t<div class=\"elementor-text-editor elementor-clearfix\">\n\t\t\t\t<p>Bu yer ayar\u0131 \u00e7evrimd\u0131\u015f\u0131 m\u00fc\u015fteriler arayan yerel i\u015fletmeler i\u00e7in ilgi \u00e7ekicidir. Instaon&#8217;da bu hedef i\u00e7in &#8220;Konum Ziyaret\u00e7ileri&#8221; se\u00e7ene\u011fi mevcuttur.<br><\/p>\n<p>Buradaki ama\u00e7 i\u015fletme adresinizi belirli bir \u00e7apta (\u00f6rne\u011fin 4 km) \u00e7evresiyle girmektir. Bunun sonucu olarak yaln\u0131zca ma\u011fazan\u0131zdan belirli bir mesafe uzakl\u0131ktaki kullan\u0131c\u0131lar reklamlar\u0131n\u0131z\u0131 g\u00f6rebileceklerdir.(ard\u0131ndan ma\u011fazan\u0131za gelip hizmet veya \u00fcr\u00fcnlerinizi alabilirler.)&nbsp;<\/p>\n<p>Kapsam dahilindeki alan\u0131 ve bu alandaki tahmini eri\u015fim bilgisini g\u00f6r\u00fcrs\u00fcn\u00fcz. Yeterince tahmini hacme ula\u015ft\u0131\u011f\u0131n\u0131za emin olun. 3 km&#8217;den az bir \u00e7ap belirlemek genellikle yetersiz say\u0131da t\u0131klamalara ve zay\u0131f performansa yol a\u00e7ar. (e\u011fer i\u015fletmeniz Times Meydan\u0131&#8217;nda de\u011filse)<\/p>\n<p><br><\/p>\t\t\t\t\t<\/div>\n\t\t\t\t\t\t<\/div>\n\t\t\t\t<\/div>\n\t\t\t\t\t\t<\/div>\n\t\t\t\t\t<\/div>\n\t\t<\/div>\n\t\t\t\t\t\t\t\t<\/div>\n\t\t\t\t\t<\/div>\n\t\t<\/section>\n\t\t\t\t\t\t\t\t\t<\/div>\n\t\t\t<\/div>\n\t\t\t\t\t<\/div>\n\t\t","protected":false},"excerpt":{"rendered":"<p>Reklamlar\u0131n\u0131z yay\u0131nlanmaya haz\u0131r, ancak \u015fimdi nerede g\u00f6sterilece\u011fini ve kimlerin g\u00f6rebilece\u011fini Google veya Microsoft&#8217;a s\u00f6ylemeniz gerekli Hedeflemenizin nerede k\u0131sm\u0131 ile ke\u015ffetmeye ba\u015flayal\u0131m. Google veya Microsoft&#8217;ta yer se\u00e7imi yaparken 2 temel se\u00e7ene\u011finiz vard\u0131r: 1. \u015eehirler, il\u00e7eler veya \u00fclkeler se\u00e7ebilirsiniz Bu, yer se\u00e7iminin en yayg\u0131n ve \u00e7o\u011fu i\u015fletmeye uygun t\u00fcr\u00fcd\u00fcr. G\u00f6z \u00f6n\u00fcnde bulundurman\u0131z gerekenler ise \u015funlard\u0131r: E\u011fer reklam [&hellip;]<\/p>\n","protected":false},"author":7,"featured_media":721,"parent":0,"menu_order":0,"comment_status":"closed","ping_status":"closed","template":"","meta":{"_bbp_topic_count":0,"_bbp_reply_count":0,"_bbp_total_topic_count":0,"_bbp_total_reply_count":0,"_bbp_voice_count":0,"_bbp_anonymous_reply_count":0,"_bbp_topic_count_hidden":0,"_bbp_reply_count_hidden":0,"_bbp_forum_subforum_count":0,"inline_featured_image":false,"footnotes":""},"class_list":["post-1339","page","type-page","status-publish","has-post-thumbnail","hentry"],"yoast_head":"<!-- This site is optimized with the Yoast SEO plugin v20.10 - https:\/\/yoast.com\/wordpress\/plugins\/seo\/ -->\n<title>Arama Reklamlar\u0131 Kitleleri - Shown Blog<\/title>\n<meta name=\"description\" content=\"Reklamlar\u0131n\u0131z yay\u0131nlanmaya haz\u0131r, ancak \u015fimdi nerede g\u00f6sterilece\u011fini ve kimlerin g\u00f6rebilece\u011fini Google veya Microsoft&#039;a s\u00f6ylemeniz gerekli\" \/>\n<meta name=\"robots\" content=\"index, follow, max-snippet:-1, max-image-preview:large, max-video-preview:-1\" \/>\n<link rel=\"canonical\" href=\"https:\/\/shown.io\/blog\/?page_id=1339&lang=tr\" \/>\n<meta property=\"og:locale\" content=\"en_US\" \/>\n<meta property=\"og:type\" content=\"article\" \/>\n<meta property=\"og:title\" content=\"Arama Reklamlar\u0131 Kitleleri - Shown Blog\" \/>\n<meta property=\"og:description\" content=\"Reklamlar\u0131n\u0131z yay\u0131nlanmaya haz\u0131r, ancak \u015fimdi nerede g\u00f6sterilece\u011fini ve kimlerin g\u00f6rebilece\u011fini Google veya Microsoft&#039;a s\u00f6ylemeniz gerekli\" \/>\n<meta property=\"og:url\" content=\"https:\/\/shown.io\/blog\/?page_id=1339&amp;lang=tr\" \/>\n<meta property=\"og:site_name\" content=\"Shown Blog\" \/>\n<meta property=\"article:modified_time\" content=\"2020-04-18T21:23:33+00:00\" \/>\n<meta property=\"og:image\" content=\"https:\/\/shown.io\/blog\/wp-content\/uploads\/2020\/04\/Academy_banner_allarticles.png\" \/>\n\t<meta property=\"og:image:width\" content=\"2398\" \/>\n\t<meta property=\"og:image:height\" content=\"636\" \/>\n\t<meta property=\"og:image:type\" content=\"image\/png\" \/>\n<meta name=\"twitter:card\" content=\"summary_large_image\" \/>\n<meta name=\"twitter:label1\" content=\"Est. reading time\" \/>\n\t<meta name=\"twitter:data1\" content=\"2 minutes\" \/>\n<script type=\"application\/ld+json\" class=\"yoast-schema-graph\">{\"@context\":\"https:\/\/schema.org\",\"@graph\":[{\"@type\":\"WebPage\",\"@id\":\"https:\/\/shown.io\/blog\/?page_id=1339&lang=tr\",\"url\":\"https:\/\/shown.io\/blog\/?page_id=1339&lang=tr\",\"name\":\"Arama Reklamlar\u0131 Kitleleri - Shown Blog\",\"isPartOf\":{\"@id\":\"https:\/\/shown.io\/blog\/#website\"},\"datePublished\":\"2020-04-18T20:45:58+00:00\",\"dateModified\":\"2020-04-18T21:23:33+00:00\",\"description\":\"Reklamlar\u0131n\u0131z yay\u0131nlanmaya haz\u0131r, ancak \u015fimdi nerede g\u00f6sterilece\u011fini ve kimlerin g\u00f6rebilece\u011fini Google veya Microsoft'a s\u00f6ylemeniz gerekli\",\"breadcrumb\":{\"@id\":\"https:\/\/shown.io\/blog\/?page_id=1339&lang=tr#breadcrumb\"},\"inLanguage\":\"en-US\",\"potentialAction\":[{\"@type\":\"ReadAction\",\"target\":[\"https:\/\/shown.io\/blog\/?page_id=1339&lang=tr\"]}]},{\"@type\":\"BreadcrumbList\",\"@id\":\"https:\/\/shown.io\/blog\/?page_id=1339&lang=tr#breadcrumb\",\"itemListElement\":[{\"@type\":\"ListItem\",\"position\":1,\"name\":\"Home\",\"item\":\"https:\/\/shown.io\/blog\/\"},{\"@type\":\"ListItem\",\"position\":2,\"name\":\"Arama Reklamlar\u0131 Kitleleri\"}]},{\"@type\":\"WebSite\",\"@id\":\"https:\/\/shown.io\/blog\/#website\",\"url\":\"https:\/\/shown.io\/blog\/\",\"name\":\"Shown Blog\",\"description\":\"A blog about marketing optimization for smart companies\",\"publisher\":{\"@id\":\"https:\/\/shown.io\/blog\/#organization\"},\"potentialAction\":[{\"@type\":\"SearchAction\",\"target\":{\"@type\":\"EntryPoint\",\"urlTemplate\":\"https:\/\/shown.io\/blog\/?s={search_term_string}\"},\"query-input\":\"required name=search_term_string\"}],\"inLanguage\":\"en-US\"},{\"@type\":\"Organization\",\"@id\":\"https:\/\/shown.io\/blog\/#organization\",\"name\":\"Instaon\",\"url\":\"https:\/\/shown.io\/blog\/\",\"logo\":{\"@type\":\"ImageObject\",\"inLanguage\":\"en-US\",\"@id\":\"https:\/\/shown.io\/blog\/#\/schema\/logo\/image\/\",\"url\":\"https:\/\/shown.io\/blog\/wp-content\/uploads\/2020\/06\/Logo_Main_White.png\",\"contentUrl\":\"https:\/\/shown.io\/blog\/wp-content\/uploads\/2020\/06\/Logo_Main_White.png\",\"width\":1024,\"height\":1024,\"caption\":\"Instaon\"},\"image\":{\"@id\":\"https:\/\/shown.io\/blog\/#\/schema\/logo\/image\/\"}}]}<\/script>\n<!-- \/ Yoast SEO plugin. -->","yoast_head_json":{"title":"Arama Reklamlar\u0131 Kitleleri - Shown Blog","description":"Reklamlar\u0131n\u0131z yay\u0131nlanmaya haz\u0131r, ancak \u015fimdi nerede g\u00f6sterilece\u011fini ve kimlerin g\u00f6rebilece\u011fini Google veya Microsoft'a s\u00f6ylemeniz gerekli","robots":{"index":"index","follow":"follow","max-snippet":"max-snippet:-1","max-image-preview":"max-image-preview:large","max-video-preview":"max-video-preview:-1"},"canonical":"https:\/\/shown.io\/blog\/?page_id=1339&lang=tr","og_locale":"en_US","og_type":"article","og_title":"Arama Reklamlar\u0131 Kitleleri - Shown Blog","og_description":"Reklamlar\u0131n\u0131z yay\u0131nlanmaya haz\u0131r, ancak \u015fimdi nerede g\u00f6sterilece\u011fini ve kimlerin g\u00f6rebilece\u011fini Google veya Microsoft'a s\u00f6ylemeniz gerekli","og_url":"https:\/\/shown.io\/blog\/?page_id=1339&lang=tr","og_site_name":"Shown Blog","article_modified_time":"2020-04-18T21:23:33+00:00","og_image":[{"width":2398,"height":636,"url":"https:\/\/shown.io\/blog\/wp-content\/uploads\/2020\/04\/Academy_banner_allarticles.png","type":"image\/png"}],"twitter_card":"summary_large_image","twitter_misc":{"Est. reading time":"2 minutes"},"schema":{"@context":"https:\/\/schema.org","@graph":[{"@type":"WebPage","@id":"https:\/\/shown.io\/blog\/?page_id=1339&lang=tr","url":"https:\/\/shown.io\/blog\/?page_id=1339&lang=tr","name":"Arama Reklamlar\u0131 Kitleleri - Shown Blog","isPartOf":{"@id":"https:\/\/shown.io\/blog\/#website"},"datePublished":"2020-04-18T20:45:58+00:00","dateModified":"2020-04-18T21:23:33+00:00","description":"Reklamlar\u0131n\u0131z yay\u0131nlanmaya haz\u0131r, ancak \u015fimdi nerede g\u00f6sterilece\u011fini ve kimlerin g\u00f6rebilece\u011fini Google veya Microsoft'a s\u00f6ylemeniz gerekli","breadcrumb":{"@id":"https:\/\/shown.io\/blog\/?page_id=1339&lang=tr#breadcrumb"},"inLanguage":"en-US","potentialAction":[{"@type":"ReadAction","target":["https:\/\/shown.io\/blog\/?page_id=1339&lang=tr"]}]},{"@type":"BreadcrumbList","@id":"https:\/\/shown.io\/blog\/?page_id=1339&lang=tr#breadcrumb","itemListElement":[{"@type":"ListItem","position":1,"name":"Home","item":"https:\/\/shown.io\/blog\/"},{"@type":"ListItem","position":2,"name":"Arama Reklamlar\u0131 Kitleleri"}]},{"@type":"WebSite","@id":"https:\/\/shown.io\/blog\/#website","url":"https:\/\/shown.io\/blog\/","name":"Shown Blog","description":"A blog about marketing optimization for smart companies","publisher":{"@id":"https:\/\/shown.io\/blog\/#organization"},"potentialAction":[{"@type":"SearchAction","target":{"@type":"EntryPoint","urlTemplate":"https:\/\/shown.io\/blog\/?s={search_term_string}"},"query-input":"required name=search_term_string"}],"inLanguage":"en-US"},{"@type":"Organization","@id":"https:\/\/shown.io\/blog\/#organization","name":"Instaon","url":"https:\/\/shown.io\/blog\/","logo":{"@type":"ImageObject","inLanguage":"en-US","@id":"https:\/\/shown.io\/blog\/#\/schema\/logo\/image\/","url":"https:\/\/shown.io\/blog\/wp-content\/uploads\/2020\/06\/Logo_Main_White.png","contentUrl":"https:\/\/shown.io\/blog\/wp-content\/uploads\/2020\/06\/Logo_Main_White.png","width":1024,"height":1024,"caption":"Instaon"},"image":{"@id":"https:\/\/shown.io\/blog\/#\/schema\/logo\/image\/"}}]}},"_links":{"self":[{"href":"https:\/\/shown.io\/blog\/index.php?rest_route=\/wp\/v2\/pages\/1339","targetHints":{"allow":["GET"]}}],"collection":[{"href":"https:\/\/shown.io\/blog\/index.php?rest_route=\/wp\/v2\/pages"}],"about":[{"href":"https:\/\/shown.io\/blog\/index.php?rest_route=\/wp\/v2\/types\/page"}],"author":[{"embeddable":true,"href":"https:\/\/shown.io\/blog\/index.php?rest_route=\/wp\/v2\/users\/7"}],"replies":[{"embeddable":true,"href":"https:\/\/shown.io\/blog\/index.php?rest_route=%2Fwp%2Fv2%2Fcomments&post=1339"}],"version-history":[{"count":3,"href":"https:\/\/shown.io\/blog\/index.php?rest_route=\/wp\/v2\/pages\/1339\/revisions"}],"predecessor-version":[{"id":1349,"href":"https:\/\/shown.io\/blog\/index.php?rest_route=\/wp\/v2\/pages\/1339\/revisions\/1349"}],"wp:featuredmedia":[{"embeddable":true,"href":"https:\/\/shown.io\/blog\/index.php?rest_route=\/wp\/v2\/media\/721"}],"wp:attachment":[{"href":"https:\/\/shown.io\/blog\/index.php?rest_route=%2Fwp%2Fv2%2Fmedia&parent=1339"}],"curies":[{"name":"wp","href":"https:\/\/api.w.org\/{rel}","templated":true}]}}