{"id":1351,"date":"2020-04-18T21:38:34","date_gmt":"2020-04-18T21:38:34","guid":{"rendered":"https:\/\/instaon.io\/blog\/?page_id=1351"},"modified":"2020-04-19T15:22:49","modified_gmt":"2020-04-19T15:22:49","slug":"anuncios-de-busqueda-presupuesto","status":"publish","type":"page","link":"https:\/\/shown.io\/blog\/?page_id=1351&lang=es","title":{"rendered":"Anuncios de B\u00fasqueda &#8211; Presupuesto"},"content":{"rendered":"\t\t<div data-elementor-type=\"wp-page\" data-elementor-id=\"1351\" class=\"elementor elementor-1351\">\n\t\t\t\t\t\t<div class=\"elementor-inner\">\n\t\t\t\t<div class=\"elementor-section-wrap\">\n\t\t\t\t\t\t\t\t\t<section class=\"elementor-section elementor-top-section elementor-element elementor-element-8a3570b elementor-section-boxed elementor-section-height-default elementor-section-height-default\" data-id=\"8a3570b\" data-element_type=\"section\">\n\t\t\t\t\t\t<div class=\"elementor-container elementor-column-gap-default\">\n\t\t\t\t\t\t\t<div class=\"elementor-row\">\n\t\t\t\t\t<div class=\"elementor-column elementor-col-100 elementor-top-column elementor-element elementor-element-3401522\" data-id=\"3401522\" data-element_type=\"column\">\n\t\t\t<div class=\"elementor-column-wrap elementor-element-populated\">\n\t\t\t\t\t\t\t<div class=\"elementor-widget-wrap\">\n\t\t\t\t\t\t<div class=\"elementor-element elementor-element-df2462c elementor-widget elementor-widget-text-editor\" data-id=\"df2462c\" data-element_type=\"widget\" data-widget_type=\"text-editor.default\">\n\t\t\t\t<div class=\"elementor-widget-container\">\n\t\t\t\t\t\t\t\t<div class=\"elementor-text-editor elementor-clearfix\">\n\t\t\t\t<p>Si deseas aparecer en la parte superior de Google o Bing con anuncios pagados, debes pagar a Google o Microsoft, claro. S\u00ed &#8230; nada es gratis en vivo. (excepto nuestro plan Instaon Free \ud83d\ude42 )<\/p><p>Pagar\u00e1s tu anuncio por click. No existe una cantidad fija por palabra clave, sino un c\u00e1lculo m\u00e1s complejo.<\/p><p><i>\u00a1Te respontederemos la pregunta m\u00e1s frecuente! Cu\u00e1nto cuestan los clicks.<\/i><\/p><p>Lamentablemente, no hay una respuesta exacta. La respuesta m\u00e1s com\u00fan (y frustrante) es: &#8220;Depende&#8221;. El costo por click puede variar entre unos pocos centavos y varios d\u00f3lares, dependiendo de la competencia y la regi\u00f3n de tu audiencia. Pero, Instaon se asegurar\u00e1 de disminuir tu costo por click con el tiempo a trav\u00e9s de optimizaciones mensuales.<\/p><p><em>Ejemplo:<\/em><\/p><p>Brindas clases de yoga en Bruselas y deseas aparecer en la parte superior de los resultados de b\u00fasqueda cuando las personas buscan &#8216;clases de yoga&#8217; en Bruselas. El costo promedio por click para esta palabra clave espec\u00edfica en Bruselas es de 1 \u20ac.<\/p>\t\t\t\t\t<\/div>\n\t\t\t\t\t\t<\/div>\n\t\t\t\t<\/div>\n\t\t\t\t\t\t<\/div>\n\t\t\t\t\t<\/div>\n\t\t<\/div>\n\t\t\t\t\t\t\t\t<\/div>\n\t\t\t\t\t<\/div>\n\t\t<\/section>\n\t\t\t\t<section class=\"elementor-section elementor-top-section elementor-element elementor-element-371abf2 elementor-section-boxed elementor-section-height-default elementor-section-height-default\" data-id=\"371abf2\" data-element_type=\"section\">\n\t\t\t\t\t\t<div class=\"elementor-container elementor-column-gap-default\">\n\t\t\t\t\t\t\t<div class=\"elementor-row\">\n\t\t\t\t\t<div class=\"elementor-column elementor-col-100 elementor-top-column elementor-element elementor-element-13b3364\" data-id=\"13b3364\" data-element_type=\"column\">\n\t\t\t<div class=\"elementor-column-wrap elementor-element-populated\">\n\t\t\t\t\t\t\t<div class=\"elementor-widget-wrap\">\n\t\t\t\t\t\t<div class=\"elementor-element elementor-element-e980259 elementor-widget elementor-widget-image\" data-id=\"e980259\" data-element_type=\"widget\" data-widget_type=\"image.default\">\n\t\t\t\t<div class=\"elementor-widget-container\">\n\t\t\t\t\t\t\t\t<div class=\"elementor-image\">\n\t\t\t\t\t\t\t\t\t\t\t\t<img loading=\"lazy\" decoding=\"async\" width=\"839\" height=\"298\" src=\"https:\/\/shown.io\/blog\/wp-content\/uploads\/2020\/04\/budget-1.png\" class=\"attachment-large size-large wp-image-856\" alt=\"\" srcset=\"https:\/\/shown.io\/blog\/wp-content\/uploads\/2020\/04\/budget-1.png 839w, https:\/\/shown.io\/blog\/wp-content\/uploads\/2020\/04\/budget-1-300x107.png 300w, https:\/\/shown.io\/blog\/wp-content\/uploads\/2020\/04\/budget-1-768x273.png 768w\" sizes=\"auto, (max-width: 839px) 100vw, 839px\" \/>\t\t\t\t\t\t\t\t\t\t\t\t\t\t<\/div>\n\t\t\t\t\t\t<\/div>\n\t\t\t\t<\/div>\n\t\t\t\t\t\t<\/div>\n\t\t\t\t\t<\/div>\n\t\t<\/div>\n\t\t\t\t\t\t\t\t<\/div>\n\t\t\t\t\t<\/div>\n\t\t<\/section>\n\t\t\t\t<section class=\"elementor-section elementor-top-section elementor-element elementor-element-6a78197 elementor-section-boxed elementor-section-height-default elementor-section-height-default\" data-id=\"6a78197\" data-element_type=\"section\">\n\t\t\t\t\t\t<div class=\"elementor-container elementor-column-gap-default\">\n\t\t\t\t\t\t\t<div class=\"elementor-row\">\n\t\t\t\t\t<div class=\"elementor-column elementor-col-100 elementor-top-column elementor-element elementor-element-0623a68\" data-id=\"0623a68\" data-element_type=\"column\">\n\t\t\t<div class=\"elementor-column-wrap elementor-element-populated\">\n\t\t\t\t\t\t\t<div class=\"elementor-widget-wrap\">\n\t\t\t\t\t\t<div class=\"elementor-element elementor-element-8213b6d elementor-widget elementor-widget-text-editor\" data-id=\"8213b6d\" data-element_type=\"widget\" data-widget_type=\"text-editor.default\">\n\t\t\t\t<div class=\"elementor-widget-container\">\n\t\t\t\t\t\t\t\t<div class=\"elementor-text-editor elementor-clearfix\">\n\t\t\t\t<p>Si seleccionas 5 \u20ac por d\u00eda (presupuesto de 150 \u20ac \/ mes), podr\u00e1s esperar hasta 5 clicks por d\u00eda en tus anuncios, que conducir\u00e1n a tu sitio web. Si deseas m\u00e1s tr\u00e1fico, deber\u00e1s elegir un paquete m\u00e1s alto.<\/p>\t\t\t\t\t<\/div>\n\t\t\t\t\t\t<\/div>\n\t\t\t\t<\/div>\n\t\t\t\t\t\t<\/div>\n\t\t\t\t\t<\/div>\n\t\t<\/div>\n\t\t\t\t\t\t\t\t<\/div>\n\t\t\t\t\t<\/div>\n\t\t<\/section>\n\t\t\t\t<section class=\"elementor-section elementor-top-section elementor-element elementor-element-5ce744c elementor-section-boxed elementor-section-height-default elementor-section-height-default\" data-id=\"5ce744c\" data-element_type=\"section\">\n\t\t\t\t\t\t<div class=\"elementor-container elementor-column-gap-default\">\n\t\t\t\t\t\t\t<div class=\"elementor-row\">\n\t\t\t\t\t<div class=\"elementor-column elementor-col-100 elementor-top-column elementor-element elementor-element-bf15262\" data-id=\"bf15262\" data-element_type=\"column\">\n\t\t\t<div class=\"elementor-column-wrap elementor-element-populated\">\n\t\t\t\t\t\t\t<div class=\"elementor-widget-wrap\">\n\t\t\t\t\t\t<div class=\"elementor-element elementor-element-187b9bf elementor-widget elementor-widget-heading\" data-id=\"187b9bf\" data-element_type=\"widget\" data-widget_type=\"heading.default\">\n\t\t\t\t<div class=\"elementor-widget-container\">\n\t\t\t<h5 class=\"elementor-heading-title elementor-size-default\">\u00bfC\u00f3mo definir mi presupuesto de publicidad?<\/h5>\t\t<\/div>\n\t\t\t\t<\/div>\n\t\t\t\t\t\t<\/div>\n\t\t\t\t\t<\/div>\n\t\t<\/div>\n\t\t\t\t\t\t\t\t<\/div>\n\t\t\t\t\t<\/div>\n\t\t<\/section>\n\t\t\t\t<section class=\"elementor-section elementor-top-section elementor-element elementor-element-71b6d6b elementor-section-boxed elementor-section-height-default elementor-section-height-default\" data-id=\"71b6d6b\" data-element_type=\"section\">\n\t\t\t\t\t\t<div class=\"elementor-container elementor-column-gap-default\">\n\t\t\t\t\t\t\t<div class=\"elementor-row\">\n\t\t\t\t\t<div class=\"elementor-column elementor-col-100 elementor-top-column elementor-element elementor-element-31e223d\" data-id=\"31e223d\" data-element_type=\"column\">\n\t\t\t<div class=\"elementor-column-wrap elementor-element-populated\">\n\t\t\t\t\t\t\t<div class=\"elementor-widget-wrap\">\n\t\t\t\t\t\t<div class=\"elementor-element elementor-element-04444a8 elementor-widget elementor-widget-text-editor\" data-id=\"04444a8\" data-element_type=\"widget\" data-widget_type=\"text-editor.default\">\n\t\t\t\t<div class=\"elementor-widget-container\">\n\t\t\t\t\t\t\t\t<div class=\"elementor-text-editor elementor-clearfix\">\n\t\t\t\t<p>No hay un presupuesto ideal al comenzar. Deber\u00e1s analizar c\u00f3mo reacciona el mercado ante tus ofertas y cu\u00e1ntos clientes nuevos podr\u00e1s obtener con un presupuesto determinado. Los clientes a menudo comienzan con poco y aumentan su presupuesto a lo largo de las semanas.<\/p><p><i>Sin embargo, se recomienda comenzar con un presupuesto m\u00ednimo de 5 $ \/ d\u00eda (150 $ \/ mes). Presupuestos m\u00e1s bajos generar\u00e1n muy pocos clicks y ninguna posibilidad de optimizaci\u00f3n.<\/i><\/p><p>Una vez que tus anuncios est\u00e9n activados durante un tiempo y se hayan optimizado, podr\u00e1s ver cu\u00e1nto cuesta realmente un nuevo cliente. Tomar la decisi\u00f3n de aumentar o disminuir tu presupuesto se har\u00e1 m\u00e1s f\u00e1cil.<\/p><p>Si tomamos el ejemplo de Yoga y asumimos que con cada 20 clicks, se obtiene una nueva inscripci\u00f3n. Una adquisici\u00f3n de un nuevo cliente te costar\u00eda 20 $. Luego debes preguntarte lo siguiente:<\/p><p><i>\u00bfCu\u00e1nto vale un cliente para m\u00ed?<\/i><\/p><p>En la mayor\u00eda de los casos, una nueva suscripci\u00f3n puede permanecer contigo varias semanas y valer unos cientos de d\u00f3lares. Tus anuncios son rentables y podr\u00e1s comenzar a aumentar tu presupuesto publicitario para obtener a\u00fan m\u00e1s clientes.<\/p>\t\t\t\t\t<\/div>\n\t\t\t\t\t\t<\/div>\n\t\t\t\t<\/div>\n\t\t\t\t\t\t<\/div>\n\t\t\t\t\t<\/div>\n\t\t<\/div>\n\t\t\t\t\t\t\t\t<\/div>\n\t\t\t\t\t<\/div>\n\t\t<\/section>\n\t\t\t\t\t\t\t\t\t<\/div>\n\t\t\t<\/div>\n\t\t\t\t\t<\/div>\n\t\t","protected":false},"excerpt":{"rendered":"<p>Si deseas aparecer en la parte superior de Google o Bing con anuncios pagados, debes pagar a Google o Microsoft, claro. S\u00ed &#8230; nada es gratis en vivo. (excepto nuestro plan Instaon Free \ud83d\ude42 ) Pagar\u00e1s tu anuncio por click. No existe una cantidad fija por palabra clave, sino un c\u00e1lculo m\u00e1s complejo. \u00a1Te respontederemos [&hellip;]<\/p>\n","protected":false},"author":9,"featured_media":721,"parent":0,"menu_order":0,"comment_status":"closed","ping_status":"closed","template":"","meta":{"_bbp_topic_count":0,"_bbp_reply_count":0,"_bbp_total_topic_count":0,"_bbp_total_reply_count":0,"_bbp_voice_count":0,"_bbp_anonymous_reply_count":0,"_bbp_topic_count_hidden":0,"_bbp_reply_count_hidden":0,"_bbp_forum_subforum_count":0,"inline_featured_image":false,"footnotes":""},"class_list":["post-1351","page","type-page","status-publish","has-post-thumbnail","hentry"],"yoast_head":"<!-- This site is optimized with the Yoast SEO plugin v20.10 - https:\/\/yoast.com\/wordpress\/plugins\/seo\/ -->\n<title>Anuncios de B\u00fasqueda - Presupuesto - Shown Blog<\/title>\n<meta name=\"robots\" content=\"index, follow, max-snippet:-1, max-image-preview:large, max-video-preview:-1\" \/>\n<link rel=\"canonical\" href=\"https:\/\/shown.io\/blog\/?page_id=1351&lang=es\" \/>\n<meta property=\"og:locale\" content=\"en_US\" \/>\n<meta property=\"og:type\" content=\"article\" \/>\n<meta property=\"og:title\" content=\"Anuncios de B\u00fasqueda - Presupuesto - Shown Blog\" \/>\n<meta property=\"og:description\" content=\"Si deseas aparecer en la parte superior de Google o Bing con anuncios pagados, debes pagar a Google o Microsoft, claro. S\u00ed &#8230; nada es gratis en vivo. (excepto nuestro plan Instaon Free \ud83d\ude42 ) Pagar\u00e1s tu anuncio por click. No existe una cantidad fija por palabra clave, sino un c\u00e1lculo m\u00e1s complejo. \u00a1Te respontederemos [&hellip;]\" \/>\n<meta property=\"og:url\" content=\"https:\/\/shown.io\/blog\/?page_id=1351&amp;lang=es\" \/>\n<meta property=\"og:site_name\" content=\"Shown Blog\" \/>\n<meta property=\"article:modified_time\" content=\"2020-04-19T15:22:49+00:00\" \/>\n<meta property=\"og:image\" content=\"https:\/\/shown.io\/blog\/wp-content\/uploads\/2020\/04\/Academy_banner_allarticles.png\" \/>\n\t<meta property=\"og:image:width\" content=\"2398\" \/>\n\t<meta property=\"og:image:height\" content=\"636\" \/>\n\t<meta property=\"og:image:type\" content=\"image\/png\" \/>\n<meta name=\"twitter:card\" content=\"summary_large_image\" \/>\n<meta name=\"twitter:label1\" content=\"Est. reading time\" \/>\n\t<meta name=\"twitter:data1\" content=\"2 minutes\" \/>\n<script type=\"application\/ld+json\" class=\"yoast-schema-graph\">{\"@context\":\"https:\/\/schema.org\",\"@graph\":[{\"@type\":\"WebPage\",\"@id\":\"https:\/\/shown.io\/blog\/?page_id=1351&lang=es\",\"url\":\"https:\/\/shown.io\/blog\/?page_id=1351&lang=es\",\"name\":\"Anuncios de B\u00fasqueda - Presupuesto - Shown Blog\",\"isPartOf\":{\"@id\":\"https:\/\/shown.io\/blog\/#website\"},\"datePublished\":\"2020-04-18T21:38:34+00:00\",\"dateModified\":\"2020-04-19T15:22:49+00:00\",\"breadcrumb\":{\"@id\":\"https:\/\/shown.io\/blog\/?page_id=1351&lang=es#breadcrumb\"},\"inLanguage\":\"en-US\",\"potentialAction\":[{\"@type\":\"ReadAction\",\"target\":[\"https:\/\/shown.io\/blog\/?page_id=1351&lang=es\"]}]},{\"@type\":\"BreadcrumbList\",\"@id\":\"https:\/\/shown.io\/blog\/?page_id=1351&lang=es#breadcrumb\",\"itemListElement\":[{\"@type\":\"ListItem\",\"position\":1,\"name\":\"Home\",\"item\":\"https:\/\/shown.io\/blog\/\"},{\"@type\":\"ListItem\",\"position\":2,\"name\":\"Anuncios de B\u00fasqueda &#8211; Presupuesto\"}]},{\"@type\":\"WebSite\",\"@id\":\"https:\/\/shown.io\/blog\/#website\",\"url\":\"https:\/\/shown.io\/blog\/\",\"name\":\"Shown Blog\",\"description\":\"A blog about marketing optimization for smart companies\",\"publisher\":{\"@id\":\"https:\/\/shown.io\/blog\/#organization\"},\"potentialAction\":[{\"@type\":\"SearchAction\",\"target\":{\"@type\":\"EntryPoint\",\"urlTemplate\":\"https:\/\/shown.io\/blog\/?s={search_term_string}\"},\"query-input\":\"required name=search_term_string\"}],\"inLanguage\":\"en-US\"},{\"@type\":\"Organization\",\"@id\":\"https:\/\/shown.io\/blog\/#organization\",\"name\":\"Instaon\",\"url\":\"https:\/\/shown.io\/blog\/\",\"logo\":{\"@type\":\"ImageObject\",\"inLanguage\":\"en-US\",\"@id\":\"https:\/\/shown.io\/blog\/#\/schema\/logo\/image\/\",\"url\":\"https:\/\/shown.io\/blog\/wp-content\/uploads\/2020\/06\/Logo_Main_White.png\",\"contentUrl\":\"https:\/\/shown.io\/blog\/wp-content\/uploads\/2020\/06\/Logo_Main_White.png\",\"width\":1024,\"height\":1024,\"caption\":\"Instaon\"},\"image\":{\"@id\":\"https:\/\/shown.io\/blog\/#\/schema\/logo\/image\/\"}}]}<\/script>\n<!-- \/ Yoast SEO plugin. -->","yoast_head_json":{"title":"Anuncios de B\u00fasqueda - Presupuesto - Shown Blog","robots":{"index":"index","follow":"follow","max-snippet":"max-snippet:-1","max-image-preview":"max-image-preview:large","max-video-preview":"max-video-preview:-1"},"canonical":"https:\/\/shown.io\/blog\/?page_id=1351&lang=es","og_locale":"en_US","og_type":"article","og_title":"Anuncios de B\u00fasqueda - Presupuesto - Shown Blog","og_description":"Si deseas aparecer en la parte superior de Google o Bing con anuncios pagados, debes pagar a Google o Microsoft, claro. S\u00ed &#8230; nada es gratis en vivo. (excepto nuestro plan Instaon Free \ud83d\ude42 ) Pagar\u00e1s tu anuncio por click. No existe una cantidad fija por palabra clave, sino un c\u00e1lculo m\u00e1s complejo. \u00a1Te respontederemos [&hellip;]","og_url":"https:\/\/shown.io\/blog\/?page_id=1351&lang=es","og_site_name":"Shown Blog","article_modified_time":"2020-04-19T15:22:49+00:00","og_image":[{"width":2398,"height":636,"url":"https:\/\/shown.io\/blog\/wp-content\/uploads\/2020\/04\/Academy_banner_allarticles.png","type":"image\/png"}],"twitter_card":"summary_large_image","twitter_misc":{"Est. reading time":"2 minutes"},"schema":{"@context":"https:\/\/schema.org","@graph":[{"@type":"WebPage","@id":"https:\/\/shown.io\/blog\/?page_id=1351&lang=es","url":"https:\/\/shown.io\/blog\/?page_id=1351&lang=es","name":"Anuncios de B\u00fasqueda - Presupuesto - Shown Blog","isPartOf":{"@id":"https:\/\/shown.io\/blog\/#website"},"datePublished":"2020-04-18T21:38:34+00:00","dateModified":"2020-04-19T15:22:49+00:00","breadcrumb":{"@id":"https:\/\/shown.io\/blog\/?page_id=1351&lang=es#breadcrumb"},"inLanguage":"en-US","potentialAction":[{"@type":"ReadAction","target":["https:\/\/shown.io\/blog\/?page_id=1351&lang=es"]}]},{"@type":"BreadcrumbList","@id":"https:\/\/shown.io\/blog\/?page_id=1351&lang=es#breadcrumb","itemListElement":[{"@type":"ListItem","position":1,"name":"Home","item":"https:\/\/shown.io\/blog\/"},{"@type":"ListItem","position":2,"name":"Anuncios de B\u00fasqueda &#8211; Presupuesto"}]},{"@type":"WebSite","@id":"https:\/\/shown.io\/blog\/#website","url":"https:\/\/shown.io\/blog\/","name":"Shown Blog","description":"A blog about marketing optimization for smart companies","publisher":{"@id":"https:\/\/shown.io\/blog\/#organization"},"potentialAction":[{"@type":"SearchAction","target":{"@type":"EntryPoint","urlTemplate":"https:\/\/shown.io\/blog\/?s={search_term_string}"},"query-input":"required name=search_term_string"}],"inLanguage":"en-US"},{"@type":"Organization","@id":"https:\/\/shown.io\/blog\/#organization","name":"Instaon","url":"https:\/\/shown.io\/blog\/","logo":{"@type":"ImageObject","inLanguage":"en-US","@id":"https:\/\/shown.io\/blog\/#\/schema\/logo\/image\/","url":"https:\/\/shown.io\/blog\/wp-content\/uploads\/2020\/06\/Logo_Main_White.png","contentUrl":"https:\/\/shown.io\/blog\/wp-content\/uploads\/2020\/06\/Logo_Main_White.png","width":1024,"height":1024,"caption":"Instaon"},"image":{"@id":"https:\/\/shown.io\/blog\/#\/schema\/logo\/image\/"}}]}},"_links":{"self":[{"href":"https:\/\/shown.io\/blog\/index.php?rest_route=\/wp\/v2\/pages\/1351","targetHints":{"allow":["GET"]}}],"collection":[{"href":"https:\/\/shown.io\/blog\/index.php?rest_route=\/wp\/v2\/pages"}],"about":[{"href":"https:\/\/shown.io\/blog\/index.php?rest_route=\/wp\/v2\/types\/page"}],"author":[{"embeddable":true,"href":"https:\/\/shown.io\/blog\/index.php?rest_route=\/wp\/v2\/users\/9"}],"replies":[{"embeddable":true,"href":"https:\/\/shown.io\/blog\/index.php?rest_route=%2Fwp%2Fv2%2Fcomments&post=1351"}],"version-history":[{"count":4,"href":"https:\/\/shown.io\/blog\/index.php?rest_route=\/wp\/v2\/pages\/1351\/revisions"}],"predecessor-version":[{"id":1356,"href":"https:\/\/shown.io\/blog\/index.php?rest_route=\/wp\/v2\/pages\/1351\/revisions\/1356"}],"wp:featuredmedia":[{"embeddable":true,"href":"https:\/\/shown.io\/blog\/index.php?rest_route=\/wp\/v2\/media\/721"}],"wp:attachment":[{"href":"https:\/\/shown.io\/blog\/index.php?rest_route=%2Fwp%2Fv2%2Fmedia&parent=1351"}],"curies":[{"name":"wp","href":"https:\/\/api.w.org\/{rel}","templated":true}]}}