{"id":1405,"date":"2020-04-20T01:06:59","date_gmt":"2020-04-20T01:06:59","guid":{"rendered":"https:\/\/instaon.io\/blog\/?page_id=1405"},"modified":"2020-04-20T01:28:20","modified_gmt":"2020-04-20T01:28:20","slug":"anuncios-de-pesquisa-orcamento","status":"publish","type":"page","link":"https:\/\/shown.io\/blog\/?page_id=1405&lang=pt","title":{"rendered":"An\u00fancios de Pesquisa: Or\u00e7amento"},"content":{"rendered":"\t\t<div data-elementor-type=\"wp-page\" data-elementor-id=\"1405\" class=\"elementor elementor-1405\">\n\t\t\t\t\t\t<div class=\"elementor-inner\">\n\t\t\t\t<div class=\"elementor-section-wrap\">\n\t\t\t\t\t\t\t\t\t<section class=\"elementor-section elementor-top-section elementor-element elementor-element-8a3570b elementor-section-boxed elementor-section-height-default elementor-section-height-default\" data-id=\"8a3570b\" data-element_type=\"section\">\n\t\t\t\t\t\t<div class=\"elementor-container elementor-column-gap-default\">\n\t\t\t\t\t\t\t<div class=\"elementor-row\">\n\t\t\t\t\t<div class=\"elementor-column elementor-col-100 elementor-top-column elementor-element elementor-element-3401522\" data-id=\"3401522\" data-element_type=\"column\">\n\t\t\t<div class=\"elementor-column-wrap elementor-element-populated\">\n\t\t\t\t\t\t\t<div class=\"elementor-widget-wrap\">\n\t\t\t\t\t\t<div class=\"elementor-element elementor-element-df2462c elementor-widget elementor-widget-text-editor\" data-id=\"df2462c\" data-element_type=\"widget\" data-widget_type=\"text-editor.default\">\n\t\t\t\t<div class=\"elementor-widget-container\">\n\t\t\t\t\t\t\t\t<div class=\"elementor-text-editor elementor-clearfix\">\n\t\t\t\t<p>Se voc\u00ea deseja aparecer no topo do Google ou Bing com an\u00fancios pagos, Voc\u00ea dever\u00e1, \u00e9 claro, pagar ao Google ou a Microsoft. Chamamos isso de or\u00e7amento de publicidade. Sim .. nada \u00e9 gratuito no mundo online. (S\u00f3 o nosso plano gratuito \ud83d\ude42 )<\/p><p><i>Quanto custa aparecer no Google ou Bing para as minhas palavras-chave?<\/i><\/p><p>Voc\u00ea paga o seu an\u00fancio clique. N\u00e3o \u00e9 um valor fixo por palavra-chave, e sim um calculo mais complexo.<\/p><p><i>Vamos nos antecipar respondendo a pergunta mais feita!\u00a0<\/i><\/p><p>Infelizmente, n\u00e3o existe uma resposta f\u00e1cil. A resposta mais comum (e frustrante) \u00e9: &#8220;Depende&#8221;. Seu custo por clique pode variar de alguns centavos a v\u00e1rios d\u00f3lares, dependendo da competitividade e da regi\u00e3o segmentada. <b>Por\u00e9m, a Instaon reduz o custo por clique ao longo do tempo atrav\u00e9s de otimiza\u00e7\u00f5es mensais.<\/b><\/p><p><em>Exemplo:<\/em><\/p><p>Voc\u00ea oferece aulas de yoga em Bruxelas e deseja aparecer no topo dos resultados de pesquisa quando as pessoas procuram &#8220;aulas de yoga&#8221; em Bruxelas. O custo m\u00e9dio por clique para essa palavra-chave espec\u00edfica em Bruxelas \u00e9 de 1 \u20ac.<\/p>\t\t\t\t\t<\/div>\n\t\t\t\t\t\t<\/div>\n\t\t\t\t<\/div>\n\t\t\t\t\t\t<\/div>\n\t\t\t\t\t<\/div>\n\t\t<\/div>\n\t\t\t\t\t\t\t\t<\/div>\n\t\t\t\t\t<\/div>\n\t\t<\/section>\n\t\t\t\t<section class=\"elementor-section elementor-top-section elementor-element elementor-element-371abf2 elementor-section-boxed elementor-section-height-default elementor-section-height-default\" data-id=\"371abf2\" data-element_type=\"section\">\n\t\t\t\t\t\t<div class=\"elementor-container elementor-column-gap-default\">\n\t\t\t\t\t\t\t<div class=\"elementor-row\">\n\t\t\t\t\t<div class=\"elementor-column elementor-col-100 elementor-top-column elementor-element elementor-element-13b3364\" data-id=\"13b3364\" data-element_type=\"column\">\n\t\t\t<div class=\"elementor-column-wrap elementor-element-populated\">\n\t\t\t\t\t\t\t<div class=\"elementor-widget-wrap\">\n\t\t\t\t\t\t<div class=\"elementor-element elementor-element-e980259 elementor-widget elementor-widget-image\" data-id=\"e980259\" data-element_type=\"widget\" data-widget_type=\"image.default\">\n\t\t\t\t<div class=\"elementor-widget-container\">\n\t\t\t\t\t\t\t\t<div class=\"elementor-image\">\n\t\t\t\t\t\t\t\t\t\t\t\t<img loading=\"lazy\" decoding=\"async\" width=\"839\" height=\"298\" src=\"https:\/\/shown.io\/blog\/wp-content\/uploads\/2020\/04\/budget-1.png\" class=\"attachment-large size-large wp-image-856\" alt=\"\" srcset=\"https:\/\/shown.io\/blog\/wp-content\/uploads\/2020\/04\/budget-1.png 839w, https:\/\/shown.io\/blog\/wp-content\/uploads\/2020\/04\/budget-1-300x107.png 300w, https:\/\/shown.io\/blog\/wp-content\/uploads\/2020\/04\/budget-1-768x273.png 768w\" sizes=\"auto, (max-width: 839px) 100vw, 839px\" \/>\t\t\t\t\t\t\t\t\t\t\t\t\t\t<\/div>\n\t\t\t\t\t\t<\/div>\n\t\t\t\t<\/div>\n\t\t\t\t\t\t<\/div>\n\t\t\t\t\t<\/div>\n\t\t<\/div>\n\t\t\t\t\t\t\t\t<\/div>\n\t\t\t\t\t<\/div>\n\t\t<\/section>\n\t\t\t\t<section class=\"elementor-section elementor-top-section elementor-element elementor-element-6a78197 elementor-section-boxed elementor-section-height-default elementor-section-height-default\" data-id=\"6a78197\" data-element_type=\"section\">\n\t\t\t\t\t\t<div class=\"elementor-container elementor-column-gap-default\">\n\t\t\t\t\t\t\t<div class=\"elementor-row\">\n\t\t\t\t\t<div class=\"elementor-column elementor-col-100 elementor-top-column elementor-element elementor-element-0623a68\" data-id=\"0623a68\" data-element_type=\"column\">\n\t\t\t<div class=\"elementor-column-wrap elementor-element-populated\">\n\t\t\t\t\t\t\t<div class=\"elementor-widget-wrap\">\n\t\t\t\t\t\t<div class=\"elementor-element elementor-element-8213b6d elementor-widget elementor-widget-text-editor\" data-id=\"8213b6d\" data-element_type=\"widget\" data-widget_type=\"text-editor.default\">\n\t\t\t\t<div class=\"elementor-widget-container\">\n\t\t\t\t\t\t\t\t<div class=\"elementor-text-editor elementor-clearfix\">\n\t\t\t\t<p>Se voc\u00ea selecionar 5 \u20ac por dia (or\u00e7amento de 150 \u20ac \/ m\u00eas), poder\u00e1 esperar at\u00e9 5 cliques no seu an\u00fancio por dia. Se voc\u00ea quiser mais tr\u00e1fego, precisar\u00e1 escolher um or\u00e7amento mais alto.<\/p>\t\t\t\t\t<\/div>\n\t\t\t\t\t\t<\/div>\n\t\t\t\t<\/div>\n\t\t\t\t\t\t<\/div>\n\t\t\t\t\t<\/div>\n\t\t<\/div>\n\t\t\t\t\t\t\t\t<\/div>\n\t\t\t\t\t<\/div>\n\t\t<\/section>\n\t\t\t\t<section class=\"elementor-section elementor-top-section elementor-element elementor-element-5ce744c elementor-section-boxed elementor-section-height-default elementor-section-height-default\" data-id=\"5ce744c\" data-element_type=\"section\">\n\t\t\t\t\t\t<div class=\"elementor-container elementor-column-gap-default\">\n\t\t\t\t\t\t\t<div class=\"elementor-row\">\n\t\t\t\t\t<div class=\"elementor-column elementor-col-100 elementor-top-column elementor-element elementor-element-bf15262\" data-id=\"bf15262\" data-element_type=\"column\">\n\t\t\t<div class=\"elementor-column-wrap elementor-element-populated\">\n\t\t\t\t\t\t\t<div class=\"elementor-widget-wrap\">\n\t\t\t\t\t\t<div class=\"elementor-element elementor-element-187b9bf elementor-widget elementor-widget-heading\" data-id=\"187b9bf\" data-element_type=\"widget\" data-widget_type=\"heading.default\">\n\t\t\t\t<div class=\"elementor-widget-container\">\n\t\t\t<h5 class=\"elementor-heading-title elementor-size-default\">Como definir meu or\u00e7amento de publicidade?<\/h5>\t\t<\/div>\n\t\t\t\t<\/div>\n\t\t\t\t\t\t<\/div>\n\t\t\t\t\t<\/div>\n\t\t<\/div>\n\t\t\t\t\t\t\t\t<\/div>\n\t\t\t\t\t<\/div>\n\t\t<\/section>\n\t\t\t\t<section class=\"elementor-section elementor-top-section elementor-element elementor-element-71b6d6b elementor-section-boxed elementor-section-height-default elementor-section-height-default\" data-id=\"71b6d6b\" data-element_type=\"section\">\n\t\t\t\t\t\t<div class=\"elementor-container elementor-column-gap-default\">\n\t\t\t\t\t\t\t<div class=\"elementor-row\">\n\t\t\t\t\t<div class=\"elementor-column elementor-col-100 elementor-top-column elementor-element elementor-element-31e223d\" data-id=\"31e223d\" data-element_type=\"column\">\n\t\t\t<div class=\"elementor-column-wrap elementor-element-populated\">\n\t\t\t\t\t\t\t<div class=\"elementor-widget-wrap\">\n\t\t\t\t\t\t<div class=\"elementor-element elementor-element-04444a8 elementor-widget elementor-widget-text-editor\" data-id=\"04444a8\" data-element_type=\"widget\" data-widget_type=\"text-editor.default\">\n\t\t\t\t<div class=\"elementor-widget-container\">\n\t\t\t\t\t\t\t\t<div class=\"elementor-text-editor elementor-clearfix\">\n\t\t\t\t<p>N\u00e3o h\u00e1 or\u00e7amento ideal ao come\u00e7ar uma campanha. Voc\u00ea precisa ver como o mercado est\u00e1 reagindo \u00e0s suas ofertas e quantos novos clientes voc\u00ea pode obter com um determinado or\u00e7amento. Os clientes geralmente come\u00e7am com or\u00e7amentos baixos e aumentam ao longo dos meses.<\/p>\n<p><i>Por\u00e9m, \u00e9 recomend\u00e1vel come\u00e7ar com um or\u00e7amento m\u00ednimo de 5 $ \/ dia (150 $ \/ m\u00eas). Or\u00e7amentos mais baixos levar\u00e3o a poucos cliques e praticamente nenhuma possibilidade de otimiza\u00e7\u00e3o.<\/i><\/p>\n<p>Depois que seus an\u00fancios estiverem ativos por um tempo e j\u00e1 tiverem sido otimizados, voc\u00ea come\u00e7ar\u00e1 a ver quanto custa um novo cliente. Tomar uma decis\u00e3o para aumentar ou diminuir seu or\u00e7amento ser\u00e1, ent\u00e3o, mais f\u00e1cil.<\/p>\n<p>Se pegamos o exemplo do Yoga e assumimos que a cada 20 cliques voc\u00ea receber\u00e1 uma nova inscri\u00e7\u00e3o, uma nova aquisi\u00e7\u00e3o de cliente custaria 20 d\u00f3lares. Voc\u00ea precisar\u00e1 perguntar o seguinte:<\/p>\n<p>Quanto vale um cliente para mim?&nbsp;<\/p>\n<p>Na maioria dos casos, uma nova assinatura pode permanecer com voc\u00ea por v\u00e1rias semanas e custar algumas centenas de d\u00f3lares. Seus an\u00fancios s\u00e3o rent\u00e1veis e voc\u00ea pode come\u00e7ar a aumentar seu or\u00e7amento de publicidade para conquistar ainda mais clientes.<\/p>\t\t\t\t\t<\/div>\n\t\t\t\t\t\t<\/div>\n\t\t\t\t<\/div>\n\t\t\t\t\t\t<\/div>\n\t\t\t\t\t<\/div>\n\t\t<\/div>\n\t\t\t\t\t\t\t\t<\/div>\n\t\t\t\t\t<\/div>\n\t\t<\/section>\n\t\t\t\t\t\t\t\t\t<\/div>\n\t\t\t<\/div>\n\t\t\t\t\t<\/div>\n\t\t","protected":false},"excerpt":{"rendered":"<p>Se voc\u00ea deseja aparecer no topo do Google ou Bing com an\u00fancios pagos, Voc\u00ea dever\u00e1, \u00e9 claro, pagar ao Google ou a Microsoft. Chamamos isso de or\u00e7amento de publicidade. Sim .. nada \u00e9 gratuito no mundo online. (S\u00f3 o nosso plano gratuito \ud83d\ude42 ) Quanto custa aparecer no Google ou Bing para as minhas palavras-chave? [&hellip;]<\/p>\n","protected":false},"author":9,"featured_media":721,"parent":0,"menu_order":0,"comment_status":"closed","ping_status":"closed","template":"","meta":{"_bbp_topic_count":0,"_bbp_reply_count":0,"_bbp_total_topic_count":0,"_bbp_total_reply_count":0,"_bbp_voice_count":0,"_bbp_anonymous_reply_count":0,"_bbp_topic_count_hidden":0,"_bbp_reply_count_hidden":0,"_bbp_forum_subforum_count":0,"inline_featured_image":false,"footnotes":""},"class_list":["post-1405","page","type-page","status-publish","has-post-thumbnail","hentry"],"yoast_head":"<!-- This site is optimized with the Yoast SEO plugin v20.10 - https:\/\/yoast.com\/wordpress\/plugins\/seo\/ -->\n<title>An\u00fancios de Pesquisa: Or\u00e7amento - Shown Blog<\/title>\n<meta name=\"robots\" content=\"index, follow, max-snippet:-1, max-image-preview:large, max-video-preview:-1\" \/>\n<link rel=\"canonical\" href=\"https:\/\/shown.io\/blog\/?page_id=1405&lang=pt\" \/>\n<meta property=\"og:locale\" content=\"en_US\" \/>\n<meta property=\"og:type\" content=\"article\" \/>\n<meta property=\"og:title\" content=\"An\u00fancios de Pesquisa: Or\u00e7amento - Shown Blog\" \/>\n<meta property=\"og:description\" content=\"Se voc\u00ea deseja aparecer no topo do Google ou Bing com an\u00fancios pagos, Voc\u00ea dever\u00e1, \u00e9 claro, pagar ao Google ou a Microsoft. Chamamos isso de or\u00e7amento de publicidade. Sim .. nada \u00e9 gratuito no mundo online. (S\u00f3 o nosso plano gratuito \ud83d\ude42 ) Quanto custa aparecer no Google ou Bing para as minhas palavras-chave? [&hellip;]\" \/>\n<meta property=\"og:url\" content=\"https:\/\/shown.io\/blog\/?page_id=1405&amp;lang=pt\" \/>\n<meta property=\"og:site_name\" content=\"Shown Blog\" \/>\n<meta property=\"article:modified_time\" content=\"2020-04-20T01:28:20+00:00\" \/>\n<meta property=\"og:image\" content=\"https:\/\/shown.io\/blog\/wp-content\/uploads\/2020\/04\/Academy_banner_allarticles.png\" \/>\n\t<meta property=\"og:image:width\" content=\"2398\" \/>\n\t<meta property=\"og:image:height\" content=\"636\" \/>\n\t<meta property=\"og:image:type\" content=\"image\/png\" \/>\n<meta name=\"twitter:card\" content=\"summary_large_image\" \/>\n<meta name=\"twitter:label1\" content=\"Est. reading time\" \/>\n\t<meta name=\"twitter:data1\" content=\"2 minutes\" \/>\n<script type=\"application\/ld+json\" class=\"yoast-schema-graph\">{\"@context\":\"https:\/\/schema.org\",\"@graph\":[{\"@type\":\"WebPage\",\"@id\":\"https:\/\/shown.io\/blog\/?page_id=1405&lang=pt\",\"url\":\"https:\/\/shown.io\/blog\/?page_id=1405&lang=pt\",\"name\":\"An\u00fancios de Pesquisa: Or\u00e7amento - Shown Blog\",\"isPartOf\":{\"@id\":\"https:\/\/shown.io\/blog\/#website\"},\"datePublished\":\"2020-04-20T01:06:59+00:00\",\"dateModified\":\"2020-04-20T01:28:20+00:00\",\"breadcrumb\":{\"@id\":\"https:\/\/shown.io\/blog\/?page_id=1405&lang=pt#breadcrumb\"},\"inLanguage\":\"en-US\",\"potentialAction\":[{\"@type\":\"ReadAction\",\"target\":[\"https:\/\/shown.io\/blog\/?page_id=1405&lang=pt\"]}]},{\"@type\":\"BreadcrumbList\",\"@id\":\"https:\/\/shown.io\/blog\/?page_id=1405&lang=pt#breadcrumb\",\"itemListElement\":[{\"@type\":\"ListItem\",\"position\":1,\"name\":\"Home\",\"item\":\"https:\/\/shown.io\/blog\/\"},{\"@type\":\"ListItem\",\"position\":2,\"name\":\"An\u00fancios de Pesquisa: Or\u00e7amento\"}]},{\"@type\":\"WebSite\",\"@id\":\"https:\/\/shown.io\/blog\/#website\",\"url\":\"https:\/\/shown.io\/blog\/\",\"name\":\"Shown Blog\",\"description\":\"A blog about marketing optimization for smart companies\",\"publisher\":{\"@id\":\"https:\/\/shown.io\/blog\/#organization\"},\"potentialAction\":[{\"@type\":\"SearchAction\",\"target\":{\"@type\":\"EntryPoint\",\"urlTemplate\":\"https:\/\/shown.io\/blog\/?s={search_term_string}\"},\"query-input\":\"required name=search_term_string\"}],\"inLanguage\":\"en-US\"},{\"@type\":\"Organization\",\"@id\":\"https:\/\/shown.io\/blog\/#organization\",\"name\":\"Instaon\",\"url\":\"https:\/\/shown.io\/blog\/\",\"logo\":{\"@type\":\"ImageObject\",\"inLanguage\":\"en-US\",\"@id\":\"https:\/\/shown.io\/blog\/#\/schema\/logo\/image\/\",\"url\":\"https:\/\/shown.io\/blog\/wp-content\/uploads\/2020\/06\/Logo_Main_White.png\",\"contentUrl\":\"https:\/\/shown.io\/blog\/wp-content\/uploads\/2020\/06\/Logo_Main_White.png\",\"width\":1024,\"height\":1024,\"caption\":\"Instaon\"},\"image\":{\"@id\":\"https:\/\/shown.io\/blog\/#\/schema\/logo\/image\/\"}}]}<\/script>\n<!-- \/ Yoast SEO plugin. -->","yoast_head_json":{"title":"An\u00fancios de Pesquisa: Or\u00e7amento - Shown Blog","robots":{"index":"index","follow":"follow","max-snippet":"max-snippet:-1","max-image-preview":"max-image-preview:large","max-video-preview":"max-video-preview:-1"},"canonical":"https:\/\/shown.io\/blog\/?page_id=1405&lang=pt","og_locale":"en_US","og_type":"article","og_title":"An\u00fancios de Pesquisa: Or\u00e7amento - Shown Blog","og_description":"Se voc\u00ea deseja aparecer no topo do Google ou Bing com an\u00fancios pagos, Voc\u00ea dever\u00e1, \u00e9 claro, pagar ao Google ou a Microsoft. Chamamos isso de or\u00e7amento de publicidade. Sim .. nada \u00e9 gratuito no mundo online. (S\u00f3 o nosso plano gratuito \ud83d\ude42 ) Quanto custa aparecer no Google ou Bing para as minhas palavras-chave? [&hellip;]","og_url":"https:\/\/shown.io\/blog\/?page_id=1405&lang=pt","og_site_name":"Shown Blog","article_modified_time":"2020-04-20T01:28:20+00:00","og_image":[{"width":2398,"height":636,"url":"https:\/\/shown.io\/blog\/wp-content\/uploads\/2020\/04\/Academy_banner_allarticles.png","type":"image\/png"}],"twitter_card":"summary_large_image","twitter_misc":{"Est. reading time":"2 minutes"},"schema":{"@context":"https:\/\/schema.org","@graph":[{"@type":"WebPage","@id":"https:\/\/shown.io\/blog\/?page_id=1405&lang=pt","url":"https:\/\/shown.io\/blog\/?page_id=1405&lang=pt","name":"An\u00fancios de Pesquisa: Or\u00e7amento - Shown Blog","isPartOf":{"@id":"https:\/\/shown.io\/blog\/#website"},"datePublished":"2020-04-20T01:06:59+00:00","dateModified":"2020-04-20T01:28:20+00:00","breadcrumb":{"@id":"https:\/\/shown.io\/blog\/?page_id=1405&lang=pt#breadcrumb"},"inLanguage":"en-US","potentialAction":[{"@type":"ReadAction","target":["https:\/\/shown.io\/blog\/?page_id=1405&lang=pt"]}]},{"@type":"BreadcrumbList","@id":"https:\/\/shown.io\/blog\/?page_id=1405&lang=pt#breadcrumb","itemListElement":[{"@type":"ListItem","position":1,"name":"Home","item":"https:\/\/shown.io\/blog\/"},{"@type":"ListItem","position":2,"name":"An\u00fancios de Pesquisa: Or\u00e7amento"}]},{"@type":"WebSite","@id":"https:\/\/shown.io\/blog\/#website","url":"https:\/\/shown.io\/blog\/","name":"Shown Blog","description":"A blog about marketing optimization for smart companies","publisher":{"@id":"https:\/\/shown.io\/blog\/#organization"},"potentialAction":[{"@type":"SearchAction","target":{"@type":"EntryPoint","urlTemplate":"https:\/\/shown.io\/blog\/?s={search_term_string}"},"query-input":"required name=search_term_string"}],"inLanguage":"en-US"},{"@type":"Organization","@id":"https:\/\/shown.io\/blog\/#organization","name":"Instaon","url":"https:\/\/shown.io\/blog\/","logo":{"@type":"ImageObject","inLanguage":"en-US","@id":"https:\/\/shown.io\/blog\/#\/schema\/logo\/image\/","url":"https:\/\/shown.io\/blog\/wp-content\/uploads\/2020\/06\/Logo_Main_White.png","contentUrl":"https:\/\/shown.io\/blog\/wp-content\/uploads\/2020\/06\/Logo_Main_White.png","width":1024,"height":1024,"caption":"Instaon"},"image":{"@id":"https:\/\/shown.io\/blog\/#\/schema\/logo\/image\/"}}]}},"_links":{"self":[{"href":"https:\/\/shown.io\/blog\/index.php?rest_route=\/wp\/v2\/pages\/1405","targetHints":{"allow":["GET"]}}],"collection":[{"href":"https:\/\/shown.io\/blog\/index.php?rest_route=\/wp\/v2\/pages"}],"about":[{"href":"https:\/\/shown.io\/blog\/index.php?rest_route=\/wp\/v2\/types\/page"}],"author":[{"embeddable":true,"href":"https:\/\/shown.io\/blog\/index.php?rest_route=\/wp\/v2\/users\/9"}],"replies":[{"embeddable":true,"href":"https:\/\/shown.io\/blog\/index.php?rest_route=%2Fwp%2Fv2%2Fcomments&post=1405"}],"version-history":[{"count":5,"href":"https:\/\/shown.io\/blog\/index.php?rest_route=\/wp\/v2\/pages\/1405\/revisions"}],"predecessor-version":[{"id":1410,"href":"https:\/\/shown.io\/blog\/index.php?rest_route=\/wp\/v2\/pages\/1405\/revisions\/1410"}],"wp:featuredmedia":[{"embeddable":true,"href":"https:\/\/shown.io\/blog\/index.php?rest_route=\/wp\/v2\/media\/721"}],"wp:attachment":[{"href":"https:\/\/shown.io\/blog\/index.php?rest_route=%2Fwp%2Fv2%2Fmedia&parent=1405"}],"curies":[{"name":"wp","href":"https:\/\/api.w.org\/{rel}","templated":true}]}}