{"id":1415,"date":"2020-04-20T01:48:30","date_gmt":"2020-04-20T01:48:30","guid":{"rendered":"https:\/\/instaon.io\/blog\/?page_id=1415"},"modified":"2020-04-20T02:02:13","modified_gmt":"2020-04-20T02:02:13","slug":"anuncios-de-pesquisa-publico-alvo","status":"publish","type":"page","link":"https:\/\/shown.io\/blog\/?page_id=1415&lang=pt","title":{"rendered":"An\u00fancios de Pesquisa: P\u00fablico Alvo."},"content":{"rendered":"\t\t<div data-elementor-type=\"wp-page\" data-elementor-id=\"1415\" class=\"elementor elementor-1415\">\n\t\t\t\t\t\t<div class=\"elementor-inner\">\n\t\t\t\t<div class=\"elementor-section-wrap\">\n\t\t\t\t\t\t\t\t\t<section class=\"elementor-section elementor-top-section elementor-element elementor-element-79e70c1 elementor-section-boxed elementor-section-height-default elementor-section-height-default\" data-id=\"79e70c1\" data-element_type=\"section\">\n\t\t\t\t\t\t<div class=\"elementor-container elementor-column-gap-default\">\n\t\t\t\t\t\t\t<div class=\"elementor-row\">\n\t\t\t\t\t<div class=\"elementor-column elementor-col-100 elementor-top-column elementor-element elementor-element-01829a3\" data-id=\"01829a3\" data-element_type=\"column\">\n\t\t\t<div class=\"elementor-column-wrap elementor-element-populated\">\n\t\t\t\t\t\t\t<div class=\"elementor-widget-wrap\">\n\t\t\t\t\t\t<div class=\"elementor-element elementor-element-e98b4b2 elementor-widget elementor-widget-text-editor\" data-id=\"e98b4b2\" data-element_type=\"widget\" data-widget_type=\"text-editor.default\">\n\t\t\t\t<div class=\"elementor-widget-container\">\n\t\t\t\t\t\t\t\t<div class=\"elementor-text-editor elementor-clearfix\">\n\t\t\t\t<p>Seus an\u00fancios est\u00e3o prontos para publica\u00e7\u00e3o, mas agora voc\u00ea precisa informar ao Google ou Microsoft <b>onde <\/b>deseja aparecer e quem poder\u00e1 v\u00ea-los.<\/p><p>Vamos come\u00e7ar a explorar alguns detalhes da sua segmenta\u00e7\u00e3o. Existem 2 op\u00e7\u00f5es principais ao selecionar a regi\u00e3o dos seus an\u00fancios no Google e Microsoft:<\/p><p>1. Voc\u00ea pode fornecer cidades, prov\u00edncias\/estados ou pa\u00edses:<\/p>\t\t\t\t\t<\/div>\n\t\t\t\t\t\t<\/div>\n\t\t\t\t<\/div>\n\t\t\t\t\t\t<\/div>\n\t\t\t\t\t<\/div>\n\t\t<\/div>\n\t\t\t\t\t\t\t\t<\/div>\n\t\t\t\t\t<\/div>\n\t\t<\/section>\n\t\t\t\t<section class=\"elementor-section elementor-top-section elementor-element elementor-element-d9031ae elementor-section-boxed elementor-section-height-default elementor-section-height-default\" data-id=\"d9031ae\" data-element_type=\"section\">\n\t\t\t\t\t\t<div class=\"elementor-container elementor-column-gap-default\">\n\t\t\t\t\t\t\t<div class=\"elementor-row\">\n\t\t\t\t\t<div class=\"elementor-column elementor-col-100 elementor-top-column elementor-element elementor-element-a4385d4\" data-id=\"a4385d4\" data-element_type=\"column\">\n\t\t\t<div class=\"elementor-column-wrap elementor-element-populated\">\n\t\t\t\t\t\t\t<div class=\"elementor-widget-wrap\">\n\t\t\t\t\t\t<div class=\"elementor-element elementor-element-8f36ebe elementor-widget elementor-widget-image\" data-id=\"8f36ebe\" data-element_type=\"widget\" data-widget_type=\"image.default\">\n\t\t\t\t<div class=\"elementor-widget-container\">\n\t\t\t\t\t\t\t\t<div class=\"elementor-image\">\n\t\t\t\t\t\t\t\t\t\t\t\t<img loading=\"lazy\" decoding=\"async\" width=\"796\" height=\"261\" src=\"https:\/\/shown.io\/blog\/wp-content\/uploads\/2020\/04\/targetaudiene-1.png\" class=\"attachment-large size-large wp-image-844\" alt=\"\" srcset=\"https:\/\/shown.io\/blog\/wp-content\/uploads\/2020\/04\/targetaudiene-1.png 796w, https:\/\/shown.io\/blog\/wp-content\/uploads\/2020\/04\/targetaudiene-1-300x98.png 300w, https:\/\/shown.io\/blog\/wp-content\/uploads\/2020\/04\/targetaudiene-1-768x252.png 768w\" sizes=\"auto, (max-width: 796px) 100vw, 796px\" \/>\t\t\t\t\t\t\t\t\t\t\t\t\t\t<\/div>\n\t\t\t\t\t\t<\/div>\n\t\t\t\t<\/div>\n\t\t\t\t\t\t<\/div>\n\t\t\t\t\t<\/div>\n\t\t<\/div>\n\t\t\t\t\t\t\t\t<\/div>\n\t\t\t\t\t<\/div>\n\t\t<\/section>\n\t\t\t\t<section class=\"elementor-section elementor-top-section elementor-element elementor-element-a914f46 elementor-section-boxed elementor-section-height-default elementor-section-height-default\" data-id=\"a914f46\" data-element_type=\"section\">\n\t\t\t\t\t\t<div class=\"elementor-container elementor-column-gap-default\">\n\t\t\t\t\t\t\t<div class=\"elementor-row\">\n\t\t\t\t\t<div class=\"elementor-column elementor-col-100 elementor-top-column elementor-element elementor-element-a1586c3\" data-id=\"a1586c3\" data-element_type=\"column\">\n\t\t\t<div class=\"elementor-column-wrap elementor-element-populated\">\n\t\t\t\t\t\t\t<div class=\"elementor-widget-wrap\">\n\t\t\t\t\t\t<div class=\"elementor-element elementor-element-a1ac095 elementor-widget elementor-widget-text-editor\" data-id=\"a1ac095\" data-element_type=\"widget\" data-widget_type=\"text-editor.default\">\n\t\t\t\t<div class=\"elementor-widget-container\">\n\t\t\t\t\t\t\t\t<div class=\"elementor-text-editor elementor-clearfix\">\n\t\t\t\t<p>Essa \u00e9 a configura\u00e7\u00e3o mais usada e se aplica \u00e0 maioria das empresas. O que voc\u00ea precisa considerar aqui \u00e9 o seguinte:<\/p><ul><li>Se seu or\u00e7amento de publicidade for pequeno (&lt;1000 $ \/ m\u00eas), n\u00e3o tente\u00a0 cobrir um pa\u00eds inteiro, concentre-se em uma \u00e1rea menor (por exemplo uma cidade).<\/li><li>Se seu servi\u00e7o \u00e9 sens\u00edvel \u00e0 localiza\u00e7\u00e3o em outros pa\u00edses \/ regi\u00f5es, inclua sua localiza\u00e7\u00e3o nas palavras-chave selecionadas. (consulte a se\u00e7\u00e3o de palavras-chave)<\/li><\/ul><p><em style=\"font-size: 1.125rem;\">Exemplo:<\/em><\/p><p>Se voc\u00ea oferece passeios tur\u00edsticos em uma determinada cidade (exemplo; Paris) e deseja anunciar em outros pa\u00edses, inclua a cidade (+ paris) nas palavras-chave selecionadas<\/p><p>2. Voc\u00ea pode fornecer o endere\u00e7o da sua empresa e definir um raio de x km \/ milhas em torno dele.<\/p>\t\t\t\t\t<\/div>\n\t\t\t\t\t\t<\/div>\n\t\t\t\t<\/div>\n\t\t\t\t\t\t<\/div>\n\t\t\t\t\t<\/div>\n\t\t<\/div>\n\t\t\t\t\t\t\t\t<\/div>\n\t\t\t\t\t<\/div>\n\t\t<\/section>\n\t\t\t\t<section class=\"elementor-section elementor-top-section elementor-element elementor-element-0bbad80 elementor-section-boxed elementor-section-height-default elementor-section-height-default\" data-id=\"0bbad80\" data-element_type=\"section\">\n\t\t\t\t\t\t<div class=\"elementor-container elementor-column-gap-default\">\n\t\t\t\t\t\t\t<div class=\"elementor-row\">\n\t\t\t\t\t<div class=\"elementor-column elementor-col-100 elementor-top-column elementor-element elementor-element-b90cc86\" data-id=\"b90cc86\" data-element_type=\"column\">\n\t\t\t<div class=\"elementor-column-wrap elementor-element-populated\">\n\t\t\t\t\t\t\t<div class=\"elementor-widget-wrap\">\n\t\t\t\t\t\t<div class=\"elementor-element elementor-element-7c454d9 elementor-widget elementor-widget-image\" data-id=\"7c454d9\" data-element_type=\"widget\" data-widget_type=\"image.default\">\n\t\t\t\t<div class=\"elementor-widget-container\">\n\t\t\t\t\t\t\t\t<div class=\"elementor-image\">\n\t\t\t\t\t\t\t\t\t\t\t\t<img loading=\"lazy\" decoding=\"async\" width=\"677\" height=\"293\" src=\"https:\/\/shown.io\/blog\/wp-content\/uploads\/2020\/04\/radiustargeting-1.png\" class=\"attachment-large size-large wp-image-845\" alt=\"\" srcset=\"https:\/\/shown.io\/blog\/wp-content\/uploads\/2020\/04\/radiustargeting-1.png 677w, https:\/\/shown.io\/blog\/wp-content\/uploads\/2020\/04\/radiustargeting-1-300x130.png 300w\" sizes=\"auto, (max-width: 677px) 100vw, 677px\" \/>\t\t\t\t\t\t\t\t\t\t\t\t\t\t<\/div>\n\t\t\t\t\t\t<\/div>\n\t\t\t\t<\/div>\n\t\t\t\t\t\t<\/div>\n\t\t\t\t\t<\/div>\n\t\t<\/div>\n\t\t\t\t\t\t\t\t<\/div>\n\t\t\t\t\t<\/div>\n\t\t<\/section>\n\t\t\t\t<section class=\"elementor-section elementor-top-section elementor-element elementor-element-3283611 elementor-section-boxed elementor-section-height-default elementor-section-height-default\" data-id=\"3283611\" data-element_type=\"section\">\n\t\t\t\t\t\t<div class=\"elementor-container elementor-column-gap-default\">\n\t\t\t\t\t\t\t<div class=\"elementor-row\">\n\t\t\t\t\t<div class=\"elementor-column elementor-col-100 elementor-top-column elementor-element elementor-element-78507a4\" data-id=\"78507a4\" data-element_type=\"column\">\n\t\t\t<div class=\"elementor-column-wrap elementor-element-populated\">\n\t\t\t\t\t\t\t<div class=\"elementor-widget-wrap\">\n\t\t\t\t\t\t<div class=\"elementor-element elementor-element-24d4f0d elementor-widget elementor-widget-text-editor\" data-id=\"24d4f0d\" data-element_type=\"widget\" data-widget_type=\"text-editor.default\">\n\t\t\t\t<div class=\"elementor-widget-container\">\n\t\t\t\t\t\t\t\t<div class=\"elementor-text-editor elementor-clearfix\">\n\t\t\t\t<p>Essa configura\u00e7\u00e3o de regi\u00e3o \u00e9 interessante para empresas locais que procuram novos visitantes pessoalmente. Na Instaon, cobrimos essa meta com a op\u00e7\u00e3o &#8220;Visitantes locais&#8221;.<\/p><p>A id\u00e9ia \u00e9 colocar o endere\u00e7o da sua empresa em um determinado raio (por exemplo, 4 milhas \/ km). Como resultado, somente usu\u00e1rios a uma dist\u00e2ncia razo\u00e1vel de sua loja poder\u00e3o ver seus an\u00fancios. (e depois ir at\u00e9 sua loja pessoalmente para comprar seu produto \/ servi\u00e7o)<\/p><p>Voc\u00ea visualizar\u00e1 a \u00e1rea coberta e o alcance estimado ap\u00f3s a sua sele\u00e7\u00e3o. Lembre-se de ter um volume alcal\u00e7ado suficiente. Colocar menos de 3 milhas \/ km como configura\u00e7\u00e3o, geralmente leva a poucos cliques e desempenhos ruins (a n\u00e3o ser que sua empresa esteja localizada na Time Square)<\/p><p>\u00a0<\/p>\t\t\t\t\t<\/div>\n\t\t\t\t\t\t<\/div>\n\t\t\t\t<\/div>\n\t\t\t\t\t\t<\/div>\n\t\t\t\t\t<\/div>\n\t\t<\/div>\n\t\t\t\t\t\t\t\t<\/div>\n\t\t\t\t\t<\/div>\n\t\t<\/section>\n\t\t\t\t\t\t\t\t\t<\/div>\n\t\t\t<\/div>\n\t\t\t\t\t<\/div>\n\t\t","protected":false},"excerpt":{"rendered":"<p>Seus an\u00fancios est\u00e3o prontos para publica\u00e7\u00e3o, mas agora voc\u00ea precisa informar ao Google ou Microsoft onde deseja aparecer e quem poder\u00e1 v\u00ea-los. Vamos come\u00e7ar a explorar alguns detalhes da sua segmenta\u00e7\u00e3o. Existem 2 op\u00e7\u00f5es principais ao selecionar a regi\u00e3o dos seus an\u00fancios no Google e Microsoft: 1. Voc\u00ea pode fornecer cidades, prov\u00edncias\/estados ou pa\u00edses: Essa [&hellip;]<\/p>\n","protected":false},"author":9,"featured_media":721,"parent":0,"menu_order":0,"comment_status":"closed","ping_status":"closed","template":"","meta":{"_bbp_topic_count":0,"_bbp_reply_count":0,"_bbp_total_topic_count":0,"_bbp_total_reply_count":0,"_bbp_voice_count":0,"_bbp_anonymous_reply_count":0,"_bbp_topic_count_hidden":0,"_bbp_reply_count_hidden":0,"_bbp_forum_subforum_count":0,"inline_featured_image":false,"footnotes":""},"class_list":["post-1415","page","type-page","status-publish","has-post-thumbnail","hentry"],"yoast_head":"<!-- This site is optimized with the Yoast SEO plugin v20.10 - https:\/\/yoast.com\/wordpress\/plugins\/seo\/ -->\n<title>An\u00fancios de Pesquisa: P\u00fablico Alvo. - Shown Blog<\/title>\n<meta name=\"robots\" content=\"index, follow, max-snippet:-1, max-image-preview:large, max-video-preview:-1\" \/>\n<link rel=\"canonical\" href=\"https:\/\/shown.io\/blog\/?page_id=1415&lang=pt\" \/>\n<meta property=\"og:locale\" content=\"en_US\" \/>\n<meta property=\"og:type\" content=\"article\" \/>\n<meta property=\"og:title\" content=\"An\u00fancios de Pesquisa: P\u00fablico Alvo. - Shown Blog\" \/>\n<meta property=\"og:description\" content=\"Seus an\u00fancios est\u00e3o prontos para publica\u00e7\u00e3o, mas agora voc\u00ea precisa informar ao Google ou Microsoft onde deseja aparecer e quem poder\u00e1 v\u00ea-los. Vamos come\u00e7ar a explorar alguns detalhes da sua segmenta\u00e7\u00e3o. Existem 2 op\u00e7\u00f5es principais ao selecionar a regi\u00e3o dos seus an\u00fancios no Google e Microsoft: 1. Voc\u00ea pode fornecer cidades, prov\u00edncias\/estados ou pa\u00edses: Essa [&hellip;]\" \/>\n<meta property=\"og:url\" content=\"https:\/\/shown.io\/blog\/?page_id=1415&amp;lang=pt\" \/>\n<meta property=\"og:site_name\" content=\"Shown Blog\" \/>\n<meta property=\"article:modified_time\" content=\"2020-04-20T02:02:13+00:00\" \/>\n<meta property=\"og:image\" content=\"https:\/\/shown.io\/blog\/wp-content\/uploads\/2020\/04\/Academy_banner_allarticles.png\" \/>\n\t<meta property=\"og:image:width\" content=\"2398\" \/>\n\t<meta property=\"og:image:height\" content=\"636\" \/>\n\t<meta property=\"og:image:type\" content=\"image\/png\" \/>\n<meta name=\"twitter:card\" content=\"summary_large_image\" \/>\n<meta name=\"twitter:label1\" content=\"Est. reading time\" \/>\n\t<meta name=\"twitter:data1\" content=\"2 minutes\" \/>\n<script type=\"application\/ld+json\" class=\"yoast-schema-graph\">{\"@context\":\"https:\/\/schema.org\",\"@graph\":[{\"@type\":\"WebPage\",\"@id\":\"https:\/\/shown.io\/blog\/?page_id=1415&lang=pt\",\"url\":\"https:\/\/shown.io\/blog\/?page_id=1415&lang=pt\",\"name\":\"An\u00fancios de Pesquisa: P\u00fablico Alvo. - Shown Blog\",\"isPartOf\":{\"@id\":\"https:\/\/shown.io\/blog\/#website\"},\"datePublished\":\"2020-04-20T01:48:30+00:00\",\"dateModified\":\"2020-04-20T02:02:13+00:00\",\"breadcrumb\":{\"@id\":\"https:\/\/shown.io\/blog\/?page_id=1415&lang=pt#breadcrumb\"},\"inLanguage\":\"en-US\",\"potentialAction\":[{\"@type\":\"ReadAction\",\"target\":[\"https:\/\/shown.io\/blog\/?page_id=1415&lang=pt\"]}]},{\"@type\":\"BreadcrumbList\",\"@id\":\"https:\/\/shown.io\/blog\/?page_id=1415&lang=pt#breadcrumb\",\"itemListElement\":[{\"@type\":\"ListItem\",\"position\":1,\"name\":\"Home\",\"item\":\"https:\/\/shown.io\/blog\/\"},{\"@type\":\"ListItem\",\"position\":2,\"name\":\"An\u00fancios de Pesquisa: P\u00fablico Alvo.\"}]},{\"@type\":\"WebSite\",\"@id\":\"https:\/\/shown.io\/blog\/#website\",\"url\":\"https:\/\/shown.io\/blog\/\",\"name\":\"Shown Blog\",\"description\":\"A blog about marketing optimization for smart companies\",\"publisher\":{\"@id\":\"https:\/\/shown.io\/blog\/#organization\"},\"potentialAction\":[{\"@type\":\"SearchAction\",\"target\":{\"@type\":\"EntryPoint\",\"urlTemplate\":\"https:\/\/shown.io\/blog\/?s={search_term_string}\"},\"query-input\":\"required name=search_term_string\"}],\"inLanguage\":\"en-US\"},{\"@type\":\"Organization\",\"@id\":\"https:\/\/shown.io\/blog\/#organization\",\"name\":\"Instaon\",\"url\":\"https:\/\/shown.io\/blog\/\",\"logo\":{\"@type\":\"ImageObject\",\"inLanguage\":\"en-US\",\"@id\":\"https:\/\/shown.io\/blog\/#\/schema\/logo\/image\/\",\"url\":\"https:\/\/shown.io\/blog\/wp-content\/uploads\/2020\/06\/Logo_Main_White.png\",\"contentUrl\":\"https:\/\/shown.io\/blog\/wp-content\/uploads\/2020\/06\/Logo_Main_White.png\",\"width\":1024,\"height\":1024,\"caption\":\"Instaon\"},\"image\":{\"@id\":\"https:\/\/shown.io\/blog\/#\/schema\/logo\/image\/\"}}]}<\/script>\n<!-- \/ Yoast SEO plugin. -->","yoast_head_json":{"title":"An\u00fancios de Pesquisa: P\u00fablico Alvo. - Shown Blog","robots":{"index":"index","follow":"follow","max-snippet":"max-snippet:-1","max-image-preview":"max-image-preview:large","max-video-preview":"max-video-preview:-1"},"canonical":"https:\/\/shown.io\/blog\/?page_id=1415&lang=pt","og_locale":"en_US","og_type":"article","og_title":"An\u00fancios de Pesquisa: P\u00fablico Alvo. - Shown Blog","og_description":"Seus an\u00fancios est\u00e3o prontos para publica\u00e7\u00e3o, mas agora voc\u00ea precisa informar ao Google ou Microsoft onde deseja aparecer e quem poder\u00e1 v\u00ea-los. Vamos come\u00e7ar a explorar alguns detalhes da sua segmenta\u00e7\u00e3o. Existem 2 op\u00e7\u00f5es principais ao selecionar a regi\u00e3o dos seus an\u00fancios no Google e Microsoft: 1. Voc\u00ea pode fornecer cidades, prov\u00edncias\/estados ou pa\u00edses: Essa [&hellip;]","og_url":"https:\/\/shown.io\/blog\/?page_id=1415&lang=pt","og_site_name":"Shown Blog","article_modified_time":"2020-04-20T02:02:13+00:00","og_image":[{"width":2398,"height":636,"url":"https:\/\/shown.io\/blog\/wp-content\/uploads\/2020\/04\/Academy_banner_allarticles.png","type":"image\/png"}],"twitter_card":"summary_large_image","twitter_misc":{"Est. reading time":"2 minutes"},"schema":{"@context":"https:\/\/schema.org","@graph":[{"@type":"WebPage","@id":"https:\/\/shown.io\/blog\/?page_id=1415&lang=pt","url":"https:\/\/shown.io\/blog\/?page_id=1415&lang=pt","name":"An\u00fancios de Pesquisa: P\u00fablico Alvo. - Shown Blog","isPartOf":{"@id":"https:\/\/shown.io\/blog\/#website"},"datePublished":"2020-04-20T01:48:30+00:00","dateModified":"2020-04-20T02:02:13+00:00","breadcrumb":{"@id":"https:\/\/shown.io\/blog\/?page_id=1415&lang=pt#breadcrumb"},"inLanguage":"en-US","potentialAction":[{"@type":"ReadAction","target":["https:\/\/shown.io\/blog\/?page_id=1415&lang=pt"]}]},{"@type":"BreadcrumbList","@id":"https:\/\/shown.io\/blog\/?page_id=1415&lang=pt#breadcrumb","itemListElement":[{"@type":"ListItem","position":1,"name":"Home","item":"https:\/\/shown.io\/blog\/"},{"@type":"ListItem","position":2,"name":"An\u00fancios de Pesquisa: P\u00fablico Alvo."}]},{"@type":"WebSite","@id":"https:\/\/shown.io\/blog\/#website","url":"https:\/\/shown.io\/blog\/","name":"Shown Blog","description":"A blog about marketing optimization for smart companies","publisher":{"@id":"https:\/\/shown.io\/blog\/#organization"},"potentialAction":[{"@type":"SearchAction","target":{"@type":"EntryPoint","urlTemplate":"https:\/\/shown.io\/blog\/?s={search_term_string}"},"query-input":"required name=search_term_string"}],"inLanguage":"en-US"},{"@type":"Organization","@id":"https:\/\/shown.io\/blog\/#organization","name":"Instaon","url":"https:\/\/shown.io\/blog\/","logo":{"@type":"ImageObject","inLanguage":"en-US","@id":"https:\/\/shown.io\/blog\/#\/schema\/logo\/image\/","url":"https:\/\/shown.io\/blog\/wp-content\/uploads\/2020\/06\/Logo_Main_White.png","contentUrl":"https:\/\/shown.io\/blog\/wp-content\/uploads\/2020\/06\/Logo_Main_White.png","width":1024,"height":1024,"caption":"Instaon"},"image":{"@id":"https:\/\/shown.io\/blog\/#\/schema\/logo\/image\/"}}]}},"_links":{"self":[{"href":"https:\/\/shown.io\/blog\/index.php?rest_route=\/wp\/v2\/pages\/1415","targetHints":{"allow":["GET"]}}],"collection":[{"href":"https:\/\/shown.io\/blog\/index.php?rest_route=\/wp\/v2\/pages"}],"about":[{"href":"https:\/\/shown.io\/blog\/index.php?rest_route=\/wp\/v2\/types\/page"}],"author":[{"embeddable":true,"href":"https:\/\/shown.io\/blog\/index.php?rest_route=\/wp\/v2\/users\/9"}],"replies":[{"embeddable":true,"href":"https:\/\/shown.io\/blog\/index.php?rest_route=%2Fwp%2Fv2%2Fcomments&post=1415"}],"version-history":[{"count":3,"href":"https:\/\/shown.io\/blog\/index.php?rest_route=\/wp\/v2\/pages\/1415\/revisions"}],"predecessor-version":[{"id":1422,"href":"https:\/\/shown.io\/blog\/index.php?rest_route=\/wp\/v2\/pages\/1415\/revisions\/1422"}],"wp:featuredmedia":[{"embeddable":true,"href":"https:\/\/shown.io\/blog\/index.php?rest_route=\/wp\/v2\/media\/721"}],"wp:attachment":[{"href":"https:\/\/shown.io\/blog\/index.php?rest_route=%2Fwp%2Fv2%2Fmedia&parent=1415"}],"curies":[{"name":"wp","href":"https:\/\/api.w.org\/{rel}","templated":true}]}}