{"id":1445,"date":"2020-04-20T20:37:07","date_gmt":"2020-04-20T20:37:07","guid":{"rendered":"https:\/\/instaon.io\/blog\/?page_id=1445"},"modified":"2020-04-20T20:48:45","modified_gmt":"2020-04-20T20:48:45","slug":"genel-metrikler","status":"publish","type":"page","link":"https:\/\/shown.io\/blog\/?page_id=1445&lang=tr","title":{"rendered":"Genel Metrikler"},"content":{"rendered":"\t\t<div data-elementor-type=\"wp-page\" data-elementor-id=\"1445\" class=\"elementor elementor-1445\">\n\t\t\t\t\t\t<div class=\"elementor-inner\">\n\t\t\t\t<div class=\"elementor-section-wrap\">\n\t\t\t\t\t\t\t\t\t<section class=\"elementor-section elementor-top-section elementor-element elementor-element-bd86b0c elementor-section-boxed elementor-section-height-default elementor-section-height-default\" data-id=\"bd86b0c\" data-element_type=\"section\">\n\t\t\t\t\t\t<div class=\"elementor-container elementor-column-gap-default\">\n\t\t\t\t\t\t\t<div class=\"elementor-row\">\n\t\t\t\t\t<div class=\"elementor-column elementor-col-100 elementor-top-column elementor-element elementor-element-73b90f0\" data-id=\"73b90f0\" data-element_type=\"column\">\n\t\t\t<div class=\"elementor-column-wrap elementor-element-populated\">\n\t\t\t\t\t\t\t<div class=\"elementor-widget-wrap\">\n\t\t\t\t\t\t<div class=\"elementor-element elementor-element-5fda492 elementor-widget elementor-widget-text-editor\" data-id=\"5fda492\" data-element_type=\"widget\" data-widget_type=\"text-editor.default\">\n\t\t\t\t<div class=\"elementor-widget-container\">\n\t\t\t\t\t\t\t\t<div class=\"elementor-text-editor elementor-clearfix\">\n\t\t\t\t<p>G\u00f6sterge panelinizin en \u00fcst\u00fcnde kampanyan\u0131zla ilgili ana metrikleri bulacaks\u0131n\u0131z. Reklam hedeflerinize g\u00f6re de\u011fi\u015fiklik g\u00f6sterebilirler.<\/p>\t\t\t\t\t<\/div>\n\t\t\t\t\t\t<\/div>\n\t\t\t\t<\/div>\n\t\t\t\t\t\t<\/div>\n\t\t\t\t\t<\/div>\n\t\t<\/div>\n\t\t\t\t\t\t\t\t<\/div>\n\t\t\t\t\t<\/div>\n\t\t<\/section>\n\t\t\t\t<section class=\"elementor-section elementor-top-section elementor-element elementor-element-984eede elementor-section-boxed elementor-section-height-default elementor-section-height-default\" data-id=\"984eede\" data-element_type=\"section\">\n\t\t\t\t\t\t<div class=\"elementor-container elementor-column-gap-default\">\n\t\t\t\t\t\t\t<div class=\"elementor-row\">\n\t\t\t\t\t<div class=\"elementor-column elementor-col-100 elementor-top-column elementor-element elementor-element-a9696d2\" data-id=\"a9696d2\" data-element_type=\"column\">\n\t\t\t<div class=\"elementor-column-wrap elementor-element-populated\">\n\t\t\t\t\t\t\t<div class=\"elementor-widget-wrap\">\n\t\t\t\t\t\t<div class=\"elementor-element elementor-element-0ac3227 elementor-widget elementor-widget-image\" data-id=\"0ac3227\" data-element_type=\"widget\" data-widget_type=\"image.default\">\n\t\t\t\t<div class=\"elementor-widget-container\">\n\t\t\t\t\t\t\t\t<div class=\"elementor-image\">\n\t\t\t\t\t\t\t\t\t\t\t\t<img loading=\"lazy\" decoding=\"async\" width=\"1024\" height=\"290\" src=\"https:\/\/shown.io\/blog\/wp-content\/uploads\/2020\/04\/metrics-1024x290.png\" class=\"attachment-large size-large wp-image-682\" alt=\"\" srcset=\"https:\/\/shown.io\/blog\/wp-content\/uploads\/2020\/04\/metrics-1024x290.png 1024w, https:\/\/shown.io\/blog\/wp-content\/uploads\/2020\/04\/metrics-300x85.png 300w, https:\/\/shown.io\/blog\/wp-content\/uploads\/2020\/04\/metrics-768x217.png 768w, https:\/\/shown.io\/blog\/wp-content\/uploads\/2020\/04\/metrics-1536x435.png 1536w, https:\/\/shown.io\/blog\/wp-content\/uploads\/2020\/04\/metrics-2048x579.png 2048w\" sizes=\"auto, (max-width: 1024px) 100vw, 1024px\" \/>\t\t\t\t\t\t\t\t\t\t\t\t\t\t<\/div>\n\t\t\t\t\t\t<\/div>\n\t\t\t\t<\/div>\n\t\t\t\t\t\t<\/div>\n\t\t\t\t\t<\/div>\n\t\t<\/div>\n\t\t\t\t\t\t\t\t<\/div>\n\t\t\t\t\t<\/div>\n\t\t<\/section>\n\t\t\t\t<section class=\"elementor-section elementor-top-section elementor-element elementor-element-cd65948 elementor-section-boxed elementor-section-height-default elementor-section-height-default\" data-id=\"cd65948\" data-element_type=\"section\">\n\t\t\t\t\t\t<div class=\"elementor-container elementor-column-gap-default\">\n\t\t\t\t\t\t\t<div class=\"elementor-row\">\n\t\t\t\t\t<div class=\"elementor-column elementor-col-100 elementor-top-column elementor-element elementor-element-7d08cc4\" data-id=\"7d08cc4\" data-element_type=\"column\">\n\t\t\t<div class=\"elementor-column-wrap elementor-element-populated\">\n\t\t\t\t\t\t\t<div class=\"elementor-widget-wrap\">\n\t\t\t\t\t\t<div class=\"elementor-element elementor-element-00c5296 elementor-widget elementor-widget-text-editor\" data-id=\"00c5296\" data-element_type=\"widget\" data-widget_type=\"text-editor.default\">\n\t\t\t\t<div class=\"elementor-widget-container\">\n\t\t\t\t\t\t\t\t<div class=\"elementor-text-editor elementor-clearfix\">\n\t\t\t\t<p><b>G\u00f6sterimler: <\/b><span style=\"font-size: 1.125rem;\">G\u00f6sterim, reklam\u0131n\u0131z\u0131n se\u00e7ti\u011finiz kanalda (\u00f6rne\u011fin Google, Bing veya Facebook)\u00a0 g\u00f6sterilmesi demektir.\u00a0<\/span><\/p><p><b>T\u0131klamalar:<\/b>\u00a0Birileri reklamlar\u0131n\u0131za her t\u0131klad\u0131\u011f\u0131nda bir t\u0131klama say\u0131l\u0131r. E\u011fer birisi \u00e7ilingir aramas\u0131 yapar, sizin reklam\u0131n\u0131z orada g\u00f6sterilir ve bu ki\u015fi reklam\u0131n\u0131za t\u0131klay\u0131p sitenize giderse bu bir t\u0131klama olarak say\u0131l\u0131r.\u00a0<span style=\"font-size: 1.125rem;\"><br \/><\/span><\/p><p><b>Telefon aramalar\u0131:<\/b>\u00a0Instaon sayesinde ka\u00e7 kere potansiyel m\u00fc\u015fterilerinizden telefon aramas\u0131 ald\u0131\u011f\u0131n\u0131z\u0131 g\u00f6sterir.\u00a0<\/p><p><b>Potansiyel m\u00fc\u015fteriler:<\/b>\u00a0Instaon reklamlar\u0131n\u0131zla (e-posta veya Facebook) kazand\u0131\u011f\u0131n\u0131z yeni potansiyel m\u00fc\u015fteri say\u0131s\u0131d\u0131r.\u00a0<\/p><p><b>\u00c7evrimi\u00e7i Sat\u0131\u015flar:\u00a0<\/b>Instaon reklamlar\u0131n\u0131zla e-ticaret sitenizden yap\u0131lan sat\u0131\u015flar\u0131n say\u0131s\u0131d\u0131r.\u00a0<\/p><p><span style=\"font-weight: 600;\" data-token-index=\"0\" data-reactroot=\"\">Bu metrikler size nas\u0131l yard\u0131m edecek?<\/span>\u00a0Zaman zaman gelin ve y\u00fckseli\u015f olup olmad\u0131\u011f\u0131n\u0131 kontrol edin. E\u011fer y\u00fckseliyorlarsa bu her \u015feyin m\u00fckemmel ilerledi\u011fi anlam\u0131na gelir. Bu s\u0131rada Instaon bu metrikleri y\u00fckseltmek ve size daha fazla m\u00fc\u015fteri kazand\u0131rmak i\u00e7in otomatik optimizasyon ger\u00e7ekle\u015ftirir.<\/p><p>Daha detayl\u0131 metrikler i\u00e7in &#8220;kampanyalar&#8221; sekmesine gitmeniz gereklidir.<\/p><p>\u00a0<\/p>\t\t\t\t\t<\/div>\n\t\t\t\t\t\t<\/div>\n\t\t\t\t<\/div>\n\t\t\t\t\t\t<\/div>\n\t\t\t\t\t<\/div>\n\t\t<\/div>\n\t\t\t\t\t\t\t\t<\/div>\n\t\t\t\t\t<\/div>\n\t\t<\/section>\n\t\t\t\t\t\t\t\t\t<\/div>\n\t\t\t<\/div>\n\t\t\t\t\t<\/div>\n\t\t","protected":false},"excerpt":{"rendered":"<p>G\u00f6sterge panelinizin en \u00fcst\u00fcnde kampanyan\u0131zla ilgili ana metrikleri bulacaks\u0131n\u0131z. Reklam hedeflerinize g\u00f6re de\u011fi\u015fiklik g\u00f6sterebilirler. G\u00f6sterimler: G\u00f6sterim, reklam\u0131n\u0131z\u0131n se\u00e7ti\u011finiz kanalda (\u00f6rne\u011fin Google, Bing veya Facebook)\u00a0 g\u00f6sterilmesi demektir. T\u0131klamalar:\u00a0Birileri reklamlar\u0131n\u0131za her t\u0131klad\u0131\u011f\u0131nda bir t\u0131klama say\u0131l\u0131r. E\u011fer birisi \u00e7ilingir aramas\u0131 yapar, sizin reklam\u0131n\u0131z orada g\u00f6sterilir ve bu ki\u015fi reklam\u0131n\u0131za t\u0131klay\u0131p sitenize giderse bu bir t\u0131klama olarak say\u0131l\u0131r. Telefon [&hellip;]<\/p>\n","protected":false},"author":7,"featured_media":721,"parent":0,"menu_order":0,"comment_status":"closed","ping_status":"closed","template":"","meta":{"_bbp_topic_count":0,"_bbp_reply_count":0,"_bbp_total_topic_count":0,"_bbp_total_reply_count":0,"_bbp_voice_count":0,"_bbp_anonymous_reply_count":0,"_bbp_topic_count_hidden":0,"_bbp_reply_count_hidden":0,"_bbp_forum_subforum_count":0,"inline_featured_image":false,"footnotes":""},"class_list":["post-1445","page","type-page","status-publish","has-post-thumbnail","hentry"],"yoast_head":"<!-- This site is optimized with the Yoast SEO plugin v20.10 - https:\/\/yoast.com\/wordpress\/plugins\/seo\/ -->\n<title>Genel Metrikler - Shown Blog<\/title>\n<meta name=\"description\" content=\"G\u00f6sterge panelinizin en \u00fcst\u00fcnde kampanyan\u0131zla ilgili ana metrikleri bulacaks\u0131n\u0131z. Reklam hedeflerinize g\u00f6re de\u011fi\u015fiklik g\u00f6sterebilirler.\" \/>\n<meta name=\"robots\" content=\"index, follow, max-snippet:-1, max-image-preview:large, max-video-preview:-1\" \/>\n<link rel=\"canonical\" href=\"https:\/\/shown.io\/blog\/?page_id=1445&lang=tr\" \/>\n<meta property=\"og:locale\" content=\"en_US\" \/>\n<meta property=\"og:type\" content=\"article\" \/>\n<meta property=\"og:title\" content=\"Genel Metrikler - Shown Blog\" \/>\n<meta property=\"og:description\" content=\"G\u00f6sterge panelinizin en \u00fcst\u00fcnde kampanyan\u0131zla ilgili ana metrikleri bulacaks\u0131n\u0131z. Reklam hedeflerinize g\u00f6re de\u011fi\u015fiklik g\u00f6sterebilirler.\" \/>\n<meta property=\"og:url\" content=\"https:\/\/shown.io\/blog\/?page_id=1445&amp;lang=tr\" \/>\n<meta property=\"og:site_name\" content=\"Shown Blog\" \/>\n<meta property=\"article:modified_time\" content=\"2020-04-20T20:48:45+00:00\" \/>\n<meta property=\"og:image\" content=\"https:\/\/shown.io\/blog\/wp-content\/uploads\/2020\/04\/Academy_banner_allarticles.png\" \/>\n\t<meta property=\"og:image:width\" content=\"2398\" \/>\n\t<meta property=\"og:image:height\" content=\"636\" \/>\n\t<meta property=\"og:image:type\" content=\"image\/png\" \/>\n<meta name=\"twitter:card\" content=\"summary_large_image\" \/>\n<meta name=\"twitter:label1\" content=\"Est. reading time\" \/>\n\t<meta name=\"twitter:data1\" content=\"1 minute\" \/>\n<script type=\"application\/ld+json\" class=\"yoast-schema-graph\">{\"@context\":\"https:\/\/schema.org\",\"@graph\":[{\"@type\":\"WebPage\",\"@id\":\"https:\/\/shown.io\/blog\/?page_id=1445&lang=tr\",\"url\":\"https:\/\/shown.io\/blog\/?page_id=1445&lang=tr\",\"name\":\"Genel Metrikler - Shown Blog\",\"isPartOf\":{\"@id\":\"https:\/\/shown.io\/blog\/#website\"},\"datePublished\":\"2020-04-20T20:37:07+00:00\",\"dateModified\":\"2020-04-20T20:48:45+00:00\",\"description\":\"G\u00f6sterge panelinizin en \u00fcst\u00fcnde kampanyan\u0131zla ilgili ana metrikleri bulacaks\u0131n\u0131z. Reklam hedeflerinize g\u00f6re de\u011fi\u015fiklik g\u00f6sterebilirler.\",\"breadcrumb\":{\"@id\":\"https:\/\/shown.io\/blog\/?page_id=1445&lang=tr#breadcrumb\"},\"inLanguage\":\"en-US\",\"potentialAction\":[{\"@type\":\"ReadAction\",\"target\":[\"https:\/\/shown.io\/blog\/?page_id=1445&lang=tr\"]}]},{\"@type\":\"BreadcrumbList\",\"@id\":\"https:\/\/shown.io\/blog\/?page_id=1445&lang=tr#breadcrumb\",\"itemListElement\":[{\"@type\":\"ListItem\",\"position\":1,\"name\":\"Home\",\"item\":\"https:\/\/shown.io\/blog\/\"},{\"@type\":\"ListItem\",\"position\":2,\"name\":\"Genel Metrikler\"}]},{\"@type\":\"WebSite\",\"@id\":\"https:\/\/shown.io\/blog\/#website\",\"url\":\"https:\/\/shown.io\/blog\/\",\"name\":\"Shown Blog\",\"description\":\"A blog about marketing optimization for smart companies\",\"publisher\":{\"@id\":\"https:\/\/shown.io\/blog\/#organization\"},\"potentialAction\":[{\"@type\":\"SearchAction\",\"target\":{\"@type\":\"EntryPoint\",\"urlTemplate\":\"https:\/\/shown.io\/blog\/?s={search_term_string}\"},\"query-input\":\"required name=search_term_string\"}],\"inLanguage\":\"en-US\"},{\"@type\":\"Organization\",\"@id\":\"https:\/\/shown.io\/blog\/#organization\",\"name\":\"Instaon\",\"url\":\"https:\/\/shown.io\/blog\/\",\"logo\":{\"@type\":\"ImageObject\",\"inLanguage\":\"en-US\",\"@id\":\"https:\/\/shown.io\/blog\/#\/schema\/logo\/image\/\",\"url\":\"https:\/\/shown.io\/blog\/wp-content\/uploads\/2020\/06\/Logo_Main_White.png\",\"contentUrl\":\"https:\/\/shown.io\/blog\/wp-content\/uploads\/2020\/06\/Logo_Main_White.png\",\"width\":1024,\"height\":1024,\"caption\":\"Instaon\"},\"image\":{\"@id\":\"https:\/\/shown.io\/blog\/#\/schema\/logo\/image\/\"}}]}<\/script>\n<!-- \/ Yoast SEO plugin. -->","yoast_head_json":{"title":"Genel Metrikler - Shown Blog","description":"G\u00f6sterge panelinizin en \u00fcst\u00fcnde kampanyan\u0131zla ilgili ana metrikleri bulacaks\u0131n\u0131z. Reklam hedeflerinize g\u00f6re de\u011fi\u015fiklik g\u00f6sterebilirler.","robots":{"index":"index","follow":"follow","max-snippet":"max-snippet:-1","max-image-preview":"max-image-preview:large","max-video-preview":"max-video-preview:-1"},"canonical":"https:\/\/shown.io\/blog\/?page_id=1445&lang=tr","og_locale":"en_US","og_type":"article","og_title":"Genel Metrikler - Shown Blog","og_description":"G\u00f6sterge panelinizin en \u00fcst\u00fcnde kampanyan\u0131zla ilgili ana metrikleri bulacaks\u0131n\u0131z. Reklam hedeflerinize g\u00f6re de\u011fi\u015fiklik g\u00f6sterebilirler.","og_url":"https:\/\/shown.io\/blog\/?page_id=1445&lang=tr","og_site_name":"Shown Blog","article_modified_time":"2020-04-20T20:48:45+00:00","og_image":[{"width":2398,"height":636,"url":"https:\/\/shown.io\/blog\/wp-content\/uploads\/2020\/04\/Academy_banner_allarticles.png","type":"image\/png"}],"twitter_card":"summary_large_image","twitter_misc":{"Est. reading time":"1 minute"},"schema":{"@context":"https:\/\/schema.org","@graph":[{"@type":"WebPage","@id":"https:\/\/shown.io\/blog\/?page_id=1445&lang=tr","url":"https:\/\/shown.io\/blog\/?page_id=1445&lang=tr","name":"Genel Metrikler - Shown Blog","isPartOf":{"@id":"https:\/\/shown.io\/blog\/#website"},"datePublished":"2020-04-20T20:37:07+00:00","dateModified":"2020-04-20T20:48:45+00:00","description":"G\u00f6sterge panelinizin en \u00fcst\u00fcnde kampanyan\u0131zla ilgili ana metrikleri bulacaks\u0131n\u0131z. Reklam hedeflerinize g\u00f6re de\u011fi\u015fiklik g\u00f6sterebilirler.","breadcrumb":{"@id":"https:\/\/shown.io\/blog\/?page_id=1445&lang=tr#breadcrumb"},"inLanguage":"en-US","potentialAction":[{"@type":"ReadAction","target":["https:\/\/shown.io\/blog\/?page_id=1445&lang=tr"]}]},{"@type":"BreadcrumbList","@id":"https:\/\/shown.io\/blog\/?page_id=1445&lang=tr#breadcrumb","itemListElement":[{"@type":"ListItem","position":1,"name":"Home","item":"https:\/\/shown.io\/blog\/"},{"@type":"ListItem","position":2,"name":"Genel Metrikler"}]},{"@type":"WebSite","@id":"https:\/\/shown.io\/blog\/#website","url":"https:\/\/shown.io\/blog\/","name":"Shown Blog","description":"A blog about marketing optimization for smart companies","publisher":{"@id":"https:\/\/shown.io\/blog\/#organization"},"potentialAction":[{"@type":"SearchAction","target":{"@type":"EntryPoint","urlTemplate":"https:\/\/shown.io\/blog\/?s={search_term_string}"},"query-input":"required name=search_term_string"}],"inLanguage":"en-US"},{"@type":"Organization","@id":"https:\/\/shown.io\/blog\/#organization","name":"Instaon","url":"https:\/\/shown.io\/blog\/","logo":{"@type":"ImageObject","inLanguage":"en-US","@id":"https:\/\/shown.io\/blog\/#\/schema\/logo\/image\/","url":"https:\/\/shown.io\/blog\/wp-content\/uploads\/2020\/06\/Logo_Main_White.png","contentUrl":"https:\/\/shown.io\/blog\/wp-content\/uploads\/2020\/06\/Logo_Main_White.png","width":1024,"height":1024,"caption":"Instaon"},"image":{"@id":"https:\/\/shown.io\/blog\/#\/schema\/logo\/image\/"}}]}},"_links":{"self":[{"href":"https:\/\/shown.io\/blog\/index.php?rest_route=\/wp\/v2\/pages\/1445","targetHints":{"allow":["GET"]}}],"collection":[{"href":"https:\/\/shown.io\/blog\/index.php?rest_route=\/wp\/v2\/pages"}],"about":[{"href":"https:\/\/shown.io\/blog\/index.php?rest_route=\/wp\/v2\/types\/page"}],"author":[{"embeddable":true,"href":"https:\/\/shown.io\/blog\/index.php?rest_route=\/wp\/v2\/users\/7"}],"replies":[{"embeddable":true,"href":"https:\/\/shown.io\/blog\/index.php?rest_route=%2Fwp%2Fv2%2Fcomments&post=1445"}],"version-history":[{"count":3,"href":"https:\/\/shown.io\/blog\/index.php?rest_route=\/wp\/v2\/pages\/1445\/revisions"}],"predecessor-version":[{"id":1449,"href":"https:\/\/shown.io\/blog\/index.php?rest_route=\/wp\/v2\/pages\/1445\/revisions\/1449"}],"wp:featuredmedia":[{"embeddable":true,"href":"https:\/\/shown.io\/blog\/index.php?rest_route=\/wp\/v2\/media\/721"}],"wp:attachment":[{"href":"https:\/\/shown.io\/blog\/index.php?rest_route=%2Fwp%2Fv2%2Fmedia&parent=1445"}],"curies":[{"name":"wp","href":"https:\/\/api.w.org\/{rel}","templated":true}]}}